{"id":8034,"date":"2021-08-24T11:47:06","date_gmt":"2021-08-24T09:47:06","guid":{"rendered":"https:\/\/yabune-home.hu\/?page_id=8034"},"modified":"2024-01-28T20:06:31","modified_gmt":"2024-01-28T19:06:31","slug":"okos-arnyekolas","status":"publish","type":"page","link":"https:\/\/yabune-home.hu\/en\/okos-arnyekolas\/","title":{"rendered":"Smart shading"},"content":{"rendered":"<div data-elementor-type=\"wp-page\" data-elementor-id=\"8034\" class=\"elementor elementor-8034\" data-elementor-post-type=\"page\">\n\t\t\t\t\t\t<section class=\"elementor-section elementor-top-section elementor-element elementor-element-4a41d996 elementor-section-boxed elementor-section-height-default elementor-section-height-default\" data-id=\"4a41d996\" data-element_type=\"section\" data-e-type=\"section\">\n\t\t\t\t\t\t<div class=\"elementor-container elementor-column-gap-default\">\n\t\t\t\t\t<div class=\"elementor-column elementor-col-100 elementor-top-column elementor-element elementor-element-723d7441\" data-id=\"723d7441\" data-element_type=\"column\" data-e-type=\"column\">\n\t\t\t<div class=\"elementor-widget-wrap elementor-element-populated\">\n\t\t\t\t\t\t<div class=\"elementor-element elementor-element-abe46c4 elementor-widget elementor-widget-image\" data-id=\"abe46c4\" data-element_type=\"widget\" data-e-type=\"widget\" data-widget_type=\"image.default\">\n\t\t\t\t<div class=\"elementor-widget-container\">\n\t\t\t\t\t\t\t\t\t\t\t\t\t\t\t<img fetchpriority=\"high\" decoding=\"async\" width=\"1024\" height=\"683\" src=\"https:\/\/yabune-home.hu\/wp-content\/uploads\/2022\/07\/okos_arnyekolas-1-1024x683.jpg\" class=\"attachment-large size-large wp-image-12126\" alt=\"\" srcset=\"https:\/\/yabune-home.hu\/wp-content\/uploads\/2022\/07\/okos_arnyekolas-1-1024x683.jpg 1024w, https:\/\/yabune-home.hu\/wp-content\/uploads\/2022\/07\/okos_arnyekolas-1-300x200.jpg 300w, https:\/\/yabune-home.hu\/wp-content\/uploads\/2022\/07\/okos_arnyekolas-1-768x512.jpg 768w, https:\/\/yabune-home.hu\/wp-content\/uploads\/2022\/07\/okos_arnyekolas-1-1536x1024.jpg 1536w, https:\/\/yabune-home.hu\/wp-content\/uploads\/2022\/07\/okos_arnyekolas-1.jpg 1920w\" sizes=\"(max-width: 1024px) 100vw, 1024px\" \/>\t\t\t\t\t\t\t\t\t\t\t\t\t\t\t<\/div>\n\t\t\t\t<\/div>\n\t\t\t\t<div class=\"elementor-element elementor-element-47a26ced elementor-widget elementor-widget-text-editor\" data-id=\"47a26ced\" data-element_type=\"widget\" data-e-type=\"widget\" data-widget_type=\"text-editor.default\">\n\t\t\t\t<div class=\"elementor-widget-container\">\n\t\t\t\t\t\t\t\t\t<p><strong style=\"color: #363636; font-family: Catamaran; font-size: 3em;\">\u00a0<\/strong><\/p><p><strong style=\"color: #363636; font-family: Catamaran; font-size: 3em;\">Smart shading<\/strong><\/p><p><span style=\"font-weight: 400;\">Egy okosotthonban red\u0151nyeink k\u00e9t fontos feladatot l\u00e1tnak el: \u00e1rny\u00e9kol\u00e1s \u00e9s biztons\u00e1gtechnika. A Yabune Home Okosotthon rendszerben az egym\u00e1ssal kommunik\u00e1l\u00f3 eszk\u00f6z\u00f6k a legmagasabb komfort- \u00e9s biztons\u00e1gi elv\u00e1r\u00e1soknak is megfelelnek.<\/span><\/p><p><span style=\"font-weight: 400;\">A Yabune Home Okosotthon automatiz\u00e1ci\u00f3val egyszer\u0171en kezelhet\u0151 komplex rendszereket telep\u00edt\u00fcnk. Ez\u00e1ltal a j\u00f3l be\u00e1ll\u00edtott okos \u00e1rny\u00e9kol\u00e1s az al\u00e1bbi el\u0151ny\u00f6ket ny\u00fajtja:<\/span><\/p><ul><li style=\"font-weight: 400;\"><span style=\"font-weight: 400;\">Otthonunk h\u0171t\u00e9s-f\u0171t\u00e9si ig\u00e9nyeit optim\u00e1lisan szab\u00e1lyozva p\u00e9nzt \u00e9s energi\u00e1t sp\u00f3rolhatunk.<\/span><\/li><li style=\"font-weight: 400;\"><span style=\"font-weight: 400;\">Az okos \u00e1rny\u00e9kol\u00e1s \u00f6\u00f6szehangolhat\u00f3 m\u00e1s biztons\u00e1gi rendszerekkel (riaszt\u00f3, kamera, sz\u00e9nmonoxid \u00e9rz\u00e9kel\u0151).<\/span><\/li><li style=\"font-weight: 400;\"><span style=\"font-weight: 400;\">\u00a0<\/span><span style=\"font-weight: 400;\">Amennyiben megv\u00e1ltozik az red\u0151ny\u00f6k \u00e1llapota, vagy a rendszer illet\u00e9ktelen behatol\u00e1st \u00e9rz\u00e9kel, elind\u00edthatjuk a riaszt\u00f3berendez\u00e9st.<\/span><\/li><li style=\"font-weight: 400;\"><span style=\"font-weight: 400;\">A k\u00f6zponti egys\u00e9g seg\u00edts\u00e9g\u00e9vel egy fel\u00fcletr\u0151l vez\u00e9relhetj\u00fck az \u00f6sszes eszk\u00f6zt; ak\u00e1r egyetlen gombnyom\u00e1ssal, ak\u00e1r hangutas\u00edt\u00e1ssal.<\/span><\/li><li style=\"font-weight: 400;\"><span style=\"font-weight: 400;\">Az okos red\u0151ny\u00f6k k\u00e9tir\u00e1ny\u00fa kommunik\u00e1ci\u00f3val rendelkeznek. Ennek k\u00f6sz\u00f6nhet\u0151en prec\u00edzen \u00e1ll\u00edthat\u00f3, hogy a red\u0151ny mennyire legyen le- illetve felh\u00fazva.<\/span><\/li><\/ul><p><span style=\"font-weight: 400;\">A Yabune Home Okosotthon rendszer egyik legn\u00e9pszer\u0171bb eszk\u00f6ze a<\/span> <a href=\"https:\/\/yabune-home.com\/portfolio\/okos-kapcsolo\/\"><span style=\"font-weight: 400;\">Shelly okos kapcsol\u00f3<\/span><\/a> <span style=\"font-weight: 400;\">. Seg\u00edts\u00e9g\u00e9vel red\u0151ny\u00fcnket k\u00f6nnyed\u00e9n \u00e1talak\u00edthatjuk, hogy t\u00e1mogassa a k\u00e9tir\u00e1ny\u00fa kommunik\u00e1ci\u00f3t. Kiemelt figyelmet ford\u00edtunk a <\/span><a href=\"https:\/\/www.somfy.hu\/\"><span style=\"font-weight: 400;\">Somfy<\/span><\/a> <span style=\"font-weight: 400;\">\u00e9s a<\/span> <a href=\"http:\/\/www.smart-home.hu\/\"><span style=\"font-weight: 400;\">SmartHome<\/span><\/a> <span style=\"font-weight: 400;\">red\u0151nyeire. Ennek eredm\u00e9nyek\u00e9nt hat\u00e9konyan tudjuk az eszk\u00f6z\u00f6ket integr\u00e1lni. \u00cdgy sz\u00e1mos extra funkci\u00f3hoz juthatunk; tov\u00e1bb\u00e1 komplex automatiz\u00e1ci\u00f3kat fogalmazhatunk meg:<\/span><\/p><ul><li style=\"font-weight: 400;\"><span style=\"font-weight: 400;\">Az okos \u00e1rny\u00e9kol\u00e1s t\u00e1mogatja az id\u0151szab\u00e1lyoz\u00e1st. Ek\u00e9pp be\u00e1ll\u00edthatjuk, hogy egy el\u0151re meghat\u00e1rozott id\u0151pontban (p\u00e9ld\u00e1ul otthonunk elhagy\u00e1sakor) a rendszer leh\u00fazza az \u00f6sszes red\u0151nyt. Meg\u00e9rkez\u00e9skor pedig ugyan\u00edgy felh\u00fazhatjuk \u0151ket.<\/span><\/li><li style=\"font-weight: 400;\"><span style=\"font-weight: 400;\">A nap \u00e1ll\u00e1s\u00e1nak megfelel\u0151en \u00e1ll\u00edthatjuk automatikusan a red\u0151ny\u00f6ket. \u00cdgy jav\u00edthatjuk az adott helyis\u00e9g f\u0171t\u00e9s-h\u0171t\u00e9s \u00e9rt\u00e9keit.<\/span><\/li><li style=\"font-weight: 400;\"><span style=\"font-weight: 400;\">Sz\u00e9nmonoxid riaszt\u00e1s eset\u00e9n a rendszer automatikusan felh\u00fazza az \u00f6sszes red\u0151nyt.<\/span><\/li><li style=\"font-weight: 400;\"><span style=\"font-weight: 400;\">A h\u00e1zimozi funkci\u00f3 elind\u00edt\u00e1s\u00e1val egy gombnyom\u00e1ssal filmn\u00e9z\u00e9shez ide\u00e1lis k\u00f6rnyezetet teremthet\u00fcnk.<\/span><\/li><\/ul><p><span style=\"font-weight: 400;\">N\u00e9zd meg, hogy <\/span><a href=\"https:\/\/yabune-home.hu\/en\/egy-polgari-lakas-felujitasa-okosotthon-rendszer-beepitesevel\/\"><span style=\"font-weight: 400;\">Anna \u00e9s Tam\u00e1s hogyan oldott\u00e1k meg otthonukban az okos \u00e1rny\u00e9kol\u00e1s k\u00e9rd\u00e9s\u00e9t<\/span><\/a><span style=\"font-weight: 400;\">!<\/span><\/p><h4>\u00a0<\/h4><h4 style=\"text-align: center;\"><strong>\u00c9rdekel az okos \u00e1rny\u00e9kol\u00e1s? Ha v\u00e1laszod IGEN, akkor keress minket, t\u00f6ltsd ki az \u0171rlapot \u00e9s k\u00e9rj visszah\u00edv\u00e1st!<\/strong><\/h4><div class=\"wpcf7 no-js\" id=\"wpcf7-f14035-o1\" lang=\"en-US\" dir=\"ltr\" data-wpcf7-id=\"14035\">\n<div class=\"screen-reader-response\"><p role=\"status\" aria-live=\"polite\" aria-atomic=\"true\"><\/p> <ul><\/ul><\/div>\n<form action=\"\/en\/wp-json\/wp\/v2\/pages\/8034#wpcf7-f14035-o1\" method=\"post\" class=\"wpcf7-form init\" aria-label=\"Contact form\" novalidate=\"novalidate\" data-status=\"init\" data-trp-original-action=\"\/en\/wp-json\/wp\/v2\/pages\/8034#wpcf7-f14035-o1\">\n<fieldset class=\"hidden-fields-container\"><input type=\"hidden\" name=\"_wpcf7\" value=\"14035\" \/><input type=\"hidden\" name=\"_wpcf7_version\" value=\"6.1.5\" \/><input type=\"hidden\" name=\"_wpcf7_locale\" value=\"en_US\" \/><input type=\"hidden\" name=\"_wpcf7_unit_tag\" value=\"wpcf7-f14035-o1\" \/><input type=\"hidden\" name=\"_wpcf7_container_post\" value=\"0\" \/><input type=\"hidden\" name=\"_wpcf7_posted_data_hash\" value=\"\" \/><input type=\"hidden\" name=\"_wpcf7_recaptcha_response\" value=\"\" \/>\n<\/fieldset>\n<p><label> Name: *<br \/>\n<span class=\"wpcf7-form-control-wrap\" data-name=\"your-name\"><input size=\"40\" maxlength=\"400\" class=\"wpcf7-form-control wpcf7-text wpcf7-validates-as-required\" aria-required=\"true\" aria-invalid=\"false\" value=\"\" type=\"text\" name=\"your-name\" \/><\/span> <\/label>\n<\/p>\n<p><label> Email: *<br \/>\n<span class=\"wpcf7-form-control-wrap\" data-name=\"your-email\"><input size=\"40\" maxlength=\"400\" class=\"wpcf7-form-control wpcf7-email wpcf7-validates-as-required wpcf7-text wpcf7-validates-as-email\" aria-required=\"true\" aria-invalid=\"false\" value=\"\" type=\"email\" name=\"your-email\" \/><\/span> <\/label>\n<\/p>\n<p><label> Phone Number:* (Example: 06301234567)<br \/>\n<span class=\"wpcf7-form-control-wrap\" data-name=\"tel-262\"><input size=\"40\" maxlength=\"12\" minlength=\"11\" class=\"wpcf7-form-control wpcf7-tel wpcf7-validates-as-required wpcf7-text wpcf7-validates-as-tel\" aria-required=\"true\" aria-invalid=\"false\" value=\"\" type=\"tel\" name=\"tel-262\" \/><\/span> <\/label>\n<\/p>\n<p><label> Ir\u00e1ny\u00edt\u00f3sz\u00e1m: (projekt helysz\u00edn)<br \/>\n<span class=\"wpcf7-form-control-wrap\" data-name=\"iranyitoszam\"><input class=\"wpcf7-form-control wpcf7-number wpcf7-validates-as-number\" aria-invalid=\"false\" value=\"\" type=\"number\" name=\"iranyitoszam\" \/><\/span> <\/label>\n<\/p>\n<p><label> V\u00e1ros: (projekt helysz\u00edn)<br \/>\n<span class=\"wpcf7-form-control-wrap\" data-name=\"cim\"><input size=\"40\" maxlength=\"400\" class=\"wpcf7-form-control wpcf7-text\" aria-invalid=\"false\" value=\"\" type=\"text\" name=\"cim\" \/><\/span> <\/label>\n<\/p>\n<p><label> Utca, h\u00e1zsz\u00e1m: (projekt helysz\u00edn)<br \/>\n<span class=\"wpcf7-form-control-wrap\" data-name=\"utca\"><input size=\"40\" maxlength=\"400\" class=\"wpcf7-form-control wpcf7-text\" aria-invalid=\"false\" value=\"\" type=\"text\" name=\"utca\" \/><\/span> <\/label>\n<\/p>\n<p><label> Solutions You\u2019re Interested In: (You can select more than one) <\/label><br \/>\n<span class=\"wpcf7-form-control-wrap\" data-name=\"megoldasok\"><select class=\"wpcf7-form-control wpcf7-select wpcf7-validates-as-required\" aria-required=\"true\" aria-invalid=\"false\" multiple=\"multiple\" name=\"megoldasok[]\"><option value=\"Smart Residence\">Smart Residence<\/option><option value=\"Okos \u00c1rny\u00e9kol\u00e1s\">Smart Shading<\/option><option value=\"Okos H\u0171t\u00e9s-F\u0171t\u00e9s\">Smart Heating-Cooling<\/option><option value=\"Okos Vil\u00e1g\u00edt\u00e1s\">Smart Lighting<\/option><option value=\"Okos Kert\">Smart Garden<\/option><option value=\"Okos Energiafelhaszn\u00e1l\u00e1s\">Smart Energy Use<\/option><option value=\"Okos Fel\u00fcgyelet\">Smart Supervision<\/option><option value=\"Okos H\u00e1ztart\u00e1si Eszk\u00f6z\u00f6k\">Smart Household Appliances<\/option><option value=\"Okosotthon \u00c9l\u0151 Tesztszoba\">Smart Home Live Test Room<\/option><\/select><\/span>\n<\/p>\n<p><label> When Would You Like to Install Your Smart Home System? <\/label><br \/>\n<span class=\"wpcf7-form-control-wrap\" data-name=\"igenyles\"><select class=\"wpcf7-form-control wpcf7-select wpcf7-validates-as-required\" aria-required=\"true\" aria-invalid=\"false\" name=\"igenyles\"><option value=\"Azonnal\">Immediately<\/option><option value=\"P\u00e1r h\u00e9ten bel\u00fcl\">In a couple of weeks<\/option><option value=\"1 - 2 h\u00f3napon bel\u00fcl\">In 1-2 months<\/option><option value=\"2 - 4 h\u00f3napon bel\u00fcl\">2 &#8211; 4 h\u00f3napon bel\u00fcl<\/option><option value=\"T\u00f6bb, mint 4 h\u00f3nap m\u00falva\">In more than 4 months<\/option><\/select><\/span>\n<\/p>\n<p><label> How Did You Hear About Us? <\/label><br \/>\n<span class=\"wpcf7-form-control-wrap\" data-name=\"forras\"><select class=\"wpcf7-form-control wpcf7-select wpcf7-validates-as-required\" aria-required=\"true\" aria-invalid=\"false\" name=\"forras\"><option value=\"Facebook\">Facebook<\/option><option value=\"K\u00f6mkel Podcast\">K\u00f6mkel Podcast<\/option><option value=\"OkosOtthon Labor Podcast\">OkosOtthon Labor Podcast<\/option><option value=\"Google\">Google<\/option><option value=\"Ismer\u0151s aj\u00e1nl\u00e1sa\">From Friends<\/option><option value=\"Egy\u00e9b\">Other<\/option><\/select><\/span>\n<\/p>\n<p><label> Do You Have Your Own Idea? Write to Us! <\/label><br \/>\n<span class=\"wpcf7-form-control-wrap\" data-name=\"otlet\"><textarea cols=\"40\" rows=\"10\" maxlength=\"2000\" class=\"wpcf7-form-control wpcf7-textarea\" aria-invalid=\"false\" name=\"otlet\"><\/textarea><\/span>\n<\/p>\n<p><span class=\"wpcf7-form-control-wrap\" data-name=\"privacy-policy\"><span class=\"wpcf7-form-control wpcf7-acceptance optional\"><span class=\"wpcf7-list-item\"><label class=\"translation-block\"><span class=\"wpcf7-form-control-wrap\" data-name=\"privacy-policy\"><span class=\"wpcf7-form-control wpcf7-acceptance\"><span class=\"wpcf7-list-item\"><label><span class=\"wpcf7-list-item-label\">I accept the <a href=\"https:\/\/yabune-home.hu\/en\/adatvedelem-ugyfel\/\" target=\"_self\">Privacy Notice and Information on the Processing of Personal Data<\/a><\/span><\/label><\/span><\/span><\/span><\/label><\/span><\/span><\/span>\n<\/p>\n<p><input class=\"wpcf7-form-control wpcf7-submit has-spinner\" type=\"submit\" value=\"Let&#039;s talk!\" \/>\n<\/p><div class=\"wpcf7-response-output\" aria-hidden=\"true\"><\/div>\n<input type=\"hidden\" name=\"trp-form-language\" value=\"en\"\/><\/form>\n<\/div>\t\t\t\t\t\t\t\t<\/div>\n\t\t\t\t<\/div>\n\t\t\t\t\t<\/div>\n\t\t<\/div>\n\t\t\t\t\t<\/div>\n\t\t<\/section>\n\t\t\t\t<\/div>","protected":false},"excerpt":{"rendered":"<p>Az okos f\u0171t\u00e9s-h\u0171t\u00e9s integr\u00e1ci\u00f3ja a Yabune Home seg\u00edts\u00e9g\u00e9vel.<\/p>","protected":false},"author":13,"featured_media":5662,"parent":0,"menu_order":0,"comment_status":"closed","ping_status":"closed","template":"","meta":{"_monsterinsights_skip_tracking":false,"_monsterinsights_sitenote_active":false,"_monsterinsights_sitenote_note":"","_monsterinsights_sitenote_category":0,"_uf_show_specific_survey":0,"_uf_disable_surveys":false,"footnotes":""},"class_list":["post-8034","page","type-page","status-publish","has-post-thumbnail","hentry"],"yoast_head":"<!-- This site is optimized with the Yoast SEO Premium plugin v21.3 (Yoast SEO v27.3) - https:\/\/yoast.com\/product\/yoast-seo-premium-wordpress\/ -->\n<title>Okos \u00e1rny\u00e9kol\u00e1s | Komfort \u00e9s biztons\u00e1g egyben | Yabune<\/title>\n<meta name=\"description\" content=\"A Yabune seg\u00edts\u00e9g\u00e9vel k\u00f6sse \u00f6ssze okos red\u0151nyeit f\u0171t\u00e9s\u00e9vel, vagy \u00e9pp biztons\u00e1gi rendszer\u00e9vel komfortos lak\u00e1sa mindig biztons\u00e1gban lesz.\" \/>\n<meta name=\"robots\" content=\"index, follow, max-snippet:-1, max-image-preview:large, max-video-preview:-1\" \/>\n<link rel=\"canonical\" href=\"https:\/\/yabune-home.hu\/en\/okos-arnyekolas\/\" \/>\n<meta property=\"og:locale\" content=\"en_US\" \/>\n<meta property=\"og:type\" content=\"article\" \/>\n<meta property=\"og:title\" content=\"Okos \u00e1rny\u00e9kol\u00e1s\" \/>\n<meta property=\"og:description\" content=\"A Yabune seg\u00edts\u00e9g\u00e9vel k\u00f6sse \u00f6ssze okos red\u0151nyeit f\u0171t\u00e9s\u00e9vel, vagy \u00e9pp biztons\u00e1gi rendszer\u00e9vel komfortos lak\u00e1sa mindig biztons\u00e1gban lesz.\" \/>\n<meta property=\"og:url\" content=\"https:\/\/yabune-home.hu\/en\/okos-arnyekolas\/\" \/>\n<meta property=\"og:site_name\" content=\"Yabune\" \/>\n<meta property=\"article:publisher\" content=\"https:\/\/www.facebook.com\/yabunehome\" \/>\n<meta property=\"article:modified_time\" content=\"2024-01-28T19:06:31+00:00\" \/>\n<meta property=\"og:image\" content=\"https:\/\/yabune-home.hu\/wp-content\/uploads\/2020\/09\/kampany_futes_okos_othon.jpg\" \/>\n\t<meta property=\"og:image:width\" content=\"1200\" \/>\n\t<meta property=\"og:image:height\" content=\"628\" \/>\n\t<meta property=\"og:image:type\" content=\"image\/jpeg\" \/>\n<meta name=\"twitter:label1\" content=\"Est. reading time\" \/>\n\t<meta name=\"twitter:data1\" content=\"2 minutes\" \/>\n<script type=\"application\/ld+json\" class=\"yoast-schema-graph\">{\"@context\":\"https:\\\/\\\/schema.org\",\"@graph\":[{\"@type\":\"WebPage\",\"@id\":\"https:\\\/\\\/yabune-home.hu\\\/okos-arnyekolas\\\/\",\"url\":\"https:\\\/\\\/yabune-home.hu\\\/okos-arnyekolas\\\/\",\"name\":\"Okos \u00e1rny\u00e9kol\u00e1s | Komfort \u00e9s biztons\u00e1g egyben | Yabune\",\"isPartOf\":{\"@id\":\"https:\\\/\\\/yabune-home.hu\\\/#website\"},\"primaryImageOfPage\":{\"@id\":\"https:\\\/\\\/yabune-home.hu\\\/okos-arnyekolas\\\/#primaryimage\"},\"image\":{\"@id\":\"https:\\\/\\\/yabune-home.hu\\\/okos-arnyekolas\\\/#primaryimage\"},\"thumbnailUrl\":\"https:\\\/\\\/yabune-home.hu\\\/wp-content\\\/uploads\\\/2020\\\/09\\\/kampany_futes_okos_othon.jpg\",\"datePublished\":\"2021-08-24T09:47:06+00:00\",\"dateModified\":\"2024-01-28T19:06:31+00:00\",\"description\":\"A Yabune seg\u00edts\u00e9g\u00e9vel k\u00f6sse \u00f6ssze okos red\u0151nyeit f\u0171t\u00e9s\u00e9vel, vagy \u00e9pp biztons\u00e1gi rendszer\u00e9vel komfortos lak\u00e1sa mindig biztons\u00e1gban lesz.\",\"breadcrumb\":{\"@id\":\"https:\\\/\\\/yabune-home.hu\\\/okos-arnyekolas\\\/#breadcrumb\"},\"inLanguage\":\"en-US\",\"potentialAction\":[{\"@type\":\"ReadAction\",\"target\":[\"https:\\\/\\\/yabune-home.hu\\\/okos-arnyekolas\\\/\"]}]},{\"@type\":\"ImageObject\",\"inLanguage\":\"en-US\",\"@id\":\"https:\\\/\\\/yabune-home.hu\\\/okos-arnyekolas\\\/#primaryimage\",\"url\":\"https:\\\/\\\/yabune-home.hu\\\/wp-content\\\/uploads\\\/2020\\\/09\\\/kampany_futes_okos_othon.jpg\",\"contentUrl\":\"https:\\\/\\\/yabune-home.hu\\\/wp-content\\\/uploads\\\/2020\\\/09\\\/kampany_futes_okos_othon.jpg\",\"width\":1200,\"height\":628,\"caption\":\"Yabune home okos f\u0171t\u00e9s termoszt\u00e1t\"},{\"@type\":\"BreadcrumbList\",\"@id\":\"https:\\\/\\\/yabune-home.hu\\\/okos-arnyekolas\\\/#breadcrumb\",\"itemListElement\":[{\"@type\":\"ListItem\",\"position\":1,\"name\":\"Home\",\"item\":\"https:\\\/\\\/yabune-home.hu\\\/\"},{\"@type\":\"ListItem\",\"position\":2,\"name\":\"Okos \u00e1rny\u00e9kol\u00e1s\"}]},{\"@type\":\"WebSite\",\"@id\":\"https:\\\/\\\/yabune-home.hu\\\/#website\",\"url\":\"https:\\\/\\\/yabune-home.hu\\\/\",\"name\":\"Yabune\",\"description\":\"Okos rendszerek\",\"publisher\":{\"@id\":\"https:\\\/\\\/yabune-home.hu\\\/#organization\"},\"potentialAction\":[{\"@type\":\"SearchAction\",\"target\":{\"@type\":\"EntryPoint\",\"urlTemplate\":\"https:\\\/\\\/yabune-home.hu\\\/?s={search_term_string}\"},\"query-input\":{\"@type\":\"PropertyValueSpecification\",\"valueRequired\":true,\"valueName\":\"search_term_string\"}}],\"inLanguage\":\"en-US\"},{\"@type\":\"Organization\",\"@id\":\"https:\\\/\\\/yabune-home.hu\\\/#organization\",\"name\":\"Yabune Home\",\"url\":\"https:\\\/\\\/yabune-home.hu\\\/\",\"logo\":{\"@type\":\"ImageObject\",\"inLanguage\":\"en-US\",\"@id\":\"https:\\\/\\\/yabune-home.hu\\\/#\\\/schema\\\/logo\\\/image\\\/\",\"url\":\"https:\\\/\\\/yabune-home.hu\\\/wp-content\\\/uploads\\\/2019\\\/09\\\/magaslogo_szines_128.png\",\"contentUrl\":\"https:\\\/\\\/yabune-home.hu\\\/wp-content\\\/uploads\\\/2019\\\/09\\\/magaslogo_szines_128.png\",\"width\":128,\"height\":72,\"caption\":\"Yabune Home\"},\"image\":{\"@id\":\"https:\\\/\\\/yabune-home.hu\\\/#\\\/schema\\\/logo\\\/image\\\/\"},\"sameAs\":[\"https:\\\/\\\/www.facebook.com\\\/yabunehome\",\"https:\\\/\\\/www.instagram.com\\\/yabune_home\\\/\"]}]}<\/script>\n<!-- \/ Yoast SEO Premium plugin. -->","yoast_head_json":{"title":"Okos \u00e1rny\u00e9kol\u00e1s | Komfort \u00e9s biztons\u00e1g egyben | Yabune","description":"A Yabune seg\u00edts\u00e9g\u00e9vel k\u00f6sse \u00f6ssze okos red\u0151nyeit f\u0171t\u00e9s\u00e9vel, vagy \u00e9pp biztons\u00e1gi rendszer\u00e9vel komfortos lak\u00e1sa mindig biztons\u00e1gban lesz.","robots":{"index":"index","follow":"follow","max-snippet":"max-snippet:-1","max-image-preview":"max-image-preview:large","max-video-preview":"max-video-preview:-1"},"canonical":"https:\/\/yabune-home.hu\/en\/okos-arnyekolas\/","og_locale":"en_US","og_type":"article","og_title":"Okos \u00e1rny\u00e9kol\u00e1s","og_description":"A Yabune seg\u00edts\u00e9g\u00e9vel k\u00f6sse \u00f6ssze okos red\u0151nyeit f\u0171t\u00e9s\u00e9vel, vagy \u00e9pp biztons\u00e1gi rendszer\u00e9vel komfortos lak\u00e1sa mindig biztons\u00e1gban lesz.","og_url":"https:\/\/yabune-home.hu\/en\/okos-arnyekolas\/","og_site_name":"Yabune","article_publisher":"https:\/\/www.facebook.com\/yabunehome","article_modified_time":"2024-01-28T19:06:31+00:00","og_image":[{"width":1200,"height":628,"url":"https:\/\/yabune-home.hu\/wp-content\/uploads\/2020\/09\/kampany_futes_okos_othon.jpg","type":"image\/jpeg"}],"twitter_misc":{"Est. reading time":"2 minutes"},"schema":{"@context":"https:\/\/schema.org","@graph":[{"@type":"WebPage","@id":"https:\/\/yabune-home.hu\/okos-arnyekolas\/","url":"https:\/\/yabune-home.hu\/okos-arnyekolas\/","name":"Okos \u00e1rny\u00e9kol\u00e1s | Komfort \u00e9s biztons\u00e1g egyben | Yabune","isPartOf":{"@id":"https:\/\/yabune-home.hu\/#website"},"primaryImageOfPage":{"@id":"https:\/\/yabune-home.hu\/okos-arnyekolas\/#primaryimage"},"image":{"@id":"https:\/\/yabune-home.hu\/okos-arnyekolas\/#primaryimage"},"thumbnailUrl":"https:\/\/yabune-home.hu\/wp-content\/uploads\/2020\/09\/kampany_futes_okos_othon.jpg","datePublished":"2021-08-24T09:47:06+00:00","dateModified":"2024-01-28T19:06:31+00:00","description":"A Yabune seg\u00edts\u00e9g\u00e9vel k\u00f6sse \u00f6ssze okos red\u0151nyeit f\u0171t\u00e9s\u00e9vel, vagy \u00e9pp biztons\u00e1gi rendszer\u00e9vel komfortos lak\u00e1sa mindig biztons\u00e1gban lesz.","breadcrumb":{"@id":"https:\/\/yabune-home.hu\/okos-arnyekolas\/#breadcrumb"},"inLanguage":"en-US","potentialAction":[{"@type":"ReadAction","target":["https:\/\/yabune-home.hu\/okos-arnyekolas\/"]}]},{"@type":"ImageObject","inLanguage":"en-US","@id":"https:\/\/yabune-home.hu\/okos-arnyekolas\/#primaryimage","url":"https:\/\/yabune-home.hu\/wp-content\/uploads\/2020\/09\/kampany_futes_okos_othon.jpg","contentUrl":"https:\/\/yabune-home.hu\/wp-content\/uploads\/2020\/09\/kampany_futes_okos_othon.jpg","width":1200,"height":628,"caption":"Yabune home okos f\u0171t\u00e9s termoszt\u00e1t"},{"@type":"BreadcrumbList","@id":"https:\/\/yabune-home.hu\/okos-arnyekolas\/#breadcrumb","itemListElement":[{"@type":"ListItem","position":1,"name":"Home","item":"https:\/\/yabune-home.hu\/"},{"@type":"ListItem","position":2,"name":"Okos \u00e1rny\u00e9kol\u00e1s"}]},{"@type":"WebSite","@id":"https:\/\/yabune-home.hu\/#website","url":"https:\/\/yabune-home.hu\/","name":"Yabune","description":"Okos rendszerek","publisher":{"@id":"https:\/\/yabune-home.hu\/#organization"},"potentialAction":[{"@type":"SearchAction","target":{"@type":"EntryPoint","urlTemplate":"https:\/\/yabune-home.hu\/?s={search_term_string}"},"query-input":{"@type":"PropertyValueSpecification","valueRequired":true,"valueName":"search_term_string"}}],"inLanguage":"en-US"},{"@type":"Organization","@id":"https:\/\/yabune-home.hu\/#organization","name":"Yabune Home","url":"https:\/\/yabune-home.hu\/","logo":{"@type":"ImageObject","inLanguage":"en-US","@id":"https:\/\/yabune-home.hu\/#\/schema\/logo\/image\/","url":"https:\/\/yabune-home.hu\/wp-content\/uploads\/2019\/09\/magaslogo_szines_128.png","contentUrl":"https:\/\/yabune-home.hu\/wp-content\/uploads\/2019\/09\/magaslogo_szines_128.png","width":128,"height":72,"caption":"Yabune Home"},"image":{"@id":"https:\/\/yabune-home.hu\/#\/schema\/logo\/image\/"},"sameAs":["https:\/\/www.facebook.com\/yabunehome","https:\/\/www.instagram.com\/yabune_home\/"]}]}},"_links":{"self":[{"href":"https:\/\/yabune-home.hu\/en\/wp-json\/wp\/v2\/pages\/8034","targetHints":{"allow":["GET"]}}],"collection":[{"href":"https:\/\/yabune-home.hu\/en\/wp-json\/wp\/v2\/pages"}],"about":[{"href":"https:\/\/yabune-home.hu\/en\/wp-json\/wp\/v2\/types\/page"}],"author":[{"embeddable":true,"href":"https:\/\/yabune-home.hu\/en\/wp-json\/wp\/v2\/users\/13"}],"replies":[{"embeddable":true,"href":"https:\/\/yabune-home.hu\/en\/wp-json\/wp\/v2\/comments?post=8034"}],"version-history":[{"count":44,"href":"https:\/\/yabune-home.hu\/en\/wp-json\/wp\/v2\/pages\/8034\/revisions"}],"predecessor-version":[{"id":14061,"href":"https:\/\/yabune-home.hu\/en\/wp-json\/wp\/v2\/pages\/8034\/revisions\/14061"}],"wp:featuredmedia":[{"embeddable":true,"href":"https:\/\/yabune-home.hu\/en\/wp-json\/wp\/v2\/media\/5662"}],"wp:attachment":[{"href":"https:\/\/yabune-home.hu\/en\/wp-json\/wp\/v2\/media?parent=8034"}],"curies":[{"name":"wp","href":"https:\/\/api.w.org\/{rel}","templated":true}]}}