{"id":7974,"date":"2021-07-30T10:11:37","date_gmt":"2021-07-30T08:11:37","guid":{"rendered":"https:\/\/yabune-home.hu\/?post_type=cwsportfolio&#038;p=7974"},"modified":"2024-01-28T20:07:30","modified_gmt":"2024-01-28T19:07:30","slug":"okos-futes-hutes","status":"publish","type":"page","link":"https:\/\/yabune-home.hu\/en\/okos-futes-hutes\/","title":{"rendered":"Okos f\u0171t\u00e9s-h\u0171t\u00e9s"},"content":{"rendered":"<div data-elementor-type=\"wp-page\" data-elementor-id=\"7974\" class=\"elementor elementor-7974\" data-elementor-post-type=\"page\">\n\t\t\t\t\t\t<section class=\"elementor-section elementor-top-section elementor-element elementor-element-79f75587 elementor-section-boxed elementor-section-height-default elementor-section-height-default\" data-id=\"79f75587\" data-element_type=\"section\" data-e-type=\"section\">\n\t\t\t\t\t\t<div class=\"elementor-container elementor-column-gap-default\">\n\t\t\t\t\t<div class=\"elementor-column elementor-col-100 elementor-top-column elementor-element elementor-element-1d40e333\" data-id=\"1d40e333\" data-element_type=\"column\" data-e-type=\"column\">\n\t\t\t<div class=\"elementor-widget-wrap elementor-element-populated\">\n\t\t\t\t\t\t<div class=\"elementor-element elementor-element-cc0529b elementor-widget elementor-widget-image\" data-id=\"cc0529b\" data-element_type=\"widget\" data-e-type=\"widget\" data-widget_type=\"image.default\">\n\t\t\t\t<div class=\"elementor-widget-container\">\n\t\t\t\t\t\t\t\t\t\t\t\t\t\t\t<img fetchpriority=\"high\" decoding=\"async\" width=\"1024\" height=\"536\" src=\"https:\/\/yabune-home.hu\/wp-content\/uploads\/2020\/09\/kampany_futes_okos_othon-1024x536.jpg\" class=\"attachment-large size-large wp-image-5662\" alt=\"Yabune home okos f\u0171t\u00e9s termoszt\u00e1t\" srcset=\"https:\/\/yabune-home.hu\/wp-content\/uploads\/2020\/09\/kampany_futes_okos_othon-1024x536.jpg 1024w, https:\/\/yabune-home.hu\/wp-content\/uploads\/2020\/09\/kampany_futes_okos_othon-300x157.jpg 300w, https:\/\/yabune-home.hu\/wp-content\/uploads\/2020\/09\/kampany_futes_okos_othon-768x402.jpg 768w, https:\/\/yabune-home.hu\/wp-content\/uploads\/2020\/09\/kampany_futes_okos_othon-600x314.jpg 600w, https:\/\/yabune-home.hu\/wp-content\/uploads\/2020\/09\/kampany_futes_okos_othon.jpg 1200w\" sizes=\"(max-width: 1024px) 100vw, 1024px\" \/>\t\t\t\t\t\t\t\t\t\t\t\t\t\t\t<\/div>\n\t\t\t\t<\/div>\n\t\t\t\t<div class=\"elementor-element elementor-element-6cad835 elementor-widget elementor-widget-heading\" data-id=\"6cad835\" data-element_type=\"widget\" data-e-type=\"widget\" data-widget_type=\"heading.default\">\n\t\t\t\t<div class=\"elementor-widget-container\">\n\t\t\t\t\t<h2 class=\"elementor-heading-title elementor-size-default\"><br>Okos f\u0171t\u00e9s-h\u0171t\u00e9s<\/h2>\t\t\t\t<\/div>\n\t\t\t\t<\/div>\n\t\t\t\t<div class=\"elementor-element elementor-element-89f62f elementor-widget elementor-widget-text-editor\" data-id=\"89f62f\" data-element_type=\"widget\" data-e-type=\"widget\" data-widget_type=\"text-editor.default\">\n\t\t\t\t<div class=\"elementor-widget-container\">\n\t\t\t\t\t\t\t\t\t<p><span style=\"font-weight: 400;\">Minden okosotthon egyik kritikus eleme az okos f\u0171t\u00e9s-h\u0171t\u00e9s rendszer kialak\u00edt\u00e1sa. Mivel a Yabune Home Okosotthon rendszere gy\u00e1rt\u00f3f\u00fcggetlen, ez\u00e9rt sz\u00e1mos k\u00fcl\u00f6nb\u00f6z\u0151 eszk\u00f6z k\u00f6z\u00fcl v\u00e1laszthatsz. Nem okoz neh\u00e9zs\u00e9get a legk\u00fcl\u00f6nf\u00e9l\u00e9bb megold\u00e1sok integr\u00e1l\u00e1sa: legyen sz\u00f3 b\u00e1rmir\u0151l a split kl\u00edm\u00e1kt\u00f3l kezdve a cirk\u00f3 padl\u00f3\/radi\u00e1tor f\u0171t\u00e9sen \u00e1t, az elektromos infra panelekig.<\/span><\/p><p><span style=\"font-weight: 400;\">A Yabune Home az okos f\u0171t\u00e9s-h\u0171t\u00e9s kialak\u00edt\u00e1sakor k\u00fcl\u00f6n\u00f6s hangs\u00falyt fektet a<\/span> <a href=\"https:\/\/computherm.info\/\"><strong>COMPUTHERM<\/strong><\/a> <span style=\"font-weight: 400;\">(f\u0171t\u00e9s-h\u0171t\u00e9s) <\/span><span style=\"font-weight: 400;\">eszk\u00f6zeire. A Yabune Home seg\u00edts\u00e9g\u00e9vel a <a href=\"https:\/\/computherm.info\/\"><strong>COMPUTHERM<\/strong><\/a>\u00a0 term\u00e9kek \u00e1ltal vez\u00e9relt<\/span><span style=\"font-weight: 400;\"> h\u0171t\u0151-f\u0171t\u0151 berendez\u00e9seket gyerekj\u00e1t\u00e9k haszn\u00e1lni \u00e9s \u00f6sszek\u00f6tni m\u00e1s okos eszk\u00f6zzel.<\/span><\/p><h2>Az okos f\u0171t\u00e9s-h\u0171t\u00e9s vez\u00e9rl\u00e9se<\/h2><p><span style=\"font-weight: 400;\">Az okos f\u0171t\u00e9s-h\u0171t\u00e9s rendszer prec\u00edz vez\u00e9rl\u00e9s\u00e9vel energiatakar\u00e9koss\u00e1, ez\u00e1ltal k\u00f6rnyezetbar\u00e1tt\u00e1 tehetj\u00fck az otthonunkat. K\u00f6nnyed\u00e9n tudjuk szab\u00e1lyozni az egyes helyis\u00e9gek h\u0151m\u00e9rs\u00e9klet\u00e9t: z\u00f3naszab\u00e1lyoz\u00e1snak k\u00f6sz\u00f6nhet\u0151en ak\u00e1r egym\u00e1st\u00f3l f\u00fcggetlen\u00fcl:<\/span><\/p><ul><li style=\"font-weight: 400;\"><span style=\"font-weight: 400;\">Tart\u00f3zkod\u00e1si hely\u00fcnknek megfelel\u0151en vagy el\u0151re be\u00e1ll\u00edtott h\u0151m\u00e9rs\u00e9klet szerint. \u00cdgy mindig a k\u00edv\u00e1nt h\u0151m\u00e9rs\u00e9kletre \u00e9rkezhet\u00fcnk haza otthonunkba an\u00e9lk\u00fcl, hogy eg\u00e9sz nap m\u0171k\u00f6dne a f\u0171t\u00e9s vagy a kl\u00edma.<\/span><\/li><li style=\"font-weight: 400;\"><span style=\"font-weight: 400;\">A k\u00fcls\u0151 h\u0151m\u00e9rs\u00e9klet alapj\u00e1n eld\u00f6nthetj\u00fck, hogy mely berendez\u00e9seket sz\u00fcks\u00e9ges \u00fczemeltetni.<\/span><\/li><\/ul><p><span style=\"font-weight: 400;\">A Yabune Home Okos otthon rendszerrel lehet\u0151v\u00e9 v\u00e1lik, hogy az integr\u00e1lt okos f\u0171t\u00e9s-h\u0171t\u00e9s eszk\u00f6z\u00f6k a lak\u00f3k ig\u00e9nyeinek megfelel\u0151en m\u0171k\u00f6djenek, pazarl\u00e1s vagy hosszas \u00e1ll\u00edtgat\u00e1s n\u00e9lk\u00fcl. Ezzel maxim\u00e1lisra n\u00f6velhetj\u00fck a komfortot, amellett hogy cs\u00f6kkentj\u00fck havi k\u00f6lts\u00e9geinket. \u00d6sszess\u00e9g\u00e9ben, ha belev\u00e1gsz otthonod okos\u00edt\u00e1s\u00e1ba, ez egy kiv\u00e1l\u00f3 \u00e9s egyben hasznos kezdet lehet.<\/span><\/p><p style=\"text-align: center;\"><span style=\"text-decoration: underline;\"><a href=\"https:\/\/yabune-home.hu\/en\/a-legjobbat-a-legkisebbnek-okosotthon-kisbabaval\/\"><strong>N\u00e9zd meg, hogy Zs\u00f3fia \u00e9s P\u00e9ter hogyan biztos\u00edtott\u00e1k az optim\u00e1lis h\u0151m\u00e9rs\u00e9kletet kisgyermek\u00fck sz\u00e1m\u00e1ra!<\/strong><\/a><\/span><\/p><p style=\"text-align: center;\"><em>Kattints a k\u00e9pre<\/em><\/p><p style=\"text-align: center;\"><a href=\"https:\/\/yabune-home.hu\/wp-content\/uploads\/2020\/09\/2okos_otthon_wifi-1.jpg\"><img decoding=\"async\" class=\"aligncenter wp-image-5728\" src=\"https:\/\/yabune-home.hu\/wp-content\/uploads\/2020\/09\/2okos_otthon_wifi-1.jpg\" alt=\"\" width=\"591\" height=\"828\" srcset=\"https:\/\/yabune-home.hu\/wp-content\/uploads\/2020\/09\/2okos_otthon_wifi-1.jpg 857w, https:\/\/yabune-home.hu\/wp-content\/uploads\/2020\/09\/2okos_otthon_wifi-1-214x300.jpg 214w, https:\/\/yabune-home.hu\/wp-content\/uploads\/2020\/09\/2okos_otthon_wifi-1-731x1024.jpg 731w, https:\/\/yabune-home.hu\/wp-content\/uploads\/2020\/09\/2okos_otthon_wifi-1-768x1075.jpg 768w, https:\/\/yabune-home.hu\/wp-content\/uploads\/2020\/09\/2okos_otthon_wifi-1-600x840.jpg 600w\" sizes=\"(max-width: 591px) 100vw, 591px\" \/><\/a><\/p><h4 style=\"text-align: center;\"><strong>\u00a0<\/strong><\/h4><h4 style=\"text-align: center;\"><strong>\u00c9rdekel az okos f\u0171t\u00e9s-h\u0171t\u00e9s? Ha v\u00e1laszod IGEN, akkor keress minket, t\u00f6ltsd ki az \u0171rlapot \u00e9s k\u00e9rj visszah\u00edv\u00e1st!<\/strong><\/h4><div class=\"wpcf7 no-js\" id=\"wpcf7-f14035-o1\" lang=\"en-US\" dir=\"ltr\" data-wpcf7-id=\"14035\">\n<div class=\"screen-reader-response\"><p role=\"status\" aria-live=\"polite\" aria-atomic=\"true\"><\/p> <ul><\/ul><\/div>\n<form action=\"\/en\/wp-json\/wp\/v2\/pages\/7974#wpcf7-f14035-o1\" method=\"post\" class=\"wpcf7-form init\" aria-label=\"Contact form\" novalidate=\"novalidate\" data-status=\"init\" data-trp-original-action=\"\/en\/wp-json\/wp\/v2\/pages\/7974#wpcf7-f14035-o1\">\n<fieldset class=\"hidden-fields-container\"><input type=\"hidden\" name=\"_wpcf7\" value=\"14035\" \/><input type=\"hidden\" name=\"_wpcf7_version\" value=\"6.1.5\" \/><input type=\"hidden\" name=\"_wpcf7_locale\" value=\"en_US\" \/><input type=\"hidden\" name=\"_wpcf7_unit_tag\" value=\"wpcf7-f14035-o1\" \/><input type=\"hidden\" name=\"_wpcf7_container_post\" value=\"0\" \/><input type=\"hidden\" name=\"_wpcf7_posted_data_hash\" value=\"\" \/><input type=\"hidden\" name=\"_wpcf7_recaptcha_response\" value=\"\" \/>\n<\/fieldset>\n<p><label> Name: *<br \/>\n<span class=\"wpcf7-form-control-wrap\" data-name=\"your-name\"><input size=\"40\" maxlength=\"400\" class=\"wpcf7-form-control wpcf7-text wpcf7-validates-as-required\" aria-required=\"true\" aria-invalid=\"false\" value=\"\" type=\"text\" name=\"your-name\" \/><\/span> <\/label>\n<\/p>\n<p><label> Email: *<br \/>\n<span class=\"wpcf7-form-control-wrap\" data-name=\"your-email\"><input size=\"40\" maxlength=\"400\" class=\"wpcf7-form-control wpcf7-email wpcf7-validates-as-required wpcf7-text wpcf7-validates-as-email\" aria-required=\"true\" aria-invalid=\"false\" value=\"\" type=\"email\" name=\"your-email\" \/><\/span> <\/label>\n<\/p>\n<p><label> Phone Number:* (Example: 06301234567)<br \/>\n<span class=\"wpcf7-form-control-wrap\" data-name=\"tel-262\"><input size=\"40\" maxlength=\"12\" minlength=\"11\" class=\"wpcf7-form-control wpcf7-tel wpcf7-validates-as-required wpcf7-text wpcf7-validates-as-tel\" aria-required=\"true\" aria-invalid=\"false\" value=\"\" type=\"tel\" name=\"tel-262\" \/><\/span> <\/label>\n<\/p>\n<p><label> Ir\u00e1ny\u00edt\u00f3sz\u00e1m: *(projekt helysz\u00edn)<br \/>\n<span class=\"wpcf7-form-control-wrap\" data-name=\"iranyitoszam\"><input class=\"wpcf7-form-control wpcf7-number wpcf7-validates-as-required wpcf7-validates-as-number\" aria-required=\"true\" aria-invalid=\"false\" value=\"\" type=\"number\" name=\"iranyitoszam\" \/><\/span> <\/label>\n<\/p>\n<p><label> V\u00e1ros: *(projekt helysz\u00edn)<br \/>\n<span class=\"wpcf7-form-control-wrap\" data-name=\"cim\"><input size=\"40\" maxlength=\"400\" class=\"wpcf7-form-control wpcf7-text wpcf7-validates-as-required\" aria-required=\"true\" aria-invalid=\"false\" value=\"\" type=\"text\" name=\"cim\" \/><\/span> <\/label>\n<\/p>\n<p><label> Utca, h\u00e1zsz\u00e1m: *(projekt helysz\u00edn)<br \/>\n<span class=\"wpcf7-form-control-wrap\" data-name=\"utca\"><input size=\"40\" maxlength=\"400\" class=\"wpcf7-form-control wpcf7-text wpcf7-validates-as-required\" aria-required=\"true\" aria-invalid=\"false\" value=\"\" type=\"text\" name=\"utca\" \/><\/span> <\/label>\n<\/p>\n<p><label> Solutions You\u2019re Interested In: (You can select more than one) <\/label><br \/>\n<span class=\"wpcf7-form-control-wrap\" data-name=\"megoldasok\"><select class=\"wpcf7-form-control wpcf7-select wpcf7-validates-as-required\" aria-required=\"true\" aria-invalid=\"false\" multiple=\"multiple\" name=\"megoldasok[]\"><option value=\"Smart Residence\">Smart Residence<\/option><option value=\"Okos \u00c1rny\u00e9kol\u00e1s\">Smart Shading<\/option><option value=\"Okos H\u0171t\u00e9s-F\u0171t\u00e9s\">Smart Heating-Cooling<\/option><option value=\"Okos Vil\u00e1g\u00edt\u00e1s\">Smart Lighting<\/option><option value=\"Okos Kert\">Smart Garden<\/option><option value=\"Okos Energiafelhaszn\u00e1l\u00e1s\">Smart Energy Use<\/option><option value=\"Okos Fel\u00fcgyelet\">Smart Supervision<\/option><option value=\"Okos H\u00e1ztart\u00e1si Eszk\u00f6z\u00f6k\">Smart Household Appliances<\/option><option value=\"Okosotthon \u00c9l\u0151 Tesztszoba\">Smart Home Live Test Room<\/option><\/select><\/span>\n<\/p>\n<p><label> When Would You Like to Install Your Smart Home System? <\/label><br \/>\n<span class=\"wpcf7-form-control-wrap\" data-name=\"igenyles\"><select class=\"wpcf7-form-control wpcf7-select wpcf7-validates-as-required\" aria-required=\"true\" aria-invalid=\"false\" name=\"igenyles\"><option value=\"Azonnal\">Immediately<\/option><option value=\"P\u00e1r h\u00e9ten bel\u00fcl\">In a couple of weeks<\/option><option value=\"1 - 2 h\u00f3napon bel\u00fcl\">In 1-2 months<\/option><option value=\"2 - 4 h\u00f3napon bel\u00fcl\">2 &#8211; 4 h\u00f3napon bel\u00fcl<\/option><option value=\"T\u00f6bb, mint 4 h\u00f3nap m\u00falva\">In more than 4 months<\/option><\/select><\/span>\n<\/p>\n<p><label> How Did You Hear About Us? <\/label><br \/>\n<span class=\"wpcf7-form-control-wrap\" data-name=\"forras\"><select class=\"wpcf7-form-control wpcf7-select wpcf7-validates-as-required\" aria-required=\"true\" aria-invalid=\"false\" name=\"forras\"><option value=\"Facebook\">Facebook<\/option><option value=\"K\u00f6mkel Podcast\">K\u00f6mkel Podcast<\/option><option value=\"OkosOtthon Labor Podcast\">OkosOtthon Labor Podcast<\/option><option value=\"Google\">Google<\/option><option value=\"Ismer\u0151s aj\u00e1nl\u00e1sa\">From Friends<\/option><option value=\"Egy\u00e9b\">Other<\/option><\/select><\/span>\n<\/p>\n<p><label> K\u00e9r\u00fcnk, \u00edrj n\u00e9h\u00e1ny gondolatot a projekttel kapcsolatban! <\/label><br \/>\n<span class=\"wpcf7-form-control-wrap\" data-name=\"otlet\"><textarea cols=\"40\" rows=\"10\" maxlength=\"2000\" class=\"wpcf7-form-control wpcf7-textarea wpcf7-validates-as-required\" aria-required=\"true\" aria-invalid=\"false\" name=\"otlet\"><\/textarea><\/span>\n<\/p>\n<p><span class=\"wpcf7-form-control-wrap\" data-name=\"privacy-policy\"><span class=\"wpcf7-form-control wpcf7-acceptance optional\"><span class=\"wpcf7-list-item\"><label class=\"translation-block\"><span class=\"wpcf7-form-control-wrap\" data-name=\"privacy-policy\"><span class=\"wpcf7-form-control wpcf7-acceptance\"><span class=\"wpcf7-list-item\"><label><span class=\"wpcf7-list-item-label\">I accept the <a href=\"https:\/\/yabune-home.hu\/en\/adatvedelem-ugyfel\/\" target=\"_self\">Privacy Notice and Information on the Processing of Personal Data<\/a><\/span><\/label><\/span><\/span><\/span><\/label><\/span><\/span><\/span>\n<\/p>\n<p><input class=\"wpcf7-form-control wpcf7-submit has-spinner\" type=\"submit\" value=\"Let&#039;s talk!\" \/>\n<\/p><div class=\"wpcf7-response-output\" aria-hidden=\"true\"><\/div>\n<input type=\"hidden\" name=\"trp-form-language\" value=\"en\"\/><\/form>\n<\/div>\t\t\t\t\t\t\t\t<\/div>\n\t\t\t\t<\/div>\n\t\t\t\t\t<\/div>\n\t\t<\/div>\n\t\t\t\t\t<\/div>\n\t\t<\/section>\n\t\t\t\t<\/div>","protected":false},"excerpt":{"rendered":"<p>Az okos f\u0171t\u00e9s-h\u0171t\u00e9s integr\u00e1ci\u00f3ja a Yabune Home seg\u00edts\u00e9g\u00e9vel.<\/p>","protected":false},"author":13,"featured_media":5662,"parent":0,"menu_order":0,"comment_status":"closed","ping_status":"closed","template":"","meta":{"_monsterinsights_skip_tracking":false,"_monsterinsights_sitenote_active":false,"_monsterinsights_sitenote_note":"","_monsterinsights_sitenote_category":0,"_uf_show_specific_survey":0,"_uf_disable_surveys":false,"footnotes":""},"class_list":["post-7974","page","type-page","status-publish","has-post-thumbnail","hentry"],"yoast_head":"<!-- This site is optimized with the Yoast SEO Premium plugin v21.3 (Yoast SEO v27.3) - https:\/\/yoast.com\/product\/yoast-seo-premium-wordpress\/ -->\n<title>Okos f\u0171t\u00e9s-h\u0171t\u00e9s | Yabune - Komfort \u00e9s Hat\u00e9konys\u00e1g<\/title>\n<meta name=\"description\" content=\"Egy igazi otthon kulcseleme az okos f\u0171t\u00e9s-h\u0171t\u00e9s rendszer prec\u00edz vez\u00e9rl\u00e9se. A Yabune gy\u00e1rt\u00f3f\u00fcggetlen megold\u00e1saival ez mindenki sz\u00e1m\u00e1ra el\u00e9rhet\u0151v\u00e9 v\u00e1lik.\" \/>\n<meta name=\"robots\" content=\"index, follow, max-snippet:-1, max-image-preview:large, max-video-preview:-1\" \/>\n<link rel=\"canonical\" href=\"https:\/\/yabune-home.hu\/en\/okos-futes-hutes\/\" \/>\n<meta property=\"og:locale\" content=\"en_US\" \/>\n<meta property=\"og:type\" content=\"article\" \/>\n<meta property=\"og:title\" content=\"Okos f\u0171t\u00e9s-h\u0171t\u00e9s\" \/>\n<meta property=\"og:description\" content=\"Egy igazi otthon kulcseleme az okos f\u0171t\u00e9s-h\u0171t\u00e9s rendszer prec\u00edz vez\u00e9rl\u00e9se. A Yabune gy\u00e1rt\u00f3f\u00fcggetlen megold\u00e1saival ez mindenki sz\u00e1m\u00e1ra el\u00e9rhet\u0151v\u00e9 v\u00e1lik.\" \/>\n<meta property=\"og:url\" content=\"https:\/\/yabune-home.hu\/en\/okos-futes-hutes\/\" \/>\n<meta property=\"og:site_name\" content=\"Yabune\" \/>\n<meta property=\"article:publisher\" content=\"https:\/\/www.facebook.com\/yabunehome\" \/>\n<meta property=\"article:modified_time\" content=\"2024-01-28T19:07:30+00:00\" \/>\n<meta property=\"og:image\" content=\"https:\/\/yabune-home.hu\/wp-content\/uploads\/2020\/09\/kampany_futes_okos_othon.jpg\" \/>\n\t<meta property=\"og:image:width\" content=\"1200\" \/>\n\t<meta property=\"og:image:height\" content=\"628\" \/>\n\t<meta property=\"og:image:type\" content=\"image\/jpeg\" \/>\n<meta name=\"twitter:label1\" content=\"Est. reading time\" \/>\n\t<meta name=\"twitter:data1\" content=\"2 minutes\" \/>\n<script type=\"application\/ld+json\" class=\"yoast-schema-graph\">{\"@context\":\"https:\\\/\\\/schema.org\",\"@graph\":[{\"@type\":\"WebPage\",\"@id\":\"https:\\\/\\\/yabune-home.hu\\\/okos-futes-hutes\\\/\",\"url\":\"https:\\\/\\\/yabune-home.hu\\\/okos-futes-hutes\\\/\",\"name\":\"Okos f\u0171t\u00e9s-h\u0171t\u00e9s | Yabune - Komfort \u00e9s Hat\u00e9konys\u00e1g\",\"isPartOf\":{\"@id\":\"https:\\\/\\\/yabune-home.hu\\\/#website\"},\"primaryImageOfPage\":{\"@id\":\"https:\\\/\\\/yabune-home.hu\\\/okos-futes-hutes\\\/#primaryimage\"},\"image\":{\"@id\":\"https:\\\/\\\/yabune-home.hu\\\/okos-futes-hutes\\\/#primaryimage\"},\"thumbnailUrl\":\"https:\\\/\\\/yabune-home.hu\\\/wp-content\\\/uploads\\\/2020\\\/09\\\/kampany_futes_okos_othon.jpg\",\"datePublished\":\"2021-07-30T08:11:37+00:00\",\"dateModified\":\"2024-01-28T19:07:30+00:00\",\"description\":\"Egy igazi otthon kulcseleme az okos f\u0171t\u00e9s-h\u0171t\u00e9s rendszer prec\u00edz vez\u00e9rl\u00e9se. A Yabune gy\u00e1rt\u00f3f\u00fcggetlen megold\u00e1saival ez mindenki sz\u00e1m\u00e1ra el\u00e9rhet\u0151v\u00e9 v\u00e1lik.\",\"breadcrumb\":{\"@id\":\"https:\\\/\\\/yabune-home.hu\\\/okos-futes-hutes\\\/#breadcrumb\"},\"inLanguage\":\"en-US\",\"potentialAction\":[{\"@type\":\"ReadAction\",\"target\":[\"https:\\\/\\\/yabune-home.hu\\\/okos-futes-hutes\\\/\"]}]},{\"@type\":\"ImageObject\",\"inLanguage\":\"en-US\",\"@id\":\"https:\\\/\\\/yabune-home.hu\\\/okos-futes-hutes\\\/#primaryimage\",\"url\":\"https:\\\/\\\/yabune-home.hu\\\/wp-content\\\/uploads\\\/2020\\\/09\\\/kampany_futes_okos_othon.jpg\",\"contentUrl\":\"https:\\\/\\\/yabune-home.hu\\\/wp-content\\\/uploads\\\/2020\\\/09\\\/kampany_futes_okos_othon.jpg\",\"width\":1200,\"height\":628,\"caption\":\"Yabune home okos f\u0171t\u00e9s termoszt\u00e1t\"},{\"@type\":\"BreadcrumbList\",\"@id\":\"https:\\\/\\\/yabune-home.hu\\\/okos-futes-hutes\\\/#breadcrumb\",\"itemListElement\":[{\"@type\":\"ListItem\",\"position\":1,\"name\":\"Home\",\"item\":\"https:\\\/\\\/yabune-home.hu\\\/\"},{\"@type\":\"ListItem\",\"position\":2,\"name\":\"Okos f\u0171t\u00e9s-h\u0171t\u00e9s\"}]},{\"@type\":\"WebSite\",\"@id\":\"https:\\\/\\\/yabune-home.hu\\\/#website\",\"url\":\"https:\\\/\\\/yabune-home.hu\\\/\",\"name\":\"Yabune\",\"description\":\"Okos rendszerek\",\"publisher\":{\"@id\":\"https:\\\/\\\/yabune-home.hu\\\/#organization\"},\"potentialAction\":[{\"@type\":\"SearchAction\",\"target\":{\"@type\":\"EntryPoint\",\"urlTemplate\":\"https:\\\/\\\/yabune-home.hu\\\/?s={search_term_string}\"},\"query-input\":{\"@type\":\"PropertyValueSpecification\",\"valueRequired\":true,\"valueName\":\"search_term_string\"}}],\"inLanguage\":\"en-US\"},{\"@type\":\"Organization\",\"@id\":\"https:\\\/\\\/yabune-home.hu\\\/#organization\",\"name\":\"Yabune Home\",\"url\":\"https:\\\/\\\/yabune-home.hu\\\/\",\"logo\":{\"@type\":\"ImageObject\",\"inLanguage\":\"en-US\",\"@id\":\"https:\\\/\\\/yabune-home.hu\\\/#\\\/schema\\\/logo\\\/image\\\/\",\"url\":\"https:\\\/\\\/yabune-home.hu\\\/wp-content\\\/uploads\\\/2019\\\/09\\\/magaslogo_szines_128.png\",\"contentUrl\":\"https:\\\/\\\/yabune-home.hu\\\/wp-content\\\/uploads\\\/2019\\\/09\\\/magaslogo_szines_128.png\",\"width\":128,\"height\":72,\"caption\":\"Yabune Home\"},\"image\":{\"@id\":\"https:\\\/\\\/yabune-home.hu\\\/#\\\/schema\\\/logo\\\/image\\\/\"},\"sameAs\":[\"https:\\\/\\\/www.facebook.com\\\/yabunehome\",\"https:\\\/\\\/www.instagram.com\\\/yabune_home\\\/\"]}]}<\/script>\n<!-- \/ Yoast SEO Premium plugin. -->","yoast_head_json":{"title":"Okos f\u0171t\u00e9s-h\u0171t\u00e9s | Yabune - Komfort \u00e9s Hat\u00e9konys\u00e1g","description":"Egy igazi otthon kulcseleme az okos f\u0171t\u00e9s-h\u0171t\u00e9s rendszer prec\u00edz vez\u00e9rl\u00e9se. A Yabune gy\u00e1rt\u00f3f\u00fcggetlen megold\u00e1saival ez mindenki sz\u00e1m\u00e1ra el\u00e9rhet\u0151v\u00e9 v\u00e1lik.","robots":{"index":"index","follow":"follow","max-snippet":"max-snippet:-1","max-image-preview":"max-image-preview:large","max-video-preview":"max-video-preview:-1"},"canonical":"https:\/\/yabune-home.hu\/en\/okos-futes-hutes\/","og_locale":"en_US","og_type":"article","og_title":"Okos f\u0171t\u00e9s-h\u0171t\u00e9s","og_description":"Egy igazi otthon kulcseleme az okos f\u0171t\u00e9s-h\u0171t\u00e9s rendszer prec\u00edz vez\u00e9rl\u00e9se. A Yabune gy\u00e1rt\u00f3f\u00fcggetlen megold\u00e1saival ez mindenki sz\u00e1m\u00e1ra el\u00e9rhet\u0151v\u00e9 v\u00e1lik.","og_url":"https:\/\/yabune-home.hu\/en\/okos-futes-hutes\/","og_site_name":"Yabune","article_publisher":"https:\/\/www.facebook.com\/yabunehome","article_modified_time":"2024-01-28T19:07:30+00:00","og_image":[{"width":1200,"height":628,"url":"https:\/\/yabune-home.hu\/wp-content\/uploads\/2020\/09\/kampany_futes_okos_othon.jpg","type":"image\/jpeg"}],"twitter_misc":{"Est. reading time":"2 minutes"},"schema":{"@context":"https:\/\/schema.org","@graph":[{"@type":"WebPage","@id":"https:\/\/yabune-home.hu\/okos-futes-hutes\/","url":"https:\/\/yabune-home.hu\/okos-futes-hutes\/","name":"Okos f\u0171t\u00e9s-h\u0171t\u00e9s | Yabune - Komfort \u00e9s Hat\u00e9konys\u00e1g","isPartOf":{"@id":"https:\/\/yabune-home.hu\/#website"},"primaryImageOfPage":{"@id":"https:\/\/yabune-home.hu\/okos-futes-hutes\/#primaryimage"},"image":{"@id":"https:\/\/yabune-home.hu\/okos-futes-hutes\/#primaryimage"},"thumbnailUrl":"https:\/\/yabune-home.hu\/wp-content\/uploads\/2020\/09\/kampany_futes_okos_othon.jpg","datePublished":"2021-07-30T08:11:37+00:00","dateModified":"2024-01-28T19:07:30+00:00","description":"Egy igazi otthon kulcseleme az okos f\u0171t\u00e9s-h\u0171t\u00e9s rendszer prec\u00edz vez\u00e9rl\u00e9se. A Yabune gy\u00e1rt\u00f3f\u00fcggetlen megold\u00e1saival ez mindenki sz\u00e1m\u00e1ra el\u00e9rhet\u0151v\u00e9 v\u00e1lik.","breadcrumb":{"@id":"https:\/\/yabune-home.hu\/okos-futes-hutes\/#breadcrumb"},"inLanguage":"en-US","potentialAction":[{"@type":"ReadAction","target":["https:\/\/yabune-home.hu\/okos-futes-hutes\/"]}]},{"@type":"ImageObject","inLanguage":"en-US","@id":"https:\/\/yabune-home.hu\/okos-futes-hutes\/#primaryimage","url":"https:\/\/yabune-home.hu\/wp-content\/uploads\/2020\/09\/kampany_futes_okos_othon.jpg","contentUrl":"https:\/\/yabune-home.hu\/wp-content\/uploads\/2020\/09\/kampany_futes_okos_othon.jpg","width":1200,"height":628,"caption":"Yabune home okos f\u0171t\u00e9s termoszt\u00e1t"},{"@type":"BreadcrumbList","@id":"https:\/\/yabune-home.hu\/okos-futes-hutes\/#breadcrumb","itemListElement":[{"@type":"ListItem","position":1,"name":"Home","item":"https:\/\/yabune-home.hu\/"},{"@type":"ListItem","position":2,"name":"Okos f\u0171t\u00e9s-h\u0171t\u00e9s"}]},{"@type":"WebSite","@id":"https:\/\/yabune-home.hu\/#website","url":"https:\/\/yabune-home.hu\/","name":"Yabune","description":"Okos rendszerek","publisher":{"@id":"https:\/\/yabune-home.hu\/#organization"},"potentialAction":[{"@type":"SearchAction","target":{"@type":"EntryPoint","urlTemplate":"https:\/\/yabune-home.hu\/?s={search_term_string}"},"query-input":{"@type":"PropertyValueSpecification","valueRequired":true,"valueName":"search_term_string"}}],"inLanguage":"en-US"},{"@type":"Organization","@id":"https:\/\/yabune-home.hu\/#organization","name":"Yabune Home","url":"https:\/\/yabune-home.hu\/","logo":{"@type":"ImageObject","inLanguage":"en-US","@id":"https:\/\/yabune-home.hu\/#\/schema\/logo\/image\/","url":"https:\/\/yabune-home.hu\/wp-content\/uploads\/2019\/09\/magaslogo_szines_128.png","contentUrl":"https:\/\/yabune-home.hu\/wp-content\/uploads\/2019\/09\/magaslogo_szines_128.png","width":128,"height":72,"caption":"Yabune Home"},"image":{"@id":"https:\/\/yabune-home.hu\/#\/schema\/logo\/image\/"},"sameAs":["https:\/\/www.facebook.com\/yabunehome","https:\/\/www.instagram.com\/yabune_home\/"]}]}},"_links":{"self":[{"href":"https:\/\/yabune-home.hu\/en\/wp-json\/wp\/v2\/pages\/7974","targetHints":{"allow":["GET"]}}],"collection":[{"href":"https:\/\/yabune-home.hu\/en\/wp-json\/wp\/v2\/pages"}],"about":[{"href":"https:\/\/yabune-home.hu\/en\/wp-json\/wp\/v2\/types\/page"}],"author":[{"embeddable":true,"href":"https:\/\/yabune-home.hu\/en\/wp-json\/wp\/v2\/users\/13"}],"replies":[{"embeddable":true,"href":"https:\/\/yabune-home.hu\/en\/wp-json\/wp\/v2\/comments?post=7974"}],"version-history":[{"count":47,"href":"https:\/\/yabune-home.hu\/en\/wp-json\/wp\/v2\/pages\/7974\/revisions"}],"predecessor-version":[{"id":14070,"href":"https:\/\/yabune-home.hu\/en\/wp-json\/wp\/v2\/pages\/7974\/revisions\/14070"}],"wp:featuredmedia":[{"embeddable":true,"href":"https:\/\/yabune-home.hu\/en\/wp-json\/wp\/v2\/media\/5662"}],"wp:attachment":[{"href":"https:\/\/yabune-home.hu\/en\/wp-json\/wp\/v2\/media?parent=7974"}],"curies":[{"name":"wp","href":"https:\/\/api.w.org\/{rel}","templated":true}]}}