{"id":6074,"date":"2021-01-04T11:41:22","date_gmt":"2021-01-04T09:41:22","guid":{"rendered":"https:\/\/yabune-home.hu\/?page_id=6074"},"modified":"2023-02-13T16:49:26","modified_gmt":"2023-02-13T15:49:26","slug":"aszf","status":"publish","type":"page","link":"https:\/\/yabune-home.hu\/en\/aszf\/","title":{"rendered":"\u00c1SZF"},"content":{"rendered":"<div class=\"wpb-content-wrapper\"><div class=\"vc_row wpb_row vc_row-fluid\"><div class=\"wpb_column vc_column_container vc_col-sm-12\"><div class=\"vc_column-inner\"><div class=\"wpb_wrapper\">\n\t<div class=\"wpb_raw_code wpb_content_element wpb_raw_html\" >\n\t\t<div class=\"wpb_wrapper\">\n\t\t\t<object type='application\/pdf' data=\"https:\/\/yabune-home.hu\/wp-content\/uploads\/2022\/03\/Yabune-Home-ASZf-20220330.pdf\" style=\"width:100%;height:80vh\">\n<embed type='application\/pdf' src=\"https:\/\/drive.google.com\/viewerng\/viewer?embedded=true&url=https:\/\/yabune-home.hu\/wp-content\/uploads\/2022\/03\/Yabune-Home-ASZf-20220330.pdf\" width=\"100%\" height=\"80vh\"><\/object>\n\t\t<\/div>\n\t<\/div>\n<\/div><\/div><\/div><\/div><div class=\"vc_row wpb_row vc_row-fluid\"><div class=\"wpb_column vc_column_container vc_col-sm-12\"><div class=\"vc_column-inner\"><div class=\"wpb_wrapper\">\n\t<div class=\"wpb_raw_code wpb_content_element wpb_raw_html\" >\n\t\t<div class=\"wpb_wrapper\">\n\t\t\t<h5>Az aktu\u00e1lis \u00e9s a kor\u00e1bbi \u00c1SZF verzi\u00f3k az al\u00e1bbi t\u00e1bl\u00e1zatban tal\u00e1lhat\u00f3k \u00e9s let\u00f6lthet\u0151k<\/h5>\n<table width=\"100%\"><thead><th>Let\u00f6lt\u00e9s<\/th><th>\u00c9rv\u00e9nyess\u00e9g kezdete<\/th><\/thead><tbody>\n<tr>\n<td><a  href=\"https:\/\/yabune-home.hu\/wp-content\/uploads\/2022\/03\/Yabune-Home-ASZf-20220330.pdf\">\u00c1SZF<\/a><\/td><td>2022.03.30<\/td>\n<\/tr>\n<tr>\n<td><a  href=\"https:\/\/yabune-home.hu\/wp-content\/uploads\/2021\/02\/Yabune-Home-ASZF-20210215.pdf\">\u00c1SZF<\/a><\/td><td>2021.02.15<\/td>\n<\/tr>\n<tr>\n<td><a  href=\"https:\/\/yabune-home.hu\/wp-content\/uploads\/2021\/01\/Yabune-Home-ASZF-20210104.pdf\">\u00c1SZF<\/a><\/td><td>2021.01.04<\/td>\n<\/tr>\n<tr><td><a  href=\"https:\/\/yabune-home.hu\/wp-content\/uploads\/2020\/10\/Yabune-Home-ASZF.pdf\">\u00c1SZF<\/a><\/td><td>2020.10.22<\/td><\/tr>\n<\/tbody><\/table>\n\t\t<\/div>\n\t<\/div>\n<\/div><\/div><\/div><\/div>\n<\/div>","protected":false},"excerpt":{"rendered":"Az aktu\u00e1lis \u00e9s a kor\u00e1bbi \u00c1SZF verzi\u00f3k az al\u00e1bbi t\u00e1bl\u00e1zatban tal\u00e1lhat\u00f3k \u00e9s let\u00f6lthet\u0151k Let\u00f6lt\u00e9s\u00c9rv\u00e9nyess\u00e9g kezdete \u00c1SZF2022.03.30 \u00c1SZF2021.02.15 \u00c1SZF2021.01.04 \u00c1SZF2020.10.22","protected":false},"author":5,"featured_media":0,"parent":0,"menu_order":0,"comment_status":"closed","ping_status":"closed","template":"","meta":{"_monsterinsights_skip_tracking":false,"_monsterinsights_sitenote_active":false,"_monsterinsights_sitenote_note":"","_monsterinsights_sitenote_category":0,"_uf_show_specific_survey":0,"_uf_disable_surveys":false,"footnotes":""},"class_list":["post-6074","page","type-page","status-publish","hentry"],"yoast_head":"<!-- This site is optimized with the Yoast SEO Premium plugin v21.3 (Yoast SEO v27.3) - https:\/\/yoast.com\/product\/yoast-seo-premium-wordpress\/ -->\n<title>\u00c1SZF | Yabune<\/title>\n<meta name=\"description\" content=\"\u00c1ltal\u00e1nos Szerz\u0151d\u00e9si Felt\u00e9telek: Yabune Solution Kft.\" \/>\n<meta name=\"robots\" content=\"noindex, follow\" \/>\n<meta property=\"og:locale\" content=\"en_US\" \/>\n<meta property=\"og:type\" content=\"article\" \/>\n<meta property=\"og:title\" content=\"\u00c1SZF\" \/>\n<meta property=\"og:description\" content=\"\u00c1ltal\u00e1nos Szerz\u0151d\u00e9si Felt\u00e9telek: Yabune Solution Kft.\" \/>\n<meta property=\"og:url\" content=\"https:\/\/yabune-home.hu\/en\/aszf\/\" \/>\n<meta property=\"og:site_name\" content=\"Yabune\" \/>\n<meta property=\"article:publisher\" content=\"https:\/\/www.facebook.com\/yabunehome\" \/>\n<meta property=\"article:modified_time\" content=\"2023-02-13T15:49:26+00:00\" \/>\n<meta name=\"twitter:label1\" content=\"Est. reading time\" \/>\n\t<meta name=\"twitter:data1\" content=\"1 minute\" \/>\n<script type=\"application\/ld+json\" class=\"yoast-schema-graph\">{\"@context\":\"https:\\\/\\\/schema.org\",\"@graph\":[{\"@type\":\"WebPage\",\"@id\":\"https:\\\/\\\/yabune-home.hu\\\/aszf\\\/\",\"url\":\"https:\\\/\\\/yabune-home.hu\\\/aszf\\\/\",\"name\":\"\u00c1SZF | Yabune\",\"isPartOf\":{\"@id\":\"https:\\\/\\\/yabune-home.hu\\\/#website\"},\"datePublished\":\"2021-01-04T09:41:22+00:00\",\"dateModified\":\"2023-02-13T15:49:26+00:00\",\"description\":\"\u00c1ltal\u00e1nos Szerz\u0151d\u00e9si Felt\u00e9telek: Yabune Solution Kft.\",\"breadcrumb\":{\"@id\":\"https:\\\/\\\/yabune-home.hu\\\/aszf\\\/#breadcrumb\"},\"inLanguage\":\"en-US\",\"potentialAction\":[{\"@type\":\"ReadAction\",\"target\":[\"https:\\\/\\\/yabune-home.hu\\\/aszf\\\/\"]}]},{\"@type\":\"BreadcrumbList\",\"@id\":\"https:\\\/\\\/yabune-home.hu\\\/aszf\\\/#breadcrumb\",\"itemListElement\":[{\"@type\":\"ListItem\",\"position\":1,\"name\":\"Home\",\"item\":\"https:\\\/\\\/yabune-home.hu\\\/\"},{\"@type\":\"ListItem\",\"position\":2,\"name\":\"\u00c1SZF\"}]},{\"@type\":\"WebSite\",\"@id\":\"https:\\\/\\\/yabune-home.hu\\\/#website\",\"url\":\"https:\\\/\\\/yabune-home.hu\\\/\",\"name\":\"Yabune\",\"description\":\"Okos rendszerek\",\"publisher\":{\"@id\":\"https:\\\/\\\/yabune-home.hu\\\/#organization\"},\"potentialAction\":[{\"@type\":\"SearchAction\",\"target\":{\"@type\":\"EntryPoint\",\"urlTemplate\":\"https:\\\/\\\/yabune-home.hu\\\/?s={search_term_string}\"},\"query-input\":{\"@type\":\"PropertyValueSpecification\",\"valueRequired\":true,\"valueName\":\"search_term_string\"}}],\"inLanguage\":\"en-US\"},{\"@type\":\"Organization\",\"@id\":\"https:\\\/\\\/yabune-home.hu\\\/#organization\",\"name\":\"Yabune Home\",\"url\":\"https:\\\/\\\/yabune-home.hu\\\/\",\"logo\":{\"@type\":\"ImageObject\",\"inLanguage\":\"en-US\",\"@id\":\"https:\\\/\\\/yabune-home.hu\\\/#\\\/schema\\\/logo\\\/image\\\/\",\"url\":\"https:\\\/\\\/yabune-home.hu\\\/wp-content\\\/uploads\\\/2019\\\/09\\\/magaslogo_szines_128.png\",\"contentUrl\":\"https:\\\/\\\/yabune-home.hu\\\/wp-content\\\/uploads\\\/2019\\\/09\\\/magaslogo_szines_128.png\",\"width\":128,\"height\":72,\"caption\":\"Yabune Home\"},\"image\":{\"@id\":\"https:\\\/\\\/yabune-home.hu\\\/#\\\/schema\\\/logo\\\/image\\\/\"},\"sameAs\":[\"https:\\\/\\\/www.facebook.com\\\/yabunehome\",\"https:\\\/\\\/www.instagram.com\\\/yabune_home\\\/\"]}]}<\/script>\n<!-- \/ Yoast SEO Premium plugin. -->","yoast_head_json":{"title":"\u00c1SZF | Yabune","description":"\u00c1ltal\u00e1nos Szerz\u0151d\u00e9si Felt\u00e9telek: Yabune Solution Kft.","robots":{"index":"noindex","follow":"follow"},"og_locale":"en_US","og_type":"article","og_title":"\u00c1SZF","og_description":"\u00c1ltal\u00e1nos Szerz\u0151d\u00e9si Felt\u00e9telek: Yabune Solution Kft.","og_url":"https:\/\/yabune-home.hu\/en\/aszf\/","og_site_name":"Yabune","article_publisher":"https:\/\/www.facebook.com\/yabunehome","article_modified_time":"2023-02-13T15:49:26+00:00","twitter_misc":{"Est. reading time":"1 minute"},"schema":{"@context":"https:\/\/schema.org","@graph":[{"@type":"WebPage","@id":"https:\/\/yabune-home.hu\/aszf\/","url":"https:\/\/yabune-home.hu\/aszf\/","name":"\u00c1SZF | Yabune","isPartOf":{"@id":"https:\/\/yabune-home.hu\/#website"},"datePublished":"2021-01-04T09:41:22+00:00","dateModified":"2023-02-13T15:49:26+00:00","description":"\u00c1ltal\u00e1nos Szerz\u0151d\u00e9si Felt\u00e9telek: Yabune Solution Kft.","breadcrumb":{"@id":"https:\/\/yabune-home.hu\/aszf\/#breadcrumb"},"inLanguage":"en-US","potentialAction":[{"@type":"ReadAction","target":["https:\/\/yabune-home.hu\/aszf\/"]}]},{"@type":"BreadcrumbList","@id":"https:\/\/yabune-home.hu\/aszf\/#breadcrumb","itemListElement":[{"@type":"ListItem","position":1,"name":"Home","item":"https:\/\/yabune-home.hu\/"},{"@type":"ListItem","position":2,"name":"\u00c1SZF"}]},{"@type":"WebSite","@id":"https:\/\/yabune-home.hu\/#website","url":"https:\/\/yabune-home.hu\/","name":"Yabune","description":"Okos rendszerek","publisher":{"@id":"https:\/\/yabune-home.hu\/#organization"},"potentialAction":[{"@type":"SearchAction","target":{"@type":"EntryPoint","urlTemplate":"https:\/\/yabune-home.hu\/?s={search_term_string}"},"query-input":{"@type":"PropertyValueSpecification","valueRequired":true,"valueName":"search_term_string"}}],"inLanguage":"en-US"},{"@type":"Organization","@id":"https:\/\/yabune-home.hu\/#organization","name":"Yabune Home","url":"https:\/\/yabune-home.hu\/","logo":{"@type":"ImageObject","inLanguage":"en-US","@id":"https:\/\/yabune-home.hu\/#\/schema\/logo\/image\/","url":"https:\/\/yabune-home.hu\/wp-content\/uploads\/2019\/09\/magaslogo_szines_128.png","contentUrl":"https:\/\/yabune-home.hu\/wp-content\/uploads\/2019\/09\/magaslogo_szines_128.png","width":128,"height":72,"caption":"Yabune Home"},"image":{"@id":"https:\/\/yabune-home.hu\/#\/schema\/logo\/image\/"},"sameAs":["https:\/\/www.facebook.com\/yabunehome","https:\/\/www.instagram.com\/yabune_home\/"]}]}},"_links":{"self":[{"href":"https:\/\/yabune-home.hu\/en\/wp-json\/wp\/v2\/pages\/6074","targetHints":{"allow":["GET"]}}],"collection":[{"href":"https:\/\/yabune-home.hu\/en\/wp-json\/wp\/v2\/pages"}],"about":[{"href":"https:\/\/yabune-home.hu\/en\/wp-json\/wp\/v2\/types\/page"}],"author":[{"embeddable":true,"href":"https:\/\/yabune-home.hu\/en\/wp-json\/wp\/v2\/users\/5"}],"replies":[{"embeddable":true,"href":"https:\/\/yabune-home.hu\/en\/wp-json\/wp\/v2\/comments?post=6074"}],"version-history":[{"count":25,"href":"https:\/\/yabune-home.hu\/en\/wp-json\/wp\/v2\/pages\/6074\/revisions"}],"predecessor-version":[{"id":14288,"href":"https:\/\/yabune-home.hu\/en\/wp-json\/wp\/v2\/pages\/6074\/revisions\/14288"}],"wp:attachment":[{"href":"https:\/\/yabune-home.hu\/en\/wp-json\/wp\/v2\/media?parent=6074"}],"curies":[{"name":"wp","href":"https:\/\/api.w.org\/{rel}","templated":true}]}}