{"id":5504,"date":"2019-11-28T12:20:39","date_gmt":"2019-11-28T10:20:39","guid":{"rendered":"https:\/\/yabune-home.hu\/?post_type=cwsportfolio&#038;p=5504"},"modified":"2024-01-28T20:07:11","modified_gmt":"2024-01-28T19:07:11","slug":"okos-energiafelhasznalas","status":"publish","type":"page","link":"https:\/\/yabune-home.hu\/en\/okos-energiafelhasznalas\/","title":{"rendered":"Okos energiafelhaszn\u00e1l\u00e1s &#8211; Tedd z\u00f6ldebb\u00e9 a vil\u00e1god!"},"content":{"rendered":"<div data-elementor-type=\"wp-page\" data-elementor-id=\"5504\" class=\"elementor elementor-5504\" data-elementor-post-type=\"page\">\n\t\t\t\t\t\t<section class=\"elementor-section elementor-top-section elementor-element elementor-element-6865f4a0 elementor-section-boxed elementor-section-height-default elementor-section-height-default\" data-id=\"6865f4a0\" data-element_type=\"section\" data-e-type=\"section\">\n\t\t\t\t\t\t<div class=\"elementor-container elementor-column-gap-default\">\n\t\t\t\t\t<div class=\"elementor-column elementor-col-100 elementor-top-column elementor-element elementor-element-2acc0a7\" data-id=\"2acc0a7\" data-element_type=\"column\" data-e-type=\"column\">\n\t\t\t<div class=\"elementor-widget-wrap elementor-element-populated\">\n\t\t\t\t\t\t<div class=\"elementor-element elementor-element-b9511cc elementor-widget elementor-widget-image\" data-id=\"b9511cc\" data-element_type=\"widget\" data-e-type=\"widget\" data-widget_type=\"image.default\">\n\t\t\t\t<div class=\"elementor-widget-container\">\n\t\t\t\t\t\t\t\t\t\t\t\t\t\t\t<img fetchpriority=\"high\" decoding=\"async\" width=\"1024\" height=\"576\" src=\"https:\/\/yabune-home.hu\/wp-content\/uploads\/2019\/11\/shutterstock_714592765-scaled-e1574936422962-1024x576.jpg\" class=\"attachment-large size-large wp-image-5505\" alt=\"Energiatakar\u00e9koss\u00e1g\" srcset=\"https:\/\/yabune-home.hu\/wp-content\/uploads\/2019\/11\/shutterstock_714592765-scaled-e1574936422962-1024x576.jpg 1024w, https:\/\/yabune-home.hu\/wp-content\/uploads\/2019\/11\/shutterstock_714592765-scaled-e1574936422962-300x169.jpg 300w, https:\/\/yabune-home.hu\/wp-content\/uploads\/2019\/11\/shutterstock_714592765-scaled-e1574936422962-768x432.jpg 768w, https:\/\/yabune-home.hu\/wp-content\/uploads\/2019\/11\/shutterstock_714592765-scaled-e1574936422962.jpg 1170w\" sizes=\"(max-width: 1024px) 100vw, 1024px\" \/>\t\t\t\t\t\t\t\t\t\t\t\t\t\t\t<\/div>\n\t\t\t\t<\/div>\n\t\t\t\t<div class=\"elementor-element elementor-element-2cfb45e elementor-widget elementor-widget-heading\" data-id=\"2cfb45e\" data-element_type=\"widget\" data-e-type=\"widget\" data-widget_type=\"heading.default\">\n\t\t\t\t<div class=\"elementor-widget-container\">\n\t\t\t\t\t<h2 class=\"elementor-heading-title elementor-size-default\"><br>Okos energiafelhaszn\u00e1l\u00e1s - Tedd z\u00f6ldebb\u00e9 a vil\u00e1god!<\/h2>\t\t\t\t<\/div>\n\t\t\t\t<\/div>\n\t\t\t\t<div class=\"elementor-element elementor-element-38a9ad elementor-widget elementor-widget-text-editor\" data-id=\"38a9ad\" data-element_type=\"widget\" data-e-type=\"widget\" data-widget_type=\"text-editor.default\">\n\t\t\t\t<div class=\"elementor-widget-container\">\n\t\t\t\t\t\t\t\t\t<p><span style=\"font-weight: 400;\">Odafigyelsz, hogy min\u00e9l z\u00f6ldebb k\u00f6rnyezetben \u00e9lj? \u00c9rdekel az energiafelhaszn\u00e1l\u00e1s optimaliz\u00e1l\u00e1sa? Hallott\u00e1l m\u00e1r a k\u00fcl\u00f6nf\u00e9le meg\u00fajul\u00f3 energiaforr\u00e1sokr\u00f3l? Legyen sz\u00f3 napelemr\u0151l a tet\u0151n, geotermikus f\u0171t\u00e9s rendszerr\u0151l, akkummul\u00e1toros energia t\u00e1rol\u00e1sr\u00f3l vagy elektromos aut\u00f3 t\u00f6lt\u0151 pontr\u00f3l, mi seg\u00edt\u00fcnk eligazodni a lehet\u0151s\u00e9gek k\u00f6z\u00f6tt.<\/span><\/p><p><span style=\"font-weight: 400;\">Optim\u00e1lis energia felhaszn\u00e1l\u00e1sra hangoljuk otthonod:<\/span><\/p><p><span style=\"font-weight: 400;\">Els\u0151 l\u00e9p\u00e9sben felm\u00e9rj\u00fck a helyzetet. Mik azok a pontok, ahol feleslegesen k\u00f6lt\u00f6d a p\u00e9nzt, pazarlod az energi\u00e1t? Az otthonod egy rendszerk\u00e9nt kezelve vizsg\u00e1ljuk az energiafelhaszn\u00e1l\u00e1st: v\u00edz, g\u00e1z, \u00e1ram fogyaszt\u00e1st, a vil\u00e1g\u00edt\u00e1s, h\u0171t\u00e9s-f\u0171t\u00e9s berendez\u00e9seket.<\/span><\/p><p><span style=\"font-weight: 400;\">Ezut\u00e1n felv\u00e1zoljuk a lehet\u0151s\u00e9geidet. A Yabune Home Okosotthon seg\u00edts\u00e9g\u00e9vel nyomon k\u00f6vetheted otthonod energia ig\u00e9ny\u00e9t. Olyan, \u00e1ltalunk is kipr\u00f3b\u00e1lt eszk\u00f6z\u00f6ket aj\u00e1nlunk, amelyekkel cs\u00f6kkentheted \u00e9s folyamatosan ellen\u0151rizheted az energia felhaszn\u00e1l\u00e1sod.<\/span><\/p><p><span style=\"font-weight: 400;\">V\u00e9g\u00fcl a rendszer finomhangol\u00e1sa sor\u00e1n sz\u00e1mos lehet\u0151s\u00e9g \u00e1ll rendelkez\u00e9s\u00fcnkre:<\/span><\/p><ul><li style=\"font-weight: 400;\"><span style=\"font-weight: 400;\">Megfelel\u0151\u00a0 eszk\u00f6z\u00f6kkel nyomon k\u00f6vetheted az \u00e1ram- \u00e9s g\u00e1zfogyaszt\u00e1st. \u00c1ll\u00edtsd be \u00fagy a f\u0171t\u00e9st, hogy a sz\u00fcks\u00e9ges tereket optim\u00e1lis h\u0151m\u00e9rs\u00e9kleten tartsa, amikor ott vagy.<\/span><\/li><li style=\"font-weight: 400;\"><span style=\"font-weight: 400;\">A Yabune Home Okosotthonnal napelemeid aktu\u00e1lis teljes\u00edtm\u00e9ny\u00e9t megoszthatod a lak\u00e1s b\u00e1rmely kijelz\u0151j\u00e9n. \u00d6sszehangolhatod a vil\u00e1g\u00edt\u00e1ssal: ha gyeng\u00e9bb a termel\u00e9s, akkor a f\u00e9nyer\u0151ss\u00e9get ar\u00e1nyosan cs\u00f6kkenti a rendszer.<\/span><\/li><li style=\"font-weight: 400;\"><span style=\"font-weight: 400;\">A Yabune Home rendszer az elektromos aut\u00f3k (Nissan Leaf \u00e9s a Tesla) vez\u00e9rl\u00e9s\u00e9vel kompatibilis. K\u00f6zponti fel\u00fclet\u00e9r\u0151l nyomon k\u00f6vetheted aut\u00f3d \u00e1ltal\u00e1nos m\u0171szaki \u00e9s pillanatnyi t\u00f6lt\u00f6tts\u00e9gi \u00e1llapot\u00e1t. Az \u00e1ltalad meghat\u00e1rozott adatokat telefonodr\u00f3l is ellen\u0151rizheted.<\/span><\/li><\/ul><p><span style=\"font-weight: 400;\">A Yabune Home Okosotthon rendszer t\u00e1mogat\u00e1st ny\u00fajt a legv\u00e1ltozatosabb eszk\u00f6z\u00f6kh\u00f6z is. Legyen sz\u00f3 a Growatt szol\u00e1r inverterr\u0151l vagy egy Tesl\u00e1r\u00f3l.<\/span><\/p><p><span style=\"font-weight: 400;\">A Yabune Home Okosotthon rendszerrel nem csak a k\u00f6rnyezeted teheted z\u00f6ldebb\u00e9, de a p\u00e9nzt\u00e1rc\u00e1dat is vastagabb\u00e1. Ne habozz, keress minket!<\/span><\/p><p><span style=\"font-weight: 400;\">\u00a0<\/span><\/p><h4 style=\"text-align: center;\"><strong>\u00c9rdekel az okos energiafelhaszn\u00e1l\u00e1s? Ha v\u00e1laszod IGEN, akkor keress minket, t\u00f6ltsd ki az \u0171rlapot \u00e9s k\u00e9rj visszah\u00edv\u00e1st!<\/strong><\/h4><div class=\"wpcf7 no-js\" id=\"wpcf7-f14035-o1\" lang=\"en-US\" dir=\"ltr\" data-wpcf7-id=\"14035\">\n<div class=\"screen-reader-response\"><p role=\"status\" aria-live=\"polite\" aria-atomic=\"true\"><\/p> <ul><\/ul><\/div>\n<form action=\"\/en\/wp-json\/wp\/v2\/pages\/5504#wpcf7-f14035-o1\" method=\"post\" class=\"wpcf7-form init\" aria-label=\"Contact form\" novalidate=\"novalidate\" data-status=\"init\" data-trp-original-action=\"\/en\/wp-json\/wp\/v2\/pages\/5504#wpcf7-f14035-o1\">\n<fieldset class=\"hidden-fields-container\"><input type=\"hidden\" name=\"_wpcf7\" value=\"14035\" \/><input type=\"hidden\" name=\"_wpcf7_version\" value=\"6.1.5\" \/><input type=\"hidden\" name=\"_wpcf7_locale\" value=\"en_US\" \/><input type=\"hidden\" name=\"_wpcf7_unit_tag\" value=\"wpcf7-f14035-o1\" \/><input type=\"hidden\" name=\"_wpcf7_container_post\" value=\"0\" \/><input type=\"hidden\" name=\"_wpcf7_posted_data_hash\" value=\"\" \/><input type=\"hidden\" name=\"_wpcf7_recaptcha_response\" value=\"\" \/>\n<\/fieldset>\n<p><label> Name: *<br \/>\n<span class=\"wpcf7-form-control-wrap\" data-name=\"your-name\"><input size=\"40\" maxlength=\"400\" class=\"wpcf7-form-control wpcf7-text wpcf7-validates-as-required\" aria-required=\"true\" aria-invalid=\"false\" value=\"\" type=\"text\" name=\"your-name\" \/><\/span> <\/label>\n<\/p>\n<p><label> Email: *<br \/>\n<span class=\"wpcf7-form-control-wrap\" data-name=\"your-email\"><input size=\"40\" maxlength=\"400\" class=\"wpcf7-form-control wpcf7-email wpcf7-validates-as-required wpcf7-text wpcf7-validates-as-email\" aria-required=\"true\" aria-invalid=\"false\" value=\"\" type=\"email\" name=\"your-email\" \/><\/span> <\/label>\n<\/p>\n<p><label> Phone Number:* (Example: 06301234567)<br \/>\n<span class=\"wpcf7-form-control-wrap\" data-name=\"tel-262\"><input size=\"40\" maxlength=\"12\" minlength=\"11\" class=\"wpcf7-form-control wpcf7-tel wpcf7-validates-as-required wpcf7-text wpcf7-validates-as-tel\" aria-required=\"true\" aria-invalid=\"false\" value=\"\" type=\"tel\" name=\"tel-262\" \/><\/span> <\/label>\n<\/p>\n<p><label> Ir\u00e1ny\u00edt\u00f3sz\u00e1m: (projekt helysz\u00edn)<br \/>\n<span class=\"wpcf7-form-control-wrap\" data-name=\"iranyitoszam\"><input class=\"wpcf7-form-control wpcf7-number wpcf7-validates-as-number\" aria-invalid=\"false\" value=\"\" type=\"number\" name=\"iranyitoszam\" \/><\/span> <\/label>\n<\/p>\n<p><label> V\u00e1ros: (projekt helysz\u00edn)<br \/>\n<span class=\"wpcf7-form-control-wrap\" data-name=\"cim\"><input size=\"40\" maxlength=\"400\" class=\"wpcf7-form-control wpcf7-text\" aria-invalid=\"false\" value=\"\" type=\"text\" name=\"cim\" \/><\/span> <\/label>\n<\/p>\n<p><label> Utca, h\u00e1zsz\u00e1m: (projekt helysz\u00edn)<br \/>\n<span class=\"wpcf7-form-control-wrap\" data-name=\"utca\"><input size=\"40\" maxlength=\"400\" class=\"wpcf7-form-control wpcf7-text\" aria-invalid=\"false\" value=\"\" type=\"text\" name=\"utca\" \/><\/span> <\/label>\n<\/p>\n<p><label> Solutions You\u2019re Interested In: (You can select more than one) <\/label><br \/>\n<span class=\"wpcf7-form-control-wrap\" data-name=\"megoldasok\"><select class=\"wpcf7-form-control wpcf7-select wpcf7-validates-as-required\" aria-required=\"true\" aria-invalid=\"false\" multiple=\"multiple\" name=\"megoldasok[]\"><option value=\"Smart Residence\">Smart Residence<\/option><option value=\"Okos \u00c1rny\u00e9kol\u00e1s\">Smart Shading<\/option><option value=\"Okos H\u0171t\u00e9s-F\u0171t\u00e9s\">Smart Heating-Cooling<\/option><option value=\"Okos Vil\u00e1g\u00edt\u00e1s\">Smart Lighting<\/option><option value=\"Okos Kert\">Smart Garden<\/option><option value=\"Okos Energiafelhaszn\u00e1l\u00e1s\">Smart Energy Use<\/option><option value=\"Okos Fel\u00fcgyelet\">Smart Supervision<\/option><option value=\"Okos H\u00e1ztart\u00e1si Eszk\u00f6z\u00f6k\">Smart Household Appliances<\/option><option value=\"Okosotthon \u00c9l\u0151 Tesztszoba\">Smart Home Live Test Room<\/option><\/select><\/span>\n<\/p>\n<p><label> When Would You Like to Install Your Smart Home System? <\/label><br \/>\n<span class=\"wpcf7-form-control-wrap\" data-name=\"igenyles\"><select class=\"wpcf7-form-control wpcf7-select wpcf7-validates-as-required\" aria-required=\"true\" aria-invalid=\"false\" name=\"igenyles\"><option value=\"Azonnal\">Immediately<\/option><option value=\"P\u00e1r h\u00e9ten bel\u00fcl\">In a couple of weeks<\/option><option value=\"1 - 2 h\u00f3napon bel\u00fcl\">In 1-2 months<\/option><option value=\"2 - 4 h\u00f3napon bel\u00fcl\">2 &#8211; 4 h\u00f3napon bel\u00fcl<\/option><option value=\"T\u00f6bb, mint 4 h\u00f3nap m\u00falva\">In more than 4 months<\/option><\/select><\/span>\n<\/p>\n<p><label> How Did You Hear About Us? <\/label><br \/>\n<span class=\"wpcf7-form-control-wrap\" data-name=\"forras\"><select class=\"wpcf7-form-control wpcf7-select wpcf7-validates-as-required\" aria-required=\"true\" aria-invalid=\"false\" name=\"forras\"><option value=\"Facebook\">Facebook<\/option><option value=\"K\u00f6mkel Podcast\">K\u00f6mkel Podcast<\/option><option value=\"OkosOtthon Labor Podcast\">OkosOtthon Labor Podcast<\/option><option value=\"Google\">Google<\/option><option value=\"Ismer\u0151s aj\u00e1nl\u00e1sa\">From Friends<\/option><option value=\"Egy\u00e9b\">Other<\/option><\/select><\/span>\n<\/p>\n<p><label> Do You Have Your Own Idea? Write to Us! <\/label><br \/>\n<span class=\"wpcf7-form-control-wrap\" data-name=\"otlet\"><textarea cols=\"40\" rows=\"10\" maxlength=\"2000\" class=\"wpcf7-form-control wpcf7-textarea\" aria-invalid=\"false\" name=\"otlet\"><\/textarea><\/span>\n<\/p>\n<p><span class=\"wpcf7-form-control-wrap\" data-name=\"privacy-policy\"><span class=\"wpcf7-form-control wpcf7-acceptance optional\"><span class=\"wpcf7-list-item\"><label class=\"translation-block\"><span class=\"wpcf7-form-control-wrap\" data-name=\"privacy-policy\"><span class=\"wpcf7-form-control wpcf7-acceptance\"><span class=\"wpcf7-list-item\"><label><span class=\"wpcf7-list-item-label\">I accept the <a href=\"https:\/\/yabune-home.hu\/en\/adatvedelem-ugyfel\/\" target=\"_self\">Privacy Notice and Information on the Processing of Personal Data<\/a><\/span><\/label><\/span><\/span><\/span><\/label><\/span><\/span><\/span>\n<\/p>\n<p><input class=\"wpcf7-form-control wpcf7-submit has-spinner\" type=\"submit\" value=\"Let&#039;s talk!\" \/>\n<\/p><div class=\"wpcf7-response-output\" aria-hidden=\"true\"><\/div>\n<input type=\"hidden\" name=\"trp-form-language\" value=\"en\"\/><\/form>\n<\/div>\t\t\t\t\t\t\t\t<\/div>\n\t\t\t\t<\/div>\n\t\t\t\t\t<\/div>\n\t\t<\/div>\n\t\t\t\t\t<\/div>\n\t\t<\/section>\n\t\t\t\t<\/div>","protected":false},"excerpt":{"rendered":"<p>Okos energiafelhaszn\u00e1l\u00e1s &#8211; Tedd z\u00f6ldebb\u00e9 a vil\u00e1god! Odafigyelsz, hogy min\u00e9l z\u00f6ldebb k\u00f6rnyezetben \u00e9lj? \u00c9rdekel az energiafelhaszn\u00e1l\u00e1s optimaliz\u00e1l\u00e1sa? Hallott\u00e1l m\u00e1r a k\u00fcl\u00f6nf\u00e9le meg\u00fajul\u00f3 energiaforr\u00e1sokr\u00f3l? Legyen sz\u00f3 napelemr\u0151l a tet\u0151n, geotermikus f\u0171t\u00e9s rendszerr\u0151l, akkummul\u00e1toros energia t\u00e1rol\u00e1sr\u00f3l vagy elektromos aut\u00f3 t\u00f6lt\u0151 pontr\u00f3l, mi seg\u00edt\u00fcnk eligazodni a lehet\u0151s\u00e9gek k\u00f6z\u00f6tt. Optim\u00e1lis energia felhaszn\u00e1l\u00e1sra hangoljuk otthonod: Els\u0151 l\u00e9p\u00e9sben felm\u00e9rj\u00fck a helyzetet. [&hellip;]<\/p>\n","protected":false},"author":5,"featured_media":5505,"parent":0,"menu_order":0,"comment_status":"closed","ping_status":"closed","template":"","meta":{"_monsterinsights_skip_tracking":false,"_monsterinsights_sitenote_active":false,"_monsterinsights_sitenote_note":"","_monsterinsights_sitenote_category":0,"_uf_show_specific_survey":0,"_uf_disable_surveys":false,"footnotes":""},"class_list":["post-5504","page","type-page","status-publish","has-post-thumbnail","hentry"],"yoast_head":"<!-- This site is optimized with the Yoast SEO Premium plugin v21.3 (Yoast SEO v27.3) - https:\/\/yoast.com\/product\/yoast-seo-premium-wordpress\/ -->\n<title>Okos energiafelhaszn\u00e1l\u00e1s - Tedd z\u00f6ldebb\u00e9 a vil\u00e1god! | Yabune<\/title>\n<meta name=\"description\" content=\"Energiafelhaszn\u00e1l\u00e1s okosan? Seg\u00edt\u00fcnk eligazodni a lehet\u0151s\u00e9gek k\u00f6z\u00f6tt! Napelem a tet\u0151n, geotermikus f\u0171t\u00e9s, akkummul\u00e1toros energia t\u00e1rol\u00e1s \u00e9s minden m\u00e1s.\" \/>\n<meta name=\"robots\" content=\"index, follow, max-snippet:-1, max-image-preview:large, max-video-preview:-1\" \/>\n<link rel=\"canonical\" href=\"https:\/\/yabune-home.hu\/en\/okos-energiafelhasznalas\/\" \/>\n<meta property=\"og:locale\" content=\"en_US\" \/>\n<meta property=\"og:type\" content=\"article\" \/>\n<meta property=\"og:title\" content=\"Okos energiafelhaszn\u00e1l\u00e1s - Tedd z\u00f6ldebb\u00e9 a vil\u00e1god!\" \/>\n<meta property=\"og:description\" content=\"Energiafelhaszn\u00e1l\u00e1s okosan? Seg\u00edt\u00fcnk eligazodni a lehet\u0151s\u00e9gek k\u00f6z\u00f6tt! Napelem a tet\u0151n, geotermikus f\u0171t\u00e9s, akkummul\u00e1toros energia t\u00e1rol\u00e1s \u00e9s minden m\u00e1s.\" \/>\n<meta property=\"og:url\" content=\"https:\/\/yabune-home.hu\/en\/okos-energiafelhasznalas\/\" \/>\n<meta property=\"og:site_name\" content=\"Yabune\" \/>\n<meta property=\"article:publisher\" content=\"https:\/\/www.facebook.com\/yabunehome\" \/>\n<meta property=\"article:modified_time\" content=\"2024-01-28T19:07:11+00:00\" \/>\n<meta property=\"og:image\" content=\"https:\/\/yabune-home.hu\/wp-content\/uploads\/2019\/11\/shutterstock_714592765-scaled-e1574936422962.jpg\" \/>\n\t<meta property=\"og:image:width\" content=\"1170\" \/>\n\t<meta property=\"og:image:height\" content=\"658\" \/>\n\t<meta property=\"og:image:type\" content=\"image\/jpeg\" \/>\n<meta name=\"twitter:label1\" content=\"Est. reading time\" \/>\n\t<meta name=\"twitter:data1\" content=\"2 minutes\" \/>\n<script type=\"application\/ld+json\" class=\"yoast-schema-graph\">{\"@context\":\"https:\\\/\\\/schema.org\",\"@graph\":[{\"@type\":\"WebPage\",\"@id\":\"https:\\\/\\\/yabune-home.hu\\\/okos-energiafelhasznalas\\\/\",\"url\":\"https:\\\/\\\/yabune-home.hu\\\/okos-energiafelhasznalas\\\/\",\"name\":\"Okos energiafelhaszn\u00e1l\u00e1s - Tedd z\u00f6ldebb\u00e9 a vil\u00e1god! | Yabune\",\"isPartOf\":{\"@id\":\"https:\\\/\\\/yabune-home.hu\\\/#website\"},\"primaryImageOfPage\":{\"@id\":\"https:\\\/\\\/yabune-home.hu\\\/okos-energiafelhasznalas\\\/#primaryimage\"},\"image\":{\"@id\":\"https:\\\/\\\/yabune-home.hu\\\/okos-energiafelhasznalas\\\/#primaryimage\"},\"thumbnailUrl\":\"https:\\\/\\\/yabune-home.hu\\\/wp-content\\\/uploads\\\/2019\\\/11\\\/shutterstock_714592765-scaled-e1574936422962.jpg\",\"datePublished\":\"2019-11-28T10:20:39+00:00\",\"dateModified\":\"2024-01-28T19:07:11+00:00\",\"description\":\"Energiafelhaszn\u00e1l\u00e1s okosan? Seg\u00edt\u00fcnk eligazodni a lehet\u0151s\u00e9gek k\u00f6z\u00f6tt! Napelem a tet\u0151n, geotermikus f\u0171t\u00e9s, akkummul\u00e1toros energia t\u00e1rol\u00e1s \u00e9s minden m\u00e1s.\",\"breadcrumb\":{\"@id\":\"https:\\\/\\\/yabune-home.hu\\\/okos-energiafelhasznalas\\\/#breadcrumb\"},\"inLanguage\":\"en-US\",\"potentialAction\":[{\"@type\":\"ReadAction\",\"target\":[\"https:\\\/\\\/yabune-home.hu\\\/okos-energiafelhasznalas\\\/\"]}]},{\"@type\":\"ImageObject\",\"inLanguage\":\"en-US\",\"@id\":\"https:\\\/\\\/yabune-home.hu\\\/okos-energiafelhasznalas\\\/#primaryimage\",\"url\":\"https:\\\/\\\/yabune-home.hu\\\/wp-content\\\/uploads\\\/2019\\\/11\\\/shutterstock_714592765-scaled-e1574936422962.jpg\",\"contentUrl\":\"https:\\\/\\\/yabune-home.hu\\\/wp-content\\\/uploads\\\/2019\\\/11\\\/shutterstock_714592765-scaled-e1574936422962.jpg\",\"width\":1170,\"height\":658,\"caption\":\"Energiatakar\u00e9koss\u00e1g\"},{\"@type\":\"BreadcrumbList\",\"@id\":\"https:\\\/\\\/yabune-home.hu\\\/okos-energiafelhasznalas\\\/#breadcrumb\",\"itemListElement\":[{\"@type\":\"ListItem\",\"position\":1,\"name\":\"Home\",\"item\":\"https:\\\/\\\/yabune-home.hu\\\/\"},{\"@type\":\"ListItem\",\"position\":2,\"name\":\"Okos energiafelhaszn\u00e1l\u00e1s &#8211; Tedd z\u00f6ldebb\u00e9 a vil\u00e1god!\"}]},{\"@type\":\"WebSite\",\"@id\":\"https:\\\/\\\/yabune-home.hu\\\/#website\",\"url\":\"https:\\\/\\\/yabune-home.hu\\\/\",\"name\":\"Yabune\",\"description\":\"Okos rendszerek\",\"publisher\":{\"@id\":\"https:\\\/\\\/yabune-home.hu\\\/#organization\"},\"potentialAction\":[{\"@type\":\"SearchAction\",\"target\":{\"@type\":\"EntryPoint\",\"urlTemplate\":\"https:\\\/\\\/yabune-home.hu\\\/?s={search_term_string}\"},\"query-input\":{\"@type\":\"PropertyValueSpecification\",\"valueRequired\":true,\"valueName\":\"search_term_string\"}}],\"inLanguage\":\"en-US\"},{\"@type\":\"Organization\",\"@id\":\"https:\\\/\\\/yabune-home.hu\\\/#organization\",\"name\":\"Yabune Home\",\"url\":\"https:\\\/\\\/yabune-home.hu\\\/\",\"logo\":{\"@type\":\"ImageObject\",\"inLanguage\":\"en-US\",\"@id\":\"https:\\\/\\\/yabune-home.hu\\\/#\\\/schema\\\/logo\\\/image\\\/\",\"url\":\"https:\\\/\\\/yabune-home.hu\\\/wp-content\\\/uploads\\\/2019\\\/09\\\/magaslogo_szines_128.png\",\"contentUrl\":\"https:\\\/\\\/yabune-home.hu\\\/wp-content\\\/uploads\\\/2019\\\/09\\\/magaslogo_szines_128.png\",\"width\":128,\"height\":72,\"caption\":\"Yabune Home\"},\"image\":{\"@id\":\"https:\\\/\\\/yabune-home.hu\\\/#\\\/schema\\\/logo\\\/image\\\/\"},\"sameAs\":[\"https:\\\/\\\/www.facebook.com\\\/yabunehome\",\"https:\\\/\\\/www.instagram.com\\\/yabune_home\\\/\"]}]}<\/script>\n<!-- \/ Yoast SEO Premium plugin. -->","yoast_head_json":{"title":"Okos energiafelhaszn\u00e1l\u00e1s - Tedd z\u00f6ldebb\u00e9 a vil\u00e1god! | Yabune","description":"Energiafelhaszn\u00e1l\u00e1s okosan? Seg\u00edt\u00fcnk eligazodni a lehet\u0151s\u00e9gek k\u00f6z\u00f6tt! Napelem a tet\u0151n, geotermikus f\u0171t\u00e9s, akkummul\u00e1toros energia t\u00e1rol\u00e1s \u00e9s minden m\u00e1s.","robots":{"index":"index","follow":"follow","max-snippet":"max-snippet:-1","max-image-preview":"max-image-preview:large","max-video-preview":"max-video-preview:-1"},"canonical":"https:\/\/yabune-home.hu\/en\/okos-energiafelhasznalas\/","og_locale":"en_US","og_type":"article","og_title":"Okos energiafelhaszn\u00e1l\u00e1s - Tedd z\u00f6ldebb\u00e9 a vil\u00e1god!","og_description":"Energiafelhaszn\u00e1l\u00e1s okosan? Seg\u00edt\u00fcnk eligazodni a lehet\u0151s\u00e9gek k\u00f6z\u00f6tt! Napelem a tet\u0151n, geotermikus f\u0171t\u00e9s, akkummul\u00e1toros energia t\u00e1rol\u00e1s \u00e9s minden m\u00e1s.","og_url":"https:\/\/yabune-home.hu\/en\/okos-energiafelhasznalas\/","og_site_name":"Yabune","article_publisher":"https:\/\/www.facebook.com\/yabunehome","article_modified_time":"2024-01-28T19:07:11+00:00","og_image":[{"width":1170,"height":658,"url":"https:\/\/yabune-home.hu\/wp-content\/uploads\/2019\/11\/shutterstock_714592765-scaled-e1574936422962.jpg","type":"image\/jpeg"}],"twitter_misc":{"Est. reading time":"2 minutes"},"schema":{"@context":"https:\/\/schema.org","@graph":[{"@type":"WebPage","@id":"https:\/\/yabune-home.hu\/okos-energiafelhasznalas\/","url":"https:\/\/yabune-home.hu\/okos-energiafelhasznalas\/","name":"Okos energiafelhaszn\u00e1l\u00e1s - Tedd z\u00f6ldebb\u00e9 a vil\u00e1god! | Yabune","isPartOf":{"@id":"https:\/\/yabune-home.hu\/#website"},"primaryImageOfPage":{"@id":"https:\/\/yabune-home.hu\/okos-energiafelhasznalas\/#primaryimage"},"image":{"@id":"https:\/\/yabune-home.hu\/okos-energiafelhasznalas\/#primaryimage"},"thumbnailUrl":"https:\/\/yabune-home.hu\/wp-content\/uploads\/2019\/11\/shutterstock_714592765-scaled-e1574936422962.jpg","datePublished":"2019-11-28T10:20:39+00:00","dateModified":"2024-01-28T19:07:11+00:00","description":"Energiafelhaszn\u00e1l\u00e1s okosan? Seg\u00edt\u00fcnk eligazodni a lehet\u0151s\u00e9gek k\u00f6z\u00f6tt! Napelem a tet\u0151n, geotermikus f\u0171t\u00e9s, akkummul\u00e1toros energia t\u00e1rol\u00e1s \u00e9s minden m\u00e1s.","breadcrumb":{"@id":"https:\/\/yabune-home.hu\/okos-energiafelhasznalas\/#breadcrumb"},"inLanguage":"en-US","potentialAction":[{"@type":"ReadAction","target":["https:\/\/yabune-home.hu\/okos-energiafelhasznalas\/"]}]},{"@type":"ImageObject","inLanguage":"en-US","@id":"https:\/\/yabune-home.hu\/okos-energiafelhasznalas\/#primaryimage","url":"https:\/\/yabune-home.hu\/wp-content\/uploads\/2019\/11\/shutterstock_714592765-scaled-e1574936422962.jpg","contentUrl":"https:\/\/yabune-home.hu\/wp-content\/uploads\/2019\/11\/shutterstock_714592765-scaled-e1574936422962.jpg","width":1170,"height":658,"caption":"Energiatakar\u00e9koss\u00e1g"},{"@type":"BreadcrumbList","@id":"https:\/\/yabune-home.hu\/okos-energiafelhasznalas\/#breadcrumb","itemListElement":[{"@type":"ListItem","position":1,"name":"Home","item":"https:\/\/yabune-home.hu\/"},{"@type":"ListItem","position":2,"name":"Okos energiafelhaszn\u00e1l\u00e1s &#8211; Tedd z\u00f6ldebb\u00e9 a vil\u00e1god!"}]},{"@type":"WebSite","@id":"https:\/\/yabune-home.hu\/#website","url":"https:\/\/yabune-home.hu\/","name":"Yabune","description":"Okos rendszerek","publisher":{"@id":"https:\/\/yabune-home.hu\/#organization"},"potentialAction":[{"@type":"SearchAction","target":{"@type":"EntryPoint","urlTemplate":"https:\/\/yabune-home.hu\/?s={search_term_string}"},"query-input":{"@type":"PropertyValueSpecification","valueRequired":true,"valueName":"search_term_string"}}],"inLanguage":"en-US"},{"@type":"Organization","@id":"https:\/\/yabune-home.hu\/#organization","name":"Yabune Home","url":"https:\/\/yabune-home.hu\/","logo":{"@type":"ImageObject","inLanguage":"en-US","@id":"https:\/\/yabune-home.hu\/#\/schema\/logo\/image\/","url":"https:\/\/yabune-home.hu\/wp-content\/uploads\/2019\/09\/magaslogo_szines_128.png","contentUrl":"https:\/\/yabune-home.hu\/wp-content\/uploads\/2019\/09\/magaslogo_szines_128.png","width":128,"height":72,"caption":"Yabune Home"},"image":{"@id":"https:\/\/yabune-home.hu\/#\/schema\/logo\/image\/"},"sameAs":["https:\/\/www.facebook.com\/yabunehome","https:\/\/www.instagram.com\/yabune_home\/"]}]}},"_links":{"self":[{"href":"https:\/\/yabune-home.hu\/en\/wp-json\/wp\/v2\/pages\/5504","targetHints":{"allow":["GET"]}}],"collection":[{"href":"https:\/\/yabune-home.hu\/en\/wp-json\/wp\/v2\/pages"}],"about":[{"href":"https:\/\/yabune-home.hu\/en\/wp-json\/wp\/v2\/types\/page"}],"author":[{"embeddable":true,"href":"https:\/\/yabune-home.hu\/en\/wp-json\/wp\/v2\/users\/5"}],"replies":[{"embeddable":true,"href":"https:\/\/yabune-home.hu\/en\/wp-json\/wp\/v2\/comments?post=5504"}],"version-history":[{"count":13,"href":"https:\/\/yabune-home.hu\/en\/wp-json\/wp\/v2\/pages\/5504\/revisions"}],"predecessor-version":[{"id":14064,"href":"https:\/\/yabune-home.hu\/en\/wp-json\/wp\/v2\/pages\/5504\/revisions\/14064"}],"wp:featuredmedia":[{"embeddable":true,"href":"https:\/\/yabune-home.hu\/en\/wp-json\/wp\/v2\/media\/5505"}],"wp:attachment":[{"href":"https:\/\/yabune-home.hu\/en\/wp-json\/wp\/v2\/media?parent=5504"}],"curies":[{"name":"wp","href":"https:\/\/api.w.org\/{rel}","templated":true}]}}