{"id":5502,"date":"2019-11-28T12:18:30","date_gmt":"2019-11-28T10:18:30","guid":{"rendered":"https:\/\/yabune-home.hu\/?post_type=cwsportfolio&#038;p=5502"},"modified":"2024-01-28T20:07:21","modified_gmt":"2024-01-28T19:07:21","slug":"okos-felugyelet","status":"publish","type":"page","link":"https:\/\/yabune-home.hu\/en\/okos-felugyelet\/","title":{"rendered":"Okos fel\u00fcgyelet &#8211; Tudd biztons\u00e1gban otthonod!"},"content":{"rendered":"<div data-elementor-type=\"wp-page\" data-elementor-id=\"5502\" class=\"elementor elementor-5502\" data-elementor-post-type=\"page\">\n\t\t\t\t\t\t<section class=\"elementor-section elementor-top-section elementor-element elementor-element-71d50064 elementor-section-boxed elementor-section-height-default elementor-section-height-default\" data-id=\"71d50064\" data-element_type=\"section\" data-e-type=\"section\">\n\t\t\t\t\t\t<div class=\"elementor-container elementor-column-gap-default\">\n\t\t\t\t\t<div class=\"elementor-column elementor-col-100 elementor-top-column elementor-element elementor-element-6f965948\" data-id=\"6f965948\" data-element_type=\"column\" data-e-type=\"column\">\n\t\t\t<div class=\"elementor-widget-wrap elementor-element-populated\">\n\t\t\t\t\t\t<div class=\"elementor-element elementor-element-2d27a64 elementor-widget elementor-widget-image\" data-id=\"2d27a64\" data-element_type=\"widget\" data-e-type=\"widget\" data-widget_type=\"image.default\">\n\t\t\t\t<div class=\"elementor-widget-container\">\n\t\t\t\t\t\t\t\t\t\t\t\t\t\t\t<img fetchpriority=\"high\" decoding=\"async\" width=\"1024\" height=\"684\" src=\"https:\/\/yabune-home.hu\/wp-content\/uploads\/2021\/05\/okos_otthon_vezerles-1024x684.jpg\" class=\"attachment-large size-large wp-image-6847\" alt=\"Okos otthon vez\u00e9rl\u00e9s\" srcset=\"https:\/\/yabune-home.hu\/wp-content\/uploads\/2021\/05\/okos_otthon_vezerles-1024x684.jpg 1024w, https:\/\/yabune-home.hu\/wp-content\/uploads\/2021\/05\/okos_otthon_vezerles-300x200.jpg 300w, https:\/\/yabune-home.hu\/wp-content\/uploads\/2021\/05\/okos_otthon_vezerles-768x513.jpg 768w, https:\/\/yabune-home.hu\/wp-content\/uploads\/2021\/05\/okos_otthon_vezerles-1536x1025.jpg 1536w, https:\/\/yabune-home.hu\/wp-content\/uploads\/2021\/05\/okos_otthon_vezerles-2048x1367.jpg 2048w\" sizes=\"(max-width: 1024px) 100vw, 1024px\" \/>\t\t\t\t\t\t\t\t\t\t\t\t\t\t\t<\/div>\n\t\t\t\t<\/div>\n\t\t\t\t<div class=\"elementor-element elementor-element-1f2c24c elementor-widget elementor-widget-heading\" data-id=\"1f2c24c\" data-element_type=\"widget\" data-e-type=\"widget\" data-widget_type=\"heading.default\">\n\t\t\t\t<div class=\"elementor-widget-container\">\n\t\t\t\t\t<h2 class=\"elementor-heading-title elementor-size-default\"><br>Okos fel\u00fcgyelet - Tudd biztons\u00e1gban otthonod!<\/h2>\t\t\t\t<\/div>\n\t\t\t\t<\/div>\n\t\t\t\t<div class=\"elementor-element elementor-element-2c479893 elementor-widget elementor-widget-text-editor\" data-id=\"2c479893\" data-element_type=\"widget\" data-e-type=\"widget\" data-widget_type=\"text-editor.default\">\n\t\t\t\t<div class=\"elementor-widget-container\">\n\t\t\t\t\t\t\t\t\t<p><span style=\"font-weight: 400;\">Teljesk\u00f6r\u0171 fel\u00fcgyelet? Megoldhat\u00f3. Ki ne f\u00e9lten\u00e9 az otthon\u00e1t bet\u00f6r\u00e9st\u0151l term\u00e9szeti k\u00e1rokt\u00f3l, vagy ak\u00e1r egy bekapcsolva felejtett vasal\u00f3t\u00f3l? A Yabune Home Okosotthon rendszer seg\u00edts\u00e9g\u00e9vel otthonod \u00e1llapot\u00e1t mindig szemmeltarthatod. Az intelligens kamera rendszereket a legk\u00fcl\u00f6nb\u00f6z\u0151bb (sz\u00e9n-monoxid, f\u00fcst, v\u00edzfoly\u00e1s, ajt\u00f3-ablak nyit\u00e1s) \u00e9rz\u00e9kel\u0151kkel \u00f6sszek\u00f6tve biztons\u00e1gban tudhatod csal\u00e1dod. Egyszer\u0171en, szem\u00e9lyre szabva sz\u00e1ll\u00edtjuk le az otthonod v\u00e9delm\u00e9t szolg\u00e1l\u00f3 megold\u00e1st. <\/span><\/p><p><span style=\"font-weight: 400;\">A Yabune Home Okosotthonn\u00e1l a megel\u0151z\u00e9sben hisz\u00fcnk \u00e9s ehhez minden sz\u00fcks\u00e9ges eszk\u00f6zt biztos\u00edtani tudunk.<\/span><\/p><p><span style=\"font-weight: 400;\">A d\u00f6nt\u00e9s a Te kezedben van, a fel\u00fcgyelet a ti\u00e9d:<\/span><\/p><ul><li style=\"font-weight: 400;\"><span style=\"font-weight: 400;\">Te d\u00f6nt\u00f6d el, hogy a kamer\u00e1kat \u00e9s \u00e9rz\u00e9kel\u0151ket mikor kapcsolod ki vagy be.<\/span><\/li><li style=\"font-weight: 400;\"><span style=\"font-weight: 400;\">Elutazol, de szeretn\u00e9d, hogy \u00fagy t\u0171nj\u00f6n, hogy otthon vagy? A Yabune Home Okosotthon rendszer seg\u00edts\u00e9g\u00e9vel otthonod automatikusan \u00e1ll\u00edtja a red\u0151ny\u00f6ket, fel- \u00e9s lekapcsolja a villanyt.<\/span><\/li><li style=\"font-weight: 400;\"><span style=\"font-weight: 400;\">Szeretn\u00e9l otthonod minden rezd\u00fcl\u00e9s\u00e9r\u0151l tudni? Az okos \u00e9rz\u00e9kel\u0151k integr\u00e1ci\u00f3j\u00e1val azonnal \u00e9szreveheted, ha az okos mos\u00f3g\u00e9ped ereszti a vizet \u00e9s automatikusan kikapcsolhatod miel\u0151tt el\u00e1rasztan\u00e1 a f\u00fcrd\u0151szob\u00e1t.<\/span><\/li><li style=\"font-weight: 400;\"><span style=\"font-weight: 400;\">T\u00e1volr\u00f3l lekapcsolhatod b\u00e1rmelyik l\u00e1mp\u00e1t, ha m\u00e1r este t\u00fal \u00e1lmos volt\u00e1l \u00e9s \u00e9gve felejtetted.<\/span><\/li><li style=\"font-weight: 400;\"><span style=\"font-weight: 400;\">Megel\u0151zheted a h\u00e1ztart\u00e1si t\u00fczeket okos f\u00fcst\u00e9rz\u00e9kel\u0151k elhelyez\u00e9s\u00e9vel. Azonnal riaszt\u00e1st kapsz, ha a ruh\u00e1n maradt a vasal\u00f3 vagy nem f\u00fajtad el az adventi koszor\u00fa gyerty\u00e1it.<\/span><\/li><li style=\"font-weight: 400;\"><span style=\"font-weight: 400;\">A Yabune Home arra is figyelmeztet, ha nyitva maradt egy ajt\u00f3 vagy ablak.<\/span><\/li><li style=\"font-weight: 400;\"><span style=\"font-weight: 400;\">Kis\u00e1llatot tartasz otthon \u00e9s szeretn\u00e9l t\u00e1volr\u00f3l is vigy\u00e1zni r\u00e1? A Yabune Home fel\u00fclet\u00e9n kereszt\u00fcl ellen\u0151rizheted, hogy minden rendben van vele. M\u00e9g besz\u00e9lhetsz a kis szerettedhez.<\/span><\/li><\/ul><p><span style=\"font-weight: 400;\">A Yabune Home-n\u00e1l k\u00fcl\u00f6n figyelmet ford\u00edtunk arra, hogy hat\u00e9kony eszk\u00f6z\u00f6ket adjunk a kezedbe otthonod megv\u00e9d\u00e9s\u00e9hez. Ez\u00e9rt fontos az okos fel\u00fcgyelet. Minden \u00f6tleted kivitelez\u00e9s\u00e9t megfontoljuk \u00e9s tan\u00e1csokkal t\u00e1mogatjuk.<\/span><\/p><p><span style=\"font-weight: 400;\">Ha fontos otthonod biztons\u00e1ga, ne habozz \u00e9s keress fel minket!<\/span><\/p><p><span style=\"font-weight: 400;\">\u00a0<\/span><\/p><h4 style=\"text-align: center;\"><strong>\u00c9rdekel az okos fel\u00fcgyelet? Ha v\u00e1laszod IGEN, akkor keress minket, t\u00f6ltsd ki az \u0171rlapot \u00e9s k\u00e9rj visszah\u00edv\u00e1st!<\/strong><\/h4><div class=\"wpcf7 no-js\" id=\"wpcf7-f14035-o1\" lang=\"en-US\" dir=\"ltr\" data-wpcf7-id=\"14035\">\n<div class=\"screen-reader-response\"><p role=\"status\" aria-live=\"polite\" aria-atomic=\"true\"><\/p> <ul><\/ul><\/div>\n<form action=\"\/en\/wp-json\/wp\/v2\/pages\/5502#wpcf7-f14035-o1\" method=\"post\" class=\"wpcf7-form init\" aria-label=\"Contact form\" novalidate=\"novalidate\" data-status=\"init\" data-trp-original-action=\"\/en\/wp-json\/wp\/v2\/pages\/5502#wpcf7-f14035-o1\">\n<fieldset class=\"hidden-fields-container\"><input type=\"hidden\" name=\"_wpcf7\" value=\"14035\" \/><input type=\"hidden\" name=\"_wpcf7_version\" value=\"6.1.5\" \/><input type=\"hidden\" name=\"_wpcf7_locale\" value=\"en_US\" \/><input type=\"hidden\" name=\"_wpcf7_unit_tag\" value=\"wpcf7-f14035-o1\" \/><input type=\"hidden\" name=\"_wpcf7_container_post\" value=\"0\" \/><input type=\"hidden\" name=\"_wpcf7_posted_data_hash\" value=\"\" \/><input type=\"hidden\" name=\"_wpcf7_recaptcha_response\" value=\"\" \/>\n<\/fieldset>\n<p><label> Name: *<br \/>\n<span class=\"wpcf7-form-control-wrap\" data-name=\"your-name\"><input size=\"40\" maxlength=\"400\" class=\"wpcf7-form-control wpcf7-text wpcf7-validates-as-required\" aria-required=\"true\" aria-invalid=\"false\" value=\"\" type=\"text\" name=\"your-name\" \/><\/span> <\/label>\n<\/p>\n<p><label> Email: *<br \/>\n<span class=\"wpcf7-form-control-wrap\" data-name=\"your-email\"><input size=\"40\" maxlength=\"400\" class=\"wpcf7-form-control wpcf7-email wpcf7-validates-as-required wpcf7-text wpcf7-validates-as-email\" aria-required=\"true\" aria-invalid=\"false\" value=\"\" type=\"email\" name=\"your-email\" \/><\/span> <\/label>\n<\/p>\n<p><label> Phone Number:* (Example: 06301234567)<br \/>\n<span class=\"wpcf7-form-control-wrap\" data-name=\"tel-262\"><input size=\"40\" maxlength=\"12\" minlength=\"11\" class=\"wpcf7-form-control wpcf7-tel wpcf7-validates-as-required wpcf7-text wpcf7-validates-as-tel\" aria-required=\"true\" aria-invalid=\"false\" value=\"\" type=\"tel\" name=\"tel-262\" \/><\/span> <\/label>\n<\/p>\n<p><label> Ir\u00e1ny\u00edt\u00f3sz\u00e1m: (projekt helysz\u00edn)<br \/>\n<span class=\"wpcf7-form-control-wrap\" data-name=\"iranyitoszam\"><input class=\"wpcf7-form-control wpcf7-number wpcf7-validates-as-number\" aria-invalid=\"false\" value=\"\" type=\"number\" name=\"iranyitoszam\" \/><\/span> <\/label>\n<\/p>\n<p><label> V\u00e1ros: (projekt helysz\u00edn)<br \/>\n<span class=\"wpcf7-form-control-wrap\" data-name=\"cim\"><input size=\"40\" maxlength=\"400\" class=\"wpcf7-form-control wpcf7-text\" aria-invalid=\"false\" value=\"\" type=\"text\" name=\"cim\" \/><\/span> <\/label>\n<\/p>\n<p><label> Utca, h\u00e1zsz\u00e1m: (projekt helysz\u00edn)<br \/>\n<span class=\"wpcf7-form-control-wrap\" data-name=\"utca\"><input size=\"40\" maxlength=\"400\" class=\"wpcf7-form-control wpcf7-text\" aria-invalid=\"false\" value=\"\" type=\"text\" name=\"utca\" \/><\/span> <\/label>\n<\/p>\n<p><label> Solutions You\u2019re Interested In: (You can select more than one) <\/label><br \/>\n<span class=\"wpcf7-form-control-wrap\" data-name=\"megoldasok\"><select class=\"wpcf7-form-control wpcf7-select wpcf7-validates-as-required\" aria-required=\"true\" aria-invalid=\"false\" multiple=\"multiple\" name=\"megoldasok[]\"><option value=\"Smart Residence\">Smart Residence<\/option><option value=\"Okos \u00c1rny\u00e9kol\u00e1s\">Smart Shading<\/option><option value=\"Okos H\u0171t\u00e9s-F\u0171t\u00e9s\">Smart Heating-Cooling<\/option><option value=\"Okos Vil\u00e1g\u00edt\u00e1s\">Smart Lighting<\/option><option value=\"Okos Kert\">Smart Garden<\/option><option value=\"Okos Energiafelhaszn\u00e1l\u00e1s\">Smart Energy Use<\/option><option value=\"Okos Fel\u00fcgyelet\">Smart Supervision<\/option><option value=\"Okos H\u00e1ztart\u00e1si Eszk\u00f6z\u00f6k\">Smart Household Appliances<\/option><option value=\"Okosotthon \u00c9l\u0151 Tesztszoba\">Smart Home Live Test Room<\/option><\/select><\/span>\n<\/p>\n<p><label> When Would You Like to Install Your Smart Home System? <\/label><br \/>\n<span class=\"wpcf7-form-control-wrap\" data-name=\"igenyles\"><select class=\"wpcf7-form-control wpcf7-select wpcf7-validates-as-required\" aria-required=\"true\" aria-invalid=\"false\" name=\"igenyles\"><option value=\"Azonnal\">Immediately<\/option><option value=\"P\u00e1r h\u00e9ten bel\u00fcl\">In a couple of weeks<\/option><option value=\"1 - 2 h\u00f3napon bel\u00fcl\">In 1-2 months<\/option><option value=\"2 - 4 h\u00f3napon bel\u00fcl\">2 &#8211; 4 h\u00f3napon bel\u00fcl<\/option><option value=\"T\u00f6bb, mint 4 h\u00f3nap m\u00falva\">In more than 4 months<\/option><\/select><\/span>\n<\/p>\n<p><label> How Did You Hear About Us? <\/label><br \/>\n<span class=\"wpcf7-form-control-wrap\" data-name=\"forras\"><select class=\"wpcf7-form-control wpcf7-select wpcf7-validates-as-required\" aria-required=\"true\" aria-invalid=\"false\" name=\"forras\"><option value=\"Facebook\">Facebook<\/option><option value=\"K\u00f6mkel Podcast\">K\u00f6mkel Podcast<\/option><option value=\"OkosOtthon Labor Podcast\">OkosOtthon Labor Podcast<\/option><option value=\"Google\">Google<\/option><option value=\"Ismer\u0151s aj\u00e1nl\u00e1sa\">From Friends<\/option><option value=\"Egy\u00e9b\">Other<\/option><\/select><\/span>\n<\/p>\n<p><label> Do You Have Your Own Idea? Write to Us! <\/label><br \/>\n<span class=\"wpcf7-form-control-wrap\" data-name=\"otlet\"><textarea cols=\"40\" rows=\"10\" maxlength=\"2000\" class=\"wpcf7-form-control wpcf7-textarea\" aria-invalid=\"false\" name=\"otlet\"><\/textarea><\/span>\n<\/p>\n<p><span class=\"wpcf7-form-control-wrap\" data-name=\"privacy-policy\"><span class=\"wpcf7-form-control wpcf7-acceptance optional\"><span class=\"wpcf7-list-item\"><label class=\"translation-block\"><span class=\"wpcf7-form-control-wrap\" data-name=\"privacy-policy\"><span class=\"wpcf7-form-control wpcf7-acceptance\"><span class=\"wpcf7-list-item\"><label><span class=\"wpcf7-list-item-label\">I accept the <a href=\"https:\/\/yabune-home.hu\/en\/adatvedelem-ugyfel\/\" target=\"_self\">Privacy Notice and Information on the Processing of Personal Data<\/a><\/span><\/label><\/span><\/span><\/span><\/label><\/span><\/span><\/span>\n<\/p>\n<p><input class=\"wpcf7-form-control wpcf7-submit has-spinner\" type=\"submit\" value=\"Let&#039;s talk!\" \/>\n<\/p><div class=\"wpcf7-response-output\" aria-hidden=\"true\"><\/div>\n<input type=\"hidden\" name=\"trp-form-language\" value=\"en\"\/><\/form>\n<\/div>\t\t\t\t\t\t\t\t<\/div>\n\t\t\t\t<\/div>\n\t\t\t\t\t<\/div>\n\t\t<\/div>\n\t\t\t\t\t<\/div>\n\t\t<\/section>\n\t\t\t\t<\/div>","protected":false},"excerpt":{"rendered":"<p>Okos fel\u00fcgyelet &#8211; Tudd biztons\u00e1gban otthonod! Teljesk\u00f6r\u0171 fel\u00fcgyelet? Megoldhat\u00f3. Ki ne f\u00e9lten\u00e9 az otthon\u00e1t bet\u00f6r\u00e9st\u0151l term\u00e9szeti k\u00e1rokt\u00f3l, vagy ak\u00e1r egy bekapcsolva felejtett vasal\u00f3t\u00f3l? A Yabune Home Okosotthon rendszer seg\u00edts\u00e9g\u00e9vel otthonod \u00e1llapot\u00e1t mindig szemmeltarthatod. Az intelligens kamera rendszereket a legk\u00fcl\u00f6nb\u00f6z\u0151bb (sz\u00e9n-monoxid, f\u00fcst, v\u00edzfoly\u00e1s, ajt\u00f3-ablak nyit\u00e1s) \u00e9rz\u00e9kel\u0151kkel \u00f6sszek\u00f6tve biztons\u00e1gban tudhatod csal\u00e1dod. Egyszer\u0171en, szem\u00e9lyre szabva sz\u00e1ll\u00edtjuk le az [&hellip;]<\/p>\n","protected":false},"author":5,"featured_media":5503,"parent":0,"menu_order":0,"comment_status":"closed","ping_status":"closed","template":"","meta":{"_monsterinsights_skip_tracking":false,"_monsterinsights_sitenote_active":false,"_monsterinsights_sitenote_note":"","_monsterinsights_sitenote_category":0,"_uf_show_specific_survey":0,"_uf_disable_surveys":false,"footnotes":""},"class_list":["post-5502","page","type-page","status-publish","has-post-thumbnail","hentry"],"yoast_head":"<!-- This site is optimized with the Yoast SEO Premium plugin v21.3 (Yoast SEO v27.3) - https:\/\/yoast.com\/product\/yoast-seo-premium-wordpress\/ -->\n<title>Okos fel\u00fcgyelet - Tudd biztons\u00e1gban otthonod! | Yabune<\/title>\n<meta name=\"description\" content=\"A Yabune Home Okosotthon rendszer seg\u00edts\u00e9g\u00e9vel otthonod \u00e1llapot\u00e1t teljesk\u00f6r\u0171 okos fel\u00fcgyelet alatt tarthatod. Hat\u00e9kony eszk\u00f6z\u00f6ket adjunk a kezedbe.\" \/>\n<meta name=\"robots\" content=\"index, follow, max-snippet:-1, max-image-preview:large, max-video-preview:-1\" \/>\n<link rel=\"canonical\" href=\"https:\/\/yabune-home.hu\/en\/okos-felugyelet\/\" \/>\n<meta property=\"og:locale\" content=\"en_US\" \/>\n<meta property=\"og:type\" content=\"article\" \/>\n<meta property=\"og:title\" content=\"Okos fel\u00fcgyelet - Tudd biztons\u00e1gban otthonod!\" \/>\n<meta property=\"og:description\" content=\"A Yabune Home Okosotthon rendszer seg\u00edts\u00e9g\u00e9vel otthonod \u00e1llapot\u00e1t teljesk\u00f6r\u0171 okos fel\u00fcgyelet alatt tarthatod. Hat\u00e9kony eszk\u00f6z\u00f6ket adjunk a kezedbe.\" \/>\n<meta property=\"og:url\" content=\"https:\/\/yabune-home.hu\/en\/okos-felugyelet\/\" \/>\n<meta property=\"og:site_name\" content=\"Yabune\" \/>\n<meta property=\"article:publisher\" content=\"https:\/\/www.facebook.com\/yabunehome\" \/>\n<meta property=\"article:modified_time\" content=\"2024-01-28T19:07:21+00:00\" \/>\n<meta property=\"og:image\" content=\"https:\/\/yabune-home.hu\/wp-content\/uploads\/2019\/11\/shutterstock_764832079-scaled-e1574936284586.jpg\" \/>\n\t<meta property=\"og:image:width\" content=\"1170\" \/>\n\t<meta property=\"og:image:height\" content=\"658\" \/>\n\t<meta property=\"og:image:type\" content=\"image\/jpeg\" \/>\n<meta name=\"twitter:label1\" content=\"Est. reading time\" \/>\n\t<meta name=\"twitter:data1\" content=\"2 minutes\" \/>\n<script type=\"application\/ld+json\" class=\"yoast-schema-graph\">{\"@context\":\"https:\\\/\\\/schema.org\",\"@graph\":[{\"@type\":\"WebPage\",\"@id\":\"https:\\\/\\\/yabune-home.hu\\\/okos-felugyelet\\\/\",\"url\":\"https:\\\/\\\/yabune-home.hu\\\/okos-felugyelet\\\/\",\"name\":\"Okos fel\u00fcgyelet - Tudd biztons\u00e1gban otthonod! | Yabune\",\"isPartOf\":{\"@id\":\"https:\\\/\\\/yabune-home.hu\\\/#website\"},\"primaryImageOfPage\":{\"@id\":\"https:\\\/\\\/yabune-home.hu\\\/okos-felugyelet\\\/#primaryimage\"},\"image\":{\"@id\":\"https:\\\/\\\/yabune-home.hu\\\/okos-felugyelet\\\/#primaryimage\"},\"thumbnailUrl\":\"https:\\\/\\\/yabune-home.hu\\\/wp-content\\\/uploads\\\/2019\\\/11\\\/shutterstock_764832079-scaled-e1574936284586.jpg\",\"datePublished\":\"2019-11-28T10:18:30+00:00\",\"dateModified\":\"2024-01-28T19:07:21+00:00\",\"description\":\"A Yabune Home Okosotthon rendszer seg\u00edts\u00e9g\u00e9vel otthonod \u00e1llapot\u00e1t teljesk\u00f6r\u0171 okos fel\u00fcgyelet alatt tarthatod. Hat\u00e9kony eszk\u00f6z\u00f6ket adjunk a kezedbe.\",\"breadcrumb\":{\"@id\":\"https:\\\/\\\/yabune-home.hu\\\/okos-felugyelet\\\/#breadcrumb\"},\"inLanguage\":\"en-US\",\"potentialAction\":[{\"@type\":\"ReadAction\",\"target\":[\"https:\\\/\\\/yabune-home.hu\\\/okos-felugyelet\\\/\"]}]},{\"@type\":\"ImageObject\",\"inLanguage\":\"en-US\",\"@id\":\"https:\\\/\\\/yabune-home.hu\\\/okos-felugyelet\\\/#primaryimage\",\"url\":\"https:\\\/\\\/yabune-home.hu\\\/wp-content\\\/uploads\\\/2019\\\/11\\\/shutterstock_764832079-scaled-e1574936284586.jpg\",\"contentUrl\":\"https:\\\/\\\/yabune-home.hu\\\/wp-content\\\/uploads\\\/2019\\\/11\\\/shutterstock_764832079-scaled-e1574936284586.jpg\",\"width\":1170,\"height\":658,\"caption\":\"Okos otthon vez\u00e9rl\u00e9s tablettel\"},{\"@type\":\"BreadcrumbList\",\"@id\":\"https:\\\/\\\/yabune-home.hu\\\/okos-felugyelet\\\/#breadcrumb\",\"itemListElement\":[{\"@type\":\"ListItem\",\"position\":1,\"name\":\"Home\",\"item\":\"https:\\\/\\\/yabune-home.hu\\\/\"},{\"@type\":\"ListItem\",\"position\":2,\"name\":\"Okos fel\u00fcgyelet &#8211; Tudd biztons\u00e1gban otthonod!\"}]},{\"@type\":\"WebSite\",\"@id\":\"https:\\\/\\\/yabune-home.hu\\\/#website\",\"url\":\"https:\\\/\\\/yabune-home.hu\\\/\",\"name\":\"Yabune\",\"description\":\"Okos rendszerek\",\"publisher\":{\"@id\":\"https:\\\/\\\/yabune-home.hu\\\/#organization\"},\"potentialAction\":[{\"@type\":\"SearchAction\",\"target\":{\"@type\":\"EntryPoint\",\"urlTemplate\":\"https:\\\/\\\/yabune-home.hu\\\/?s={search_term_string}\"},\"query-input\":{\"@type\":\"PropertyValueSpecification\",\"valueRequired\":true,\"valueName\":\"search_term_string\"}}],\"inLanguage\":\"en-US\"},{\"@type\":\"Organization\",\"@id\":\"https:\\\/\\\/yabune-home.hu\\\/#organization\",\"name\":\"Yabune Home\",\"url\":\"https:\\\/\\\/yabune-home.hu\\\/\",\"logo\":{\"@type\":\"ImageObject\",\"inLanguage\":\"en-US\",\"@id\":\"https:\\\/\\\/yabune-home.hu\\\/#\\\/schema\\\/logo\\\/image\\\/\",\"url\":\"https:\\\/\\\/yabune-home.hu\\\/wp-content\\\/uploads\\\/2019\\\/09\\\/magaslogo_szines_128.png\",\"contentUrl\":\"https:\\\/\\\/yabune-home.hu\\\/wp-content\\\/uploads\\\/2019\\\/09\\\/magaslogo_szines_128.png\",\"width\":128,\"height\":72,\"caption\":\"Yabune Home\"},\"image\":{\"@id\":\"https:\\\/\\\/yabune-home.hu\\\/#\\\/schema\\\/logo\\\/image\\\/\"},\"sameAs\":[\"https:\\\/\\\/www.facebook.com\\\/yabunehome\",\"https:\\\/\\\/www.instagram.com\\\/yabune_home\\\/\"]}]}<\/script>\n<!-- \/ Yoast SEO Premium plugin. -->","yoast_head_json":{"title":"Okos fel\u00fcgyelet - Tudd biztons\u00e1gban otthonod! | Yabune","description":"A Yabune Home Okosotthon rendszer seg\u00edts\u00e9g\u00e9vel otthonod \u00e1llapot\u00e1t teljesk\u00f6r\u0171 okos fel\u00fcgyelet alatt tarthatod. Hat\u00e9kony eszk\u00f6z\u00f6ket adjunk a kezedbe.","robots":{"index":"index","follow":"follow","max-snippet":"max-snippet:-1","max-image-preview":"max-image-preview:large","max-video-preview":"max-video-preview:-1"},"canonical":"https:\/\/yabune-home.hu\/en\/okos-felugyelet\/","og_locale":"en_US","og_type":"article","og_title":"Okos fel\u00fcgyelet - Tudd biztons\u00e1gban otthonod!","og_description":"A Yabune Home Okosotthon rendszer seg\u00edts\u00e9g\u00e9vel otthonod \u00e1llapot\u00e1t teljesk\u00f6r\u0171 okos fel\u00fcgyelet alatt tarthatod. Hat\u00e9kony eszk\u00f6z\u00f6ket adjunk a kezedbe.","og_url":"https:\/\/yabune-home.hu\/en\/okos-felugyelet\/","og_site_name":"Yabune","article_publisher":"https:\/\/www.facebook.com\/yabunehome","article_modified_time":"2024-01-28T19:07:21+00:00","og_image":[{"width":1170,"height":658,"url":"https:\/\/yabune-home.hu\/wp-content\/uploads\/2019\/11\/shutterstock_764832079-scaled-e1574936284586.jpg","type":"image\/jpeg"}],"twitter_misc":{"Est. reading time":"2 minutes"},"schema":{"@context":"https:\/\/schema.org","@graph":[{"@type":"WebPage","@id":"https:\/\/yabune-home.hu\/okos-felugyelet\/","url":"https:\/\/yabune-home.hu\/okos-felugyelet\/","name":"Okos fel\u00fcgyelet - Tudd biztons\u00e1gban otthonod! | Yabune","isPartOf":{"@id":"https:\/\/yabune-home.hu\/#website"},"primaryImageOfPage":{"@id":"https:\/\/yabune-home.hu\/okos-felugyelet\/#primaryimage"},"image":{"@id":"https:\/\/yabune-home.hu\/okos-felugyelet\/#primaryimage"},"thumbnailUrl":"https:\/\/yabune-home.hu\/wp-content\/uploads\/2019\/11\/shutterstock_764832079-scaled-e1574936284586.jpg","datePublished":"2019-11-28T10:18:30+00:00","dateModified":"2024-01-28T19:07:21+00:00","description":"A Yabune Home Okosotthon rendszer seg\u00edts\u00e9g\u00e9vel otthonod \u00e1llapot\u00e1t teljesk\u00f6r\u0171 okos fel\u00fcgyelet alatt tarthatod. Hat\u00e9kony eszk\u00f6z\u00f6ket adjunk a kezedbe.","breadcrumb":{"@id":"https:\/\/yabune-home.hu\/okos-felugyelet\/#breadcrumb"},"inLanguage":"en-US","potentialAction":[{"@type":"ReadAction","target":["https:\/\/yabune-home.hu\/okos-felugyelet\/"]}]},{"@type":"ImageObject","inLanguage":"en-US","@id":"https:\/\/yabune-home.hu\/okos-felugyelet\/#primaryimage","url":"https:\/\/yabune-home.hu\/wp-content\/uploads\/2019\/11\/shutterstock_764832079-scaled-e1574936284586.jpg","contentUrl":"https:\/\/yabune-home.hu\/wp-content\/uploads\/2019\/11\/shutterstock_764832079-scaled-e1574936284586.jpg","width":1170,"height":658,"caption":"Okos otthon vez\u00e9rl\u00e9s tablettel"},{"@type":"BreadcrumbList","@id":"https:\/\/yabune-home.hu\/okos-felugyelet\/#breadcrumb","itemListElement":[{"@type":"ListItem","position":1,"name":"Home","item":"https:\/\/yabune-home.hu\/"},{"@type":"ListItem","position":2,"name":"Okos fel\u00fcgyelet &#8211; Tudd biztons\u00e1gban otthonod!"}]},{"@type":"WebSite","@id":"https:\/\/yabune-home.hu\/#website","url":"https:\/\/yabune-home.hu\/","name":"Yabune","description":"Okos rendszerek","publisher":{"@id":"https:\/\/yabune-home.hu\/#organization"},"potentialAction":[{"@type":"SearchAction","target":{"@type":"EntryPoint","urlTemplate":"https:\/\/yabune-home.hu\/?s={search_term_string}"},"query-input":{"@type":"PropertyValueSpecification","valueRequired":true,"valueName":"search_term_string"}}],"inLanguage":"en-US"},{"@type":"Organization","@id":"https:\/\/yabune-home.hu\/#organization","name":"Yabune Home","url":"https:\/\/yabune-home.hu\/","logo":{"@type":"ImageObject","inLanguage":"en-US","@id":"https:\/\/yabune-home.hu\/#\/schema\/logo\/image\/","url":"https:\/\/yabune-home.hu\/wp-content\/uploads\/2019\/09\/magaslogo_szines_128.png","contentUrl":"https:\/\/yabune-home.hu\/wp-content\/uploads\/2019\/09\/magaslogo_szines_128.png","width":128,"height":72,"caption":"Yabune Home"},"image":{"@id":"https:\/\/yabune-home.hu\/#\/schema\/logo\/image\/"},"sameAs":["https:\/\/www.facebook.com\/yabunehome","https:\/\/www.instagram.com\/yabune_home\/"]}]}},"_links":{"self":[{"href":"https:\/\/yabune-home.hu\/en\/wp-json\/wp\/v2\/pages\/5502","targetHints":{"allow":["GET"]}}],"collection":[{"href":"https:\/\/yabune-home.hu\/en\/wp-json\/wp\/v2\/pages"}],"about":[{"href":"https:\/\/yabune-home.hu\/en\/wp-json\/wp\/v2\/types\/page"}],"author":[{"embeddable":true,"href":"https:\/\/yabune-home.hu\/en\/wp-json\/wp\/v2\/users\/5"}],"replies":[{"embeddable":true,"href":"https:\/\/yabune-home.hu\/en\/wp-json\/wp\/v2\/comments?post=5502"}],"version-history":[{"count":16,"href":"https:\/\/yabune-home.hu\/en\/wp-json\/wp\/v2\/pages\/5502\/revisions"}],"predecessor-version":[{"id":14067,"href":"https:\/\/yabune-home.hu\/en\/wp-json\/wp\/v2\/pages\/5502\/revisions\/14067"}],"wp:featuredmedia":[{"embeddable":true,"href":"https:\/\/yabune-home.hu\/en\/wp-json\/wp\/v2\/media\/5503"}],"wp:attachment":[{"href":"https:\/\/yabune-home.hu\/en\/wp-json\/wp\/v2\/media?parent=5502"}],"curies":[{"name":"wp","href":"https:\/\/api.w.org\/{rel}","templated":true}]}}