{"id":5498,"date":"2019-11-25T17:46:02","date_gmt":"2019-11-25T15:46:02","guid":{"rendered":"https:\/\/yabune-home.hu\/?post_type=cwsportfolio&#038;p=5498"},"modified":"2024-01-28T20:07:37","modified_gmt":"2024-01-28T19:07:37","slug":"okos-haztartasi-eszkozok","status":"publish","type":"page","link":"https:\/\/yabune-home.hu\/en\/okos-haztartasi-eszkozok\/","title":{"rendered":"Okos h\u00e1ztart\u00e1si eszk\u00f6z\u00f6k &#8211; Helyetted dolgoznak!"},"content":{"rendered":"<div data-elementor-type=\"wp-page\" data-elementor-id=\"5498\" class=\"elementor elementor-5498\" data-elementor-post-type=\"page\">\n\t\t\t\t\t\t<section class=\"elementor-section elementor-top-section elementor-element elementor-element-4459dcb9 elementor-section-boxed elementor-section-height-default elementor-section-height-default\" data-id=\"4459dcb9\" data-element_type=\"section\" data-e-type=\"section\">\n\t\t\t\t\t\t<div class=\"elementor-container elementor-column-gap-default\">\n\t\t\t\t\t<div class=\"elementor-column elementor-col-100 elementor-top-column elementor-element elementor-element-1db5f9e3\" data-id=\"1db5f9e3\" data-element_type=\"column\" data-e-type=\"column\">\n\t\t\t<div class=\"elementor-widget-wrap elementor-element-populated\">\n\t\t\t\t\t\t<div class=\"elementor-element elementor-element-ee4e5bc elementor-widget elementor-widget-image\" data-id=\"ee4e5bc\" data-element_type=\"widget\" data-e-type=\"widget\" data-widget_type=\"image.default\">\n\t\t\t\t<div class=\"elementor-widget-container\">\n\t\t\t\t\t\t\t\t\t\t\t\t\t\t\t<img fetchpriority=\"high\" decoding=\"async\" width=\"1024\" height=\"576\" src=\"https:\/\/yabune-home.hu\/wp-content\/uploads\/2019\/11\/shutterstock_1323499985-scaled-e1574936072823-1024x576.jpg\" class=\"attachment-large size-large wp-image-5501\" alt=\"Okos h\u00e1ztart\u00e1si eszk\u00f6z\u00f6k\" srcset=\"https:\/\/yabune-home.hu\/wp-content\/uploads\/2019\/11\/shutterstock_1323499985-scaled-e1574936072823-1024x576.jpg 1024w, https:\/\/yabune-home.hu\/wp-content\/uploads\/2019\/11\/shutterstock_1323499985-scaled-e1574936072823-300x169.jpg 300w, https:\/\/yabune-home.hu\/wp-content\/uploads\/2019\/11\/shutterstock_1323499985-scaled-e1574936072823-768x432.jpg 768w, https:\/\/yabune-home.hu\/wp-content\/uploads\/2019\/11\/shutterstock_1323499985-scaled-e1574936072823.jpg 1170w\" sizes=\"(max-width: 1024px) 100vw, 1024px\" \/>\t\t\t\t\t\t\t\t\t\t\t\t\t\t\t<\/div>\n\t\t\t\t<\/div>\n\t\t\t\t<div class=\"elementor-element elementor-element-1492cba elementor-widget elementor-widget-heading\" data-id=\"1492cba\" data-element_type=\"widget\" data-e-type=\"widget\" data-widget_type=\"heading.default\">\n\t\t\t\t<div class=\"elementor-widget-container\">\n\t\t\t\t\t<h2 class=\"elementor-heading-title elementor-size-default\"><br>Okos h\u00e1ztart\u00e1si eszk\u00f6z\u00f6k - Helyetted dolgoznak!<\/h2>\t\t\t\t<\/div>\n\t\t\t\t<\/div>\n\t\t\t\t<div class=\"elementor-element elementor-element-16e57bb0 elementor-widget elementor-widget-text-editor\" data-id=\"16e57bb0\" data-element_type=\"widget\" data-e-type=\"widget\" data-widget_type=\"text-editor.default\">\n\t\t\t\t<div class=\"elementor-widget-container\">\n\t\t\t\t\t\t\t\t\t<p><span style=\"font-weight: 400;\">Okos h\u00e1ztart\u00e1si eszk\u00f6z\u00f6k? J\u00f3l hangzik, de biztos mindenb\u0151l a leg\u00fajabbat kell megvenni? Mindig is okos h\u00e1ztart\u00e1si eszk\u00f6z\u00f6kre v\u00e1gyt\u00e1l, de nem szeretn\u00e9d az eg\u00e9sz lak\u00e1st \u00fajra berendezni? Elcs\u00e1b\u00edtott m\u00e1r egy-k\u00e9t okos berendez\u00e9s, de ideges\u00edt, hogy mindegyiket m\u00e1shogy kell kezelni? Szeretn\u00e9d, ha a g\u00e9pek egy\u00fcttm\u0171k\u00f6dn\u00e9nek egym\u00e1ssal \u00e9s a val\u00f3di probl\u00e9m\u00e1kat oldan\u00e1k meg?<\/span><\/p>\n<p><span style=\"font-weight: 400;\">A Yabune Home csapata seg\u00edt abban, hogyan v\u00e1ltoztasd r\u00e9gi \u00e9s \u00faj g\u00e9peidet okos otthonod integr\u00e1lt r\u00e9sz\u00e9v\u00e9.&nbsp;<\/span><\/p>\n<p><span style=\"font-weight: 400;\">Napjainkban egyre ink\u00e1bb elterjedt az a trend, hogy a gy\u00e1rt\u00f3k minden h\u00e1ztart\u00e1si eszk\u00f6zh\u00f6z hozz\u00e1adj\u00e1k az \u201eokos\u201d elnevez\u00e9st. Van m\u00e1r az okos k\u00e1v\u00e9f\u0151z\u0151, okos h\u0171t\u0151, okos mikrohull\u00e1m\u00fa s\u00fct\u0151 \u00e9s m\u00e9g sorolhatn\u00e1nk. Azonban ez n\u00e9ha t\u00e9nyleg csak ennyi: elnevez\u00e9s. J\u00f3 esetben egy plusz kezel\u0151fel\u00fclet, egy applik\u00e1ci\u00f3.<\/span><\/p>\n<p><span style=\"font-weight: 400;\">A Yabune Okosotthon Rendszer seg\u00edts\u00e9g\u00e9vel azonban val\u00f3s \u00e9rtelmet nyernek ezen- most m\u00e1r &#8211; okos h\u00e1ztart\u00e1si eszk\u00f6z\u00f6k. A Yabune Home-mal az al\u00e1bbi, r\u00e9gen futurisztikusnak hat\u00f3 lehet\u0151s\u00e9gek most m\u00e1r pillanatok alatt megval\u00f3s\u00edthat\u00f3ak:<\/span><\/p>\n<ul>\n<li style=\"font-weight: 400;\"><span style=\"font-weight: 400;\">&nbsp;<\/span><span style=\"font-weight: 400;\">Egys\u00e9ges fel\u00fcletr\u0151l ir\u00e1ny\u00edthatod az \u00f6sszes h\u00e1ztart\u00e1si g\u00e9ped, nem kell ugr\u00e1lnod a k\u00fcl\u00f6nb\u00f6z\u0151 applik\u00e1ci\u00f3k k\u00f6z\u00f6tt.<\/span><\/li>\n<li style=\"font-weight: 400;\"><span style=\"font-weight: 400;\">A g\u00e9pek egy rendszerbe integr\u00e1ltan, az \u00e9letedhez, ig\u00e9nyeidhez hangoltan m\u0171k\u00f6dnek.<\/span><\/li>\n<li style=\"font-weight: 400;\"><span style=\"font-weight: 400;\">Minden konyhai eszk\u00f6z\u00f6d \u00e1ram fogyaszt\u00e1s\u00e1t nyomon k\u00f6vetheted. Vajon az A+++ energia besorol\u00e1s\u00fak\u00e9nt megvett h\u0171t\u0151 t\u00e9nyleg teljes\u00edti az elv\u00e1r\u00e1saidat? A Yabune Home-mal ezt is ellen\u0151rizheted. Tov\u00e1bb sp\u00f3rolhatsz az energia sz\u00e1ml\u00e1n, ezzel is t\u00e9ve egy z\u00f6ldebb j\u00f6v\u0151\u00e9rt.<\/span><\/li>\n<\/ul>\n<p><span style=\"font-weight: 400;\">Az automatiz\u00e1ci\u00f3nak t\u00e9nyleg csak a k\u00e9pzeleted szab hat\u00e1rt:<\/span><\/p>\n<ul>\n<li style=\"font-weight: 400;\"><span style=\"font-weight: 400;\">Mire haza\u00e9rsz, otthonod v\u00e1rjon egy cs\u00e9sze forr\u00f3 k\u00e1v\u00e9val, vagy forr\u00f3 v\u00edzzel a te\u00e1hoz, ami pont akkorra k\u00e9sz\u00fcl el, amikor betoppansz az ajt\u00f3n.<\/span><\/li>\n<li style=\"font-weight: 400;\"><span style=\"font-weight: 400;\">T\u00e9len 100 fokosan szereted a teavizet, ny\u00e1ron 75 fokosan? Nem probl\u00e9ma.<\/span><\/li>\n<li style=\"font-weight: 400;\"><span style=\"font-weight: 400;\">Nincs t\u00f6bb\u00e9 oda\u00e9gett \u00e9tel az okos f\u00fcst\u00e9rz\u00e9kel\u0151 \u00e9s az okos s\u00fct\u0151 megfelel\u0151 kombin\u00e1l\u00e1s\u00e1val.<\/span><\/li>\n<li style=\"font-weight: 400;\"><span style=\"font-weight: 400;\">&nbsp;<\/span><span style=\"font-weight: 400;\">Ints b\u00facs\u00fat a \u201cVajon \u00e9gve hagytam a s\u00fct\u0151t?\u201d, \u201cNyitva hagytam a h\u0171t\u0151 ajtaj\u00e1t?\u201d k\u00e9rd\u00e9seknek. Okos otthonod lekapcsolja a s\u00fct\u0151t, amint elhagyod a lak\u00e1st, \u00e9s \u00e9rtes\u00edt, ha elfelejtetted bez\u00e1rni a h\u0171t\u0151 ajtaj\u00e1t.&nbsp;<\/span><\/li>\n<li style=\"font-weight: 400;\"><span style=\"font-weight: 400;\">A takar\u00edt\u00e1ssal is id\u0151 sp\u00f3rolhatsz: okos porsz\u00edv\u00f3d akkor takar\u00edt, amikor nem vagy otthon. A vizes felmos\u00f3 robot kitakar\u00edtja a konyh\u00e1t helyetted, \u00e9s az okos l\u00e9gtiszt\u00edt\u00f3 megszabad\u00edt a sz\u00e1ll\u00f3 port\u00f3l.<\/span><\/li>\n<\/ul>\n<p><span style=\"font-weight: 400;\">Itt az ideje, hogy megszabadulj a monoton h\u00e1zimunk\u00e1t\u00f3l. Ha szeretn\u00e9l energi\u00e1t \u00e9s id\u0151t sp\u00f3rolni, szeretn\u00e9d, ha sz\u00e1modra is el\u00e9rhet\u0151v\u00e9 v\u00e1ln\u00e1nak az okos h\u00e1ztart\u00e1si eszk\u00f6z\u00f6k, k\u00e9rj konzult\u00e1ci\u00f3t \u00e9s a Yabune Home Okosotthon mindenben seg\u00edts\u00e9gedre lesz.<\/span><\/p>\n<p><span style=\"font-weight: 400;\"><br><\/span><\/p>\n<h4 style=\"text-align: center;\"><strong>\u00c9rdekelnek az okos h\u00e1ztart\u00e1si eszk\u00f6z\u00f6k? Ha v\u00e1laszod IGEN, akkor keress minket, t\u00f6ltsd ki az \u0171rlapot \u00e9s k\u00e9rj visszah\u00edv\u00e1st!<\/strong><\/h4>\n<div class=\"wpcf7 no-js\" id=\"wpcf7-f14035-o1\" lang=\"en-US\" dir=\"ltr\" data-wpcf7-id=\"14035\">\n<div class=\"screen-reader-response\"><p role=\"status\" aria-live=\"polite\" aria-atomic=\"true\"><\/p> <ul><\/ul><\/div>\n<form action=\"\/en\/wp-json\/wp\/v2\/pages\/5498#wpcf7-f14035-o1\" method=\"post\" class=\"wpcf7-form init\" aria-label=\"Contact form\" novalidate=\"novalidate\" data-status=\"init\" data-trp-original-action=\"\/en\/wp-json\/wp\/v2\/pages\/5498#wpcf7-f14035-o1\">\n<fieldset class=\"hidden-fields-container\"><input type=\"hidden\" name=\"_wpcf7\" value=\"14035\" \/><input type=\"hidden\" name=\"_wpcf7_version\" value=\"6.1.5\" \/><input type=\"hidden\" name=\"_wpcf7_locale\" value=\"en_US\" \/><input type=\"hidden\" name=\"_wpcf7_unit_tag\" value=\"wpcf7-f14035-o1\" \/><input type=\"hidden\" name=\"_wpcf7_container_post\" value=\"0\" \/><input type=\"hidden\" name=\"_wpcf7_posted_data_hash\" value=\"\" \/><input type=\"hidden\" name=\"_wpcf7_recaptcha_response\" value=\"\" \/>\n<\/fieldset>\n<p><label> Name: *<br \/>\n<span class=\"wpcf7-form-control-wrap\" data-name=\"your-name\"><input size=\"40\" maxlength=\"400\" class=\"wpcf7-form-control wpcf7-text wpcf7-validates-as-required\" aria-required=\"true\" aria-invalid=\"false\" value=\"\" type=\"text\" name=\"your-name\" \/><\/span> <\/label>\n<\/p>\n<p><label> Email: *<br \/>\n<span class=\"wpcf7-form-control-wrap\" data-name=\"your-email\"><input size=\"40\" maxlength=\"400\" class=\"wpcf7-form-control wpcf7-email wpcf7-validates-as-required wpcf7-text wpcf7-validates-as-email\" aria-required=\"true\" aria-invalid=\"false\" value=\"\" type=\"email\" name=\"your-email\" \/><\/span> <\/label>\n<\/p>\n<p><label> Phone Number:* (Example: 06301234567)<br \/>\n<span class=\"wpcf7-form-control-wrap\" data-name=\"tel-262\"><input size=\"40\" maxlength=\"12\" minlength=\"11\" class=\"wpcf7-form-control wpcf7-tel wpcf7-validates-as-required wpcf7-text wpcf7-validates-as-tel\" aria-required=\"true\" aria-invalid=\"false\" value=\"\" type=\"tel\" name=\"tel-262\" \/><\/span> <\/label>\n<\/p>\n<p><label> Ir\u00e1ny\u00edt\u00f3sz\u00e1m: (projekt helysz\u00edn)<br \/>\n<span class=\"wpcf7-form-control-wrap\" data-name=\"iranyitoszam\"><input class=\"wpcf7-form-control wpcf7-number wpcf7-validates-as-number\" aria-invalid=\"false\" value=\"\" type=\"number\" name=\"iranyitoszam\" \/><\/span> <\/label>\n<\/p>\n<p><label> V\u00e1ros: (projekt helysz\u00edn)<br \/>\n<span class=\"wpcf7-form-control-wrap\" data-name=\"cim\"><input size=\"40\" maxlength=\"400\" class=\"wpcf7-form-control wpcf7-text\" aria-invalid=\"false\" value=\"\" type=\"text\" name=\"cim\" \/><\/span> <\/label>\n<\/p>\n<p><label> Utca, h\u00e1zsz\u00e1m: (projekt helysz\u00edn)<br \/>\n<span class=\"wpcf7-form-control-wrap\" data-name=\"utca\"><input size=\"40\" maxlength=\"400\" class=\"wpcf7-form-control wpcf7-text\" aria-invalid=\"false\" value=\"\" type=\"text\" name=\"utca\" \/><\/span> <\/label>\n<\/p>\n<p><label> Solutions You\u2019re Interested In: (You can select more than one) <\/label><br \/>\n<span class=\"wpcf7-form-control-wrap\" data-name=\"megoldasok\"><select class=\"wpcf7-form-control wpcf7-select wpcf7-validates-as-required\" aria-required=\"true\" aria-invalid=\"false\" multiple=\"multiple\" name=\"megoldasok[]\"><option value=\"Smart Residence\">Smart Residence<\/option><option value=\"Okos \u00c1rny\u00e9kol\u00e1s\">Smart Shading<\/option><option value=\"Okos H\u0171t\u00e9s-F\u0171t\u00e9s\">Smart Heating-Cooling<\/option><option value=\"Okos Vil\u00e1g\u00edt\u00e1s\">Smart Lighting<\/option><option value=\"Okos Kert\">Smart Garden<\/option><option value=\"Okos Energiafelhaszn\u00e1l\u00e1s\">Smart Energy Use<\/option><option value=\"Okos Fel\u00fcgyelet\">Smart Supervision<\/option><option value=\"Okos H\u00e1ztart\u00e1si Eszk\u00f6z\u00f6k\">Smart Household Appliances<\/option><option value=\"Okosotthon \u00c9l\u0151 Tesztszoba\">Smart Home Live Test Room<\/option><\/select><\/span>\n<\/p>\n<p><label> When Would You Like to Install Your Smart Home System? <\/label><br \/>\n<span class=\"wpcf7-form-control-wrap\" data-name=\"igenyles\"><select class=\"wpcf7-form-control wpcf7-select wpcf7-validates-as-required\" aria-required=\"true\" aria-invalid=\"false\" name=\"igenyles\"><option value=\"Azonnal\">Immediately<\/option><option value=\"P\u00e1r h\u00e9ten bel\u00fcl\">In a couple of weeks<\/option><option value=\"1 - 2 h\u00f3napon bel\u00fcl\">In 1-2 months<\/option><option value=\"2 - 4 h\u00f3napon bel\u00fcl\">2 &#8211; 4 h\u00f3napon bel\u00fcl<\/option><option value=\"T\u00f6bb, mint 4 h\u00f3nap m\u00falva\">In more than 4 months<\/option><\/select><\/span>\n<\/p>\n<p><label> How Did You Hear About Us? <\/label><br \/>\n<span class=\"wpcf7-form-control-wrap\" data-name=\"forras\"><select class=\"wpcf7-form-control wpcf7-select wpcf7-validates-as-required\" aria-required=\"true\" aria-invalid=\"false\" name=\"forras\"><option value=\"Facebook\">Facebook<\/option><option value=\"K\u00f6mkel Podcast\">K\u00f6mkel Podcast<\/option><option value=\"OkosOtthon Labor Podcast\">OkosOtthon Labor Podcast<\/option><option value=\"Google\">Google<\/option><option value=\"Ismer\u0151s aj\u00e1nl\u00e1sa\">From Friends<\/option><option value=\"Egy\u00e9b\">Other<\/option><\/select><\/span>\n<\/p>\n<p><label> Do You Have Your Own Idea? Write to Us! <\/label><br \/>\n<span class=\"wpcf7-form-control-wrap\" data-name=\"otlet\"><textarea cols=\"40\" rows=\"10\" maxlength=\"2000\" class=\"wpcf7-form-control wpcf7-textarea\" aria-invalid=\"false\" name=\"otlet\"><\/textarea><\/span>\n<\/p>\n<p><span class=\"wpcf7-form-control-wrap\" data-name=\"privacy-policy\"><span class=\"wpcf7-form-control wpcf7-acceptance optional\"><span class=\"wpcf7-list-item\"><label class=\"translation-block\"><span class=\"wpcf7-form-control-wrap\" data-name=\"privacy-policy\"><span class=\"wpcf7-form-control wpcf7-acceptance\"><span class=\"wpcf7-list-item\"><label><span class=\"wpcf7-list-item-label\">I accept the <a href=\"https:\/\/yabune-home.hu\/en\/adatvedelem-ugyfel\/\" target=\"_self\">Privacy Notice and Information on the Processing of Personal Data<\/a><\/span><\/label><\/span><\/span><\/span><\/label><\/span><\/span><\/span>\n<\/p>\n<p><input class=\"wpcf7-form-control wpcf7-submit has-spinner\" type=\"submit\" value=\"Let&#039;s talk!\" \/>\n<\/p><div class=\"wpcf7-response-output\" aria-hidden=\"true\"><\/div>\n<input type=\"hidden\" name=\"trp-form-language\" value=\"en\"\/><\/form>\n<\/div>\t\t\t\t\t\t\t\t<\/div>\n\t\t\t\t<\/div>\n\t\t\t\t\t<\/div>\n\t\t<\/div>\n\t\t\t\t\t<\/div>\n\t\t<\/section>\n\t\t\t\t<\/div>","protected":false},"excerpt":{"rendered":"<p>Okos h\u00e1ztart\u00e1si eszk\u00f6z\u00f6k &#8211; Helyetted dolgoznak! Okos h\u00e1ztart\u00e1si eszk\u00f6z\u00f6k? J\u00f3l hangzik, de biztos mindenb\u0151l a leg\u00fajabbat kell megvenni? Mindig is okos h\u00e1ztart\u00e1si eszk\u00f6z\u00f6kre v\u00e1gyt\u00e1l, de nem szeretn\u00e9d az eg\u00e9sz lak\u00e1st \u00fajra berendezni? Elcs\u00e1b\u00edtott m\u00e1r egy-k\u00e9t okos berendez\u00e9s, de ideges\u00edt, hogy mindegyiket m\u00e1shogy kell kezelni? Szeretn\u00e9d, ha a g\u00e9pek egy\u00fcttm\u0171k\u00f6dn\u00e9nek egym\u00e1ssal \u00e9s a val\u00f3di probl\u00e9m\u00e1kat oldan\u00e1k [&hellip;]<\/p>\n","protected":false},"author":5,"featured_media":5501,"parent":0,"menu_order":0,"comment_status":"closed","ping_status":"closed","template":"","meta":{"_monsterinsights_skip_tracking":false,"_monsterinsights_sitenote_active":false,"_monsterinsights_sitenote_note":"","_monsterinsights_sitenote_category":0,"_uf_show_specific_survey":0,"_uf_disable_surveys":false,"footnotes":""},"class_list":["post-5498","page","type-page","status-publish","has-post-thumbnail","hentry"],"yoast_head":"<!-- This site is optimized with the Yoast SEO Premium plugin v21.3 (Yoast SEO v27.3) - https:\/\/yoast.com\/product\/yoast-seo-premium-wordpress\/ -->\n<title>Okos h\u00e1ztart\u00e1si eszk\u00f6z\u00f6k - Helyetted dolgoznak! | Yabune<\/title>\n<meta name=\"description\" content=\"Hogyan v\u00e1ltoztasd r\u00e9gi \u00e9s \u00faj g\u00e9peidet okos otthonod integr\u00e1lt r\u00e9sz\u00e9v\u00e9? Az okos h\u00e1ztart\u00e1si eszk\u00f6z\u00f6k mindenki sz\u00e1m\u00e1ra eler\u00e9het\u0151ek az Yabune Home seg\u00edts\u00e9g\u00e9vel.\" \/>\n<meta name=\"robots\" content=\"index, follow, max-snippet:-1, max-image-preview:large, max-video-preview:-1\" \/>\n<link rel=\"canonical\" href=\"https:\/\/yabune-home.hu\/en\/okos-haztartasi-eszkozok\/\" \/>\n<meta property=\"og:locale\" content=\"en_US\" \/>\n<meta property=\"og:type\" content=\"article\" \/>\n<meta property=\"og:title\" content=\"Okos h\u00e1ztart\u00e1si eszk\u00f6z\u00f6k - Helyetted dolgoznak!\" \/>\n<meta property=\"og:description\" content=\"Hogyan v\u00e1ltoztasd r\u00e9gi \u00e9s \u00faj g\u00e9peidet okos otthonod integr\u00e1lt r\u00e9sz\u00e9v\u00e9? Az okos h\u00e1ztart\u00e1si eszk\u00f6z\u00f6k mindenki sz\u00e1m\u00e1ra eler\u00e9het\u0151ek az Yabune Home seg\u00edts\u00e9g\u00e9vel.\" \/>\n<meta property=\"og:url\" content=\"https:\/\/yabune-home.hu\/en\/okos-haztartasi-eszkozok\/\" \/>\n<meta property=\"og:site_name\" content=\"Yabune\" \/>\n<meta property=\"article:publisher\" content=\"https:\/\/www.facebook.com\/yabunehome\" \/>\n<meta property=\"article:modified_time\" content=\"2024-01-28T19:07:37+00:00\" \/>\n<meta property=\"og:image\" content=\"https:\/\/yabune-home.hu\/wp-content\/uploads\/2019\/11\/shutterstock_1323499985-scaled-e1574936072823.jpg\" \/>\n\t<meta property=\"og:image:width\" content=\"1170\" \/>\n\t<meta property=\"og:image:height\" content=\"658\" \/>\n\t<meta property=\"og:image:type\" content=\"image\/jpeg\" \/>\n<meta name=\"twitter:label1\" content=\"Est. reading time\" \/>\n\t<meta name=\"twitter:data1\" content=\"2 minutes\" \/>\n<script type=\"application\/ld+json\" class=\"yoast-schema-graph\">{\"@context\":\"https:\\\/\\\/schema.org\",\"@graph\":[{\"@type\":\"WebPage\",\"@id\":\"https:\\\/\\\/yabune-home.hu\\\/okos-haztartasi-eszkozok\\\/\",\"url\":\"https:\\\/\\\/yabune-home.hu\\\/okos-haztartasi-eszkozok\\\/\",\"name\":\"Okos h\u00e1ztart\u00e1si eszk\u00f6z\u00f6k - Helyetted dolgoznak! | Yabune\",\"isPartOf\":{\"@id\":\"https:\\\/\\\/yabune-home.hu\\\/#website\"},\"primaryImageOfPage\":{\"@id\":\"https:\\\/\\\/yabune-home.hu\\\/okos-haztartasi-eszkozok\\\/#primaryimage\"},\"image\":{\"@id\":\"https:\\\/\\\/yabune-home.hu\\\/okos-haztartasi-eszkozok\\\/#primaryimage\"},\"thumbnailUrl\":\"https:\\\/\\\/yabune-home.hu\\\/wp-content\\\/uploads\\\/2019\\\/11\\\/shutterstock_1323499985-scaled-e1574936072823.jpg\",\"datePublished\":\"2019-11-25T15:46:02+00:00\",\"dateModified\":\"2024-01-28T19:07:37+00:00\",\"description\":\"Hogyan v\u00e1ltoztasd r\u00e9gi \u00e9s \u00faj g\u00e9peidet okos otthonod integr\u00e1lt r\u00e9sz\u00e9v\u00e9? Az okos h\u00e1ztart\u00e1si eszk\u00f6z\u00f6k mindenki sz\u00e1m\u00e1ra eler\u00e9het\u0151ek az Yabune Home seg\u00edts\u00e9g\u00e9vel.\",\"breadcrumb\":{\"@id\":\"https:\\\/\\\/yabune-home.hu\\\/okos-haztartasi-eszkozok\\\/#breadcrumb\"},\"inLanguage\":\"en-US\",\"potentialAction\":[{\"@type\":\"ReadAction\",\"target\":[\"https:\\\/\\\/yabune-home.hu\\\/okos-haztartasi-eszkozok\\\/\"]}]},{\"@type\":\"ImageObject\",\"inLanguage\":\"en-US\",\"@id\":\"https:\\\/\\\/yabune-home.hu\\\/okos-haztartasi-eszkozok\\\/#primaryimage\",\"url\":\"https:\\\/\\\/yabune-home.hu\\\/wp-content\\\/uploads\\\/2019\\\/11\\\/shutterstock_1323499985-scaled-e1574936072823.jpg\",\"contentUrl\":\"https:\\\/\\\/yabune-home.hu\\\/wp-content\\\/uploads\\\/2019\\\/11\\\/shutterstock_1323499985-scaled-e1574936072823.jpg\",\"width\":1170,\"height\":658,\"caption\":\"Okos h\u00e1ztart\u00e1si eszk\u00f6z\u00f6k\"},{\"@type\":\"BreadcrumbList\",\"@id\":\"https:\\\/\\\/yabune-home.hu\\\/okos-haztartasi-eszkozok\\\/#breadcrumb\",\"itemListElement\":[{\"@type\":\"ListItem\",\"position\":1,\"name\":\"Home\",\"item\":\"https:\\\/\\\/yabune-home.hu\\\/\"},{\"@type\":\"ListItem\",\"position\":2,\"name\":\"Okos h\u00e1ztart\u00e1si eszk\u00f6z\u00f6k &#8211; Helyetted dolgoznak!\"}]},{\"@type\":\"WebSite\",\"@id\":\"https:\\\/\\\/yabune-home.hu\\\/#website\",\"url\":\"https:\\\/\\\/yabune-home.hu\\\/\",\"name\":\"Yabune\",\"description\":\"Okos rendszerek\",\"publisher\":{\"@id\":\"https:\\\/\\\/yabune-home.hu\\\/#organization\"},\"potentialAction\":[{\"@type\":\"SearchAction\",\"target\":{\"@type\":\"EntryPoint\",\"urlTemplate\":\"https:\\\/\\\/yabune-home.hu\\\/?s={search_term_string}\"},\"query-input\":{\"@type\":\"PropertyValueSpecification\",\"valueRequired\":true,\"valueName\":\"search_term_string\"}}],\"inLanguage\":\"en-US\"},{\"@type\":\"Organization\",\"@id\":\"https:\\\/\\\/yabune-home.hu\\\/#organization\",\"name\":\"Yabune Home\",\"url\":\"https:\\\/\\\/yabune-home.hu\\\/\",\"logo\":{\"@type\":\"ImageObject\",\"inLanguage\":\"en-US\",\"@id\":\"https:\\\/\\\/yabune-home.hu\\\/#\\\/schema\\\/logo\\\/image\\\/\",\"url\":\"https:\\\/\\\/yabune-home.hu\\\/wp-content\\\/uploads\\\/2019\\\/09\\\/magaslogo_szines_128.png\",\"contentUrl\":\"https:\\\/\\\/yabune-home.hu\\\/wp-content\\\/uploads\\\/2019\\\/09\\\/magaslogo_szines_128.png\",\"width\":128,\"height\":72,\"caption\":\"Yabune Home\"},\"image\":{\"@id\":\"https:\\\/\\\/yabune-home.hu\\\/#\\\/schema\\\/logo\\\/image\\\/\"},\"sameAs\":[\"https:\\\/\\\/www.facebook.com\\\/yabunehome\",\"https:\\\/\\\/www.instagram.com\\\/yabune_home\\\/\"]}]}<\/script>\n<!-- \/ Yoast SEO Premium plugin. -->","yoast_head_json":{"title":"Okos h\u00e1ztart\u00e1si eszk\u00f6z\u00f6k - Helyetted dolgoznak! | Yabune","description":"Hogyan v\u00e1ltoztasd r\u00e9gi \u00e9s \u00faj g\u00e9peidet okos otthonod integr\u00e1lt r\u00e9sz\u00e9v\u00e9? Az okos h\u00e1ztart\u00e1si eszk\u00f6z\u00f6k mindenki sz\u00e1m\u00e1ra eler\u00e9het\u0151ek az Yabune Home seg\u00edts\u00e9g\u00e9vel.","robots":{"index":"index","follow":"follow","max-snippet":"max-snippet:-1","max-image-preview":"max-image-preview:large","max-video-preview":"max-video-preview:-1"},"canonical":"https:\/\/yabune-home.hu\/en\/okos-haztartasi-eszkozok\/","og_locale":"en_US","og_type":"article","og_title":"Okos h\u00e1ztart\u00e1si eszk\u00f6z\u00f6k - Helyetted dolgoznak!","og_description":"Hogyan v\u00e1ltoztasd r\u00e9gi \u00e9s \u00faj g\u00e9peidet okos otthonod integr\u00e1lt r\u00e9sz\u00e9v\u00e9? Az okos h\u00e1ztart\u00e1si eszk\u00f6z\u00f6k mindenki sz\u00e1m\u00e1ra eler\u00e9het\u0151ek az Yabune Home seg\u00edts\u00e9g\u00e9vel.","og_url":"https:\/\/yabune-home.hu\/en\/okos-haztartasi-eszkozok\/","og_site_name":"Yabune","article_publisher":"https:\/\/www.facebook.com\/yabunehome","article_modified_time":"2024-01-28T19:07:37+00:00","og_image":[{"width":1170,"height":658,"url":"https:\/\/yabune-home.hu\/wp-content\/uploads\/2019\/11\/shutterstock_1323499985-scaled-e1574936072823.jpg","type":"image\/jpeg"}],"twitter_misc":{"Est. reading time":"2 minutes"},"schema":{"@context":"https:\/\/schema.org","@graph":[{"@type":"WebPage","@id":"https:\/\/yabune-home.hu\/okos-haztartasi-eszkozok\/","url":"https:\/\/yabune-home.hu\/okos-haztartasi-eszkozok\/","name":"Okos h\u00e1ztart\u00e1si eszk\u00f6z\u00f6k - Helyetted dolgoznak! | Yabune","isPartOf":{"@id":"https:\/\/yabune-home.hu\/#website"},"primaryImageOfPage":{"@id":"https:\/\/yabune-home.hu\/okos-haztartasi-eszkozok\/#primaryimage"},"image":{"@id":"https:\/\/yabune-home.hu\/okos-haztartasi-eszkozok\/#primaryimage"},"thumbnailUrl":"https:\/\/yabune-home.hu\/wp-content\/uploads\/2019\/11\/shutterstock_1323499985-scaled-e1574936072823.jpg","datePublished":"2019-11-25T15:46:02+00:00","dateModified":"2024-01-28T19:07:37+00:00","description":"Hogyan v\u00e1ltoztasd r\u00e9gi \u00e9s \u00faj g\u00e9peidet okos otthonod integr\u00e1lt r\u00e9sz\u00e9v\u00e9? Az okos h\u00e1ztart\u00e1si eszk\u00f6z\u00f6k mindenki sz\u00e1m\u00e1ra eler\u00e9het\u0151ek az Yabune Home seg\u00edts\u00e9g\u00e9vel.","breadcrumb":{"@id":"https:\/\/yabune-home.hu\/okos-haztartasi-eszkozok\/#breadcrumb"},"inLanguage":"en-US","potentialAction":[{"@type":"ReadAction","target":["https:\/\/yabune-home.hu\/okos-haztartasi-eszkozok\/"]}]},{"@type":"ImageObject","inLanguage":"en-US","@id":"https:\/\/yabune-home.hu\/okos-haztartasi-eszkozok\/#primaryimage","url":"https:\/\/yabune-home.hu\/wp-content\/uploads\/2019\/11\/shutterstock_1323499985-scaled-e1574936072823.jpg","contentUrl":"https:\/\/yabune-home.hu\/wp-content\/uploads\/2019\/11\/shutterstock_1323499985-scaled-e1574936072823.jpg","width":1170,"height":658,"caption":"Okos h\u00e1ztart\u00e1si eszk\u00f6z\u00f6k"},{"@type":"BreadcrumbList","@id":"https:\/\/yabune-home.hu\/okos-haztartasi-eszkozok\/#breadcrumb","itemListElement":[{"@type":"ListItem","position":1,"name":"Home","item":"https:\/\/yabune-home.hu\/"},{"@type":"ListItem","position":2,"name":"Okos h\u00e1ztart\u00e1si eszk\u00f6z\u00f6k &#8211; Helyetted dolgoznak!"}]},{"@type":"WebSite","@id":"https:\/\/yabune-home.hu\/#website","url":"https:\/\/yabune-home.hu\/","name":"Yabune","description":"Okos rendszerek","publisher":{"@id":"https:\/\/yabune-home.hu\/#organization"},"potentialAction":[{"@type":"SearchAction","target":{"@type":"EntryPoint","urlTemplate":"https:\/\/yabune-home.hu\/?s={search_term_string}"},"query-input":{"@type":"PropertyValueSpecification","valueRequired":true,"valueName":"search_term_string"}}],"inLanguage":"en-US"},{"@type":"Organization","@id":"https:\/\/yabune-home.hu\/#organization","name":"Yabune Home","url":"https:\/\/yabune-home.hu\/","logo":{"@type":"ImageObject","inLanguage":"en-US","@id":"https:\/\/yabune-home.hu\/#\/schema\/logo\/image\/","url":"https:\/\/yabune-home.hu\/wp-content\/uploads\/2019\/09\/magaslogo_szines_128.png","contentUrl":"https:\/\/yabune-home.hu\/wp-content\/uploads\/2019\/09\/magaslogo_szines_128.png","width":128,"height":72,"caption":"Yabune Home"},"image":{"@id":"https:\/\/yabune-home.hu\/#\/schema\/logo\/image\/"},"sameAs":["https:\/\/www.facebook.com\/yabunehome","https:\/\/www.instagram.com\/yabune_home\/"]}]}},"_links":{"self":[{"href":"https:\/\/yabune-home.hu\/en\/wp-json\/wp\/v2\/pages\/5498","targetHints":{"allow":["GET"]}}],"collection":[{"href":"https:\/\/yabune-home.hu\/en\/wp-json\/wp\/v2\/pages"}],"about":[{"href":"https:\/\/yabune-home.hu\/en\/wp-json\/wp\/v2\/types\/page"}],"author":[{"embeddable":true,"href":"https:\/\/yabune-home.hu\/en\/wp-json\/wp\/v2\/users\/5"}],"replies":[{"embeddable":true,"href":"https:\/\/yabune-home.hu\/en\/wp-json\/wp\/v2\/comments?post=5498"}],"version-history":[{"count":10,"href":"https:\/\/yabune-home.hu\/en\/wp-json\/wp\/v2\/pages\/5498\/revisions"}],"predecessor-version":[{"id":14073,"href":"https:\/\/yabune-home.hu\/en\/wp-json\/wp\/v2\/pages\/5498\/revisions\/14073"}],"wp:featuredmedia":[{"embeddable":true,"href":"https:\/\/yabune-home.hu\/en\/wp-json\/wp\/v2\/media\/5501"}],"wp:attachment":[{"href":"https:\/\/yabune-home.hu\/en\/wp-json\/wp\/v2\/media?parent=5498"}],"curies":[{"name":"wp","href":"https:\/\/api.w.org\/{rel}","templated":true}]}}