{"id":4693,"date":"2019-08-01T14:35:53","date_gmt":"2019-08-01T12:35:53","guid":{"rendered":"https:\/\/yabune-home.com\/?post_type=cwsportfolio&#038;p=4693"},"modified":"2021-10-05T10:11:09","modified_gmt":"2021-10-05T08:11:09","slug":"philips-hue-okos-izzok","status":"publish","type":"page","link":"https:\/\/yabune-home.hu\/en\/philips-hue-okos-izzok\/","title":{"rendered":"Philips Hue okos izz\u00f3k"},"content":{"rendered":"<div data-elementor-type=\"wp-page\" data-elementor-id=\"4693\" class=\"elementor elementor-4693\" data-elementor-post-type=\"page\">\n\t\t\t\t\t\t<section class=\"elementor-section elementor-top-section elementor-element elementor-element-46242a6c elementor-section-boxed elementor-section-height-default elementor-section-height-default\" data-id=\"46242a6c\" data-element_type=\"section\" data-e-type=\"section\">\n\t\t\t\t\t\t<div class=\"elementor-container elementor-column-gap-default\">\n\t\t\t\t\t<div class=\"elementor-column elementor-col-100 elementor-top-column elementor-element elementor-element-724ecb21\" data-id=\"724ecb21\" data-element_type=\"column\" data-e-type=\"column\">\n\t\t\t<div class=\"elementor-widget-wrap elementor-element-populated\">\n\t\t\t\t\t\t<div class=\"elementor-element elementor-element-8d0fd04 elementor-widget elementor-widget-image\" data-id=\"8d0fd04\" data-element_type=\"widget\" data-e-type=\"widget\" data-widget_type=\"image.default\">\n\t\t\t\t<div class=\"elementor-widget-container\">\n\t\t\t\t\t\t\t\t\t\t\t\t\t\t\t<img fetchpriority=\"high\" decoding=\"async\" width=\"1024\" height=\"576\" src=\"https:\/\/yabune-home.hu\/wp-content\/uploads\/2019\/08\/20190627philips-hue-1024x576.jpg\" class=\"attachment-large size-large wp-image-4694\" alt=\"philips hue rendszer\" srcset=\"https:\/\/yabune-home.hu\/wp-content\/uploads\/2019\/08\/20190627philips-hue-1024x576.jpg 1024w, https:\/\/yabune-home.hu\/wp-content\/uploads\/2019\/08\/20190627philips-hue-300x169.jpg 300w, https:\/\/yabune-home.hu\/wp-content\/uploads\/2019\/08\/20190627philips-hue-768x432.jpg 768w, https:\/\/yabune-home.hu\/wp-content\/uploads\/2019\/08\/20190627philips-hue-600x337.jpg 600w, https:\/\/yabune-home.hu\/wp-content\/uploads\/2019\/08\/20190627philips-hue.jpg 1170w\" sizes=\"(max-width: 1024px) 100vw, 1024px\" \/>\t\t\t\t\t\t\t\t\t\t\t\t\t\t\t<\/div>\n\t\t\t\t<\/div>\n\t\t\t\t<div class=\"elementor-element elementor-element-bfe80a7 elementor-widget elementor-widget-heading\" data-id=\"bfe80a7\" data-element_type=\"widget\" data-e-type=\"widget\" data-widget_type=\"heading.default\">\n\t\t\t\t<div class=\"elementor-widget-container\">\n\t\t\t\t\t<h2 class=\"elementor-heading-title elementor-size-default\"><br>Philips Hue Okos Izz\u00f3k<\/h2>\t\t\t\t<\/div>\n\t\t\t\t<\/div>\n\t\t\t\t<div class=\"elementor-element elementor-element-597e5d25 elementor-widget elementor-widget-text-editor\" data-id=\"597e5d25\" data-element_type=\"widget\" data-e-type=\"widget\" data-widget_type=\"text-editor.default\">\n\t\t\t\t<div class=\"elementor-widget-container\">\n\t\t\t\t\t\t\t\t\t<p>A <a href=\"https:\/\/www2.meethue.com\/en-us\">Philips Hue term\u00e9kcsal\u00e1d<\/a> minden high-end okos otthon rendszer sarkalatos eleme. Ak\u00e1r mint kieg\u00e9sz\u00edt\u0151 term\u00e9k, vagy mint az eg\u00e9sz okos vil\u00e1g\u00edt\u00e1s r\u00e9sze. A holland Philips c\u00e9get nem kell bemutatni, nev\u00fck egybeolvadt a min\u0151s\u00e9ggel az otthoni elektromos eszk\u00f6z\u00f6k piac\u00e1n. Hue <a href=\"https:\/\/yabune-home.com\/portfolio\/okos-vilagitas\/\">okos izz\u00f3<\/a> sz\u00e9ri\u00e1jukkal sincs ez m\u00e1sk\u00e9pp. K\u00fcl\u00f6n\u00f6s hangs\u00falyt fektetnek a <a href=\"https:\/\/yabune-home.hu\/en\/okos-lampak-szuper-ereje\/\">f\u00e9ny \u00e9s a sz\u00ednek \u00e9lettani hat\u00e1sainak kutat\u00e1s\u00e1ra. <\/a>Nagy szerepet v\u00e1llalva ezzel az okos otthon, mint \u00e9letm\u00f3d fogalom elm\u00e9ly\u00edt\u00e9s\u00e9ben. A Yabune Home rendszer sokoldal\u00fas\u00e1g\u00e1nak k\u00f6sz\u00f6nhet\u0151en az am\u00fagy is intelligens Hue szolg\u00e1ltat\u00e1sokat \u00f6ssze lehet f\u0171zni a lak\u00e1s t\u00f6bbi alkot\u00f3elem\u00e9nek el\u0151nyeivel. Minek fizetne valaki feleslegesen nagy \u00f6sszeget egy Philips Hue mozg\u00e1s\u00e9rz\u00e9kel\u0151\u00e9rt vagy h\u0151m\u00e9r\u0151\u00e9rt, amikor a Yabune Home-on kereszt\u00fcl olcs\u00f3bb gy\u00e1rt\u00f3 hasonl\u00f3an megb\u00edzhat\u00f3 eszk\u00f6zeit is bevonhatja a Philips \u00f6kosziszt\u00e9m\u00e1j\u00e1ba.<\/p>\n<p><strong>J\u00e1tssz 16 milli\u00f3 sz\u00ednnel<\/strong><\/p>\n<p>A lehet\u0151s\u00e9gek sz\u00e1ma v\u00e9gtelen, ha 16 milli\u00f3 sz\u00edn \u00e1ll rendelkez\u00e9s\u00fcnkre ahhoz, hogy j\u00e1tsszunk a f\u00e9nyekkel. Adj egy kis j\u00e1t\u00e9koss\u00e1got az esti mes\u00e9hez, igaz\u00edtsd a f\u00e9nyeket kedvenc csapatod sz\u00edn\u00e9hez a nap meccse sor\u00e1n, vagy v\u00e1ltoztass egy falfel\u00fcletet dekor\u00e1ci\u00f3s elemm\u00e9 az\u00e1ltal, hogy sz\u00ednes f\u00e9nnyel fested meg. Amit elk\u00e9pzelsz, a Philips Hue megval\u00f3s\u00edtja.<\/p>\n<p><strong>\u00c9bredj minden nap napf\u00e9nyre<\/strong><\/p>\n<p>L\u00e1mp\u00e1id m\u00e9g azut\u00e1n is hozz\u00e1j\u00e1rulhatnak j\u00f3ll\u00e9tedhez, miut\u00e1n kikapcsoltad \u0151ket \u2013 a Philips Hue \u00e9s a Yabune Home egy\u00fcttm\u0171k\u00f6d\u00e9se seg\u00edthet term\u00e9szetes m\u00f3don fel\u00e9bredni vagy elaludni a reggeli illetve esti term\u00e9szetes f\u00e9ny ut\u00e1nz\u00e1s\u00e1val. Az \u00e9breszt\u0151 f\u00e9nyek sokkal kellemesebbek, mint az \u00e9breszt\u0151 \u00f3ra hangja. Lefekv\u00e9skor a l\u00e1gy, meleg LED f\u00e9ny seg\u00edt a testnek ellazulni \u00e9s felk\u00e9sz\u00fclni a pihentet\u0151 alv\u00e1sra.<\/p>\n<p><\/p>\n<h4 style=\"text-align: center;\"><strong>\u00c9rdekel az okos vil\u00e1g\u00edt\u00e1s? Ha v\u00e1laszod IGEN, akkor keress minket, t\u00f6ltsd ki az \u0171rlapot \u00e9s k\u00e9rj visszah\u00edv\u00e1st!<\/strong><\/h4>\n<p><span style=\"color: var( --e-global-color-text );\"><p class=\"wpcf7-contact-form-not-found\"><strong>Error:<\/strong> Contact form not found.<\/p><\/span><br><\/p>\t\t\t\t\t\t\t\t<\/div>\n\t\t\t\t<\/div>\n\t\t\t\t\t<\/div>\n\t\t<\/div>\n\t\t\t\t\t<\/div>\n\t\t<\/section>\n\t\t\t\t<\/div>","protected":false},"excerpt":{"rendered":"<p>Philips Hue Okos Izz\u00f3k A Philips Hue term\u00e9kcsal\u00e1d minden high-end okos otthon rendszer sarkalatos eleme. Ak\u00e1r mint kieg\u00e9sz\u00edt\u0151 term\u00e9k, vagy mint az eg\u00e9sz okos vil\u00e1g\u00edt\u00e1s r\u00e9sze. A holland Philips c\u00e9get nem kell bemutatni, nev\u00fck egybeolvadt a min\u0151s\u00e9ggel az otthoni elektromos eszk\u00f6z\u00f6k piac\u00e1n. Hue okos izz\u00f3 sz\u00e9ri\u00e1jukkal sincs ez m\u00e1sk\u00e9pp. K\u00fcl\u00f6n\u00f6s hangs\u00falyt fektetnek a f\u00e9ny \u00e9s [&hellip;]<\/p>\n","protected":false},"author":6,"featured_media":4694,"parent":0,"menu_order":2,"comment_status":"closed","ping_status":"closed","template":"","meta":{"_monsterinsights_skip_tracking":false,"_monsterinsights_sitenote_active":false,"_monsterinsights_sitenote_note":"","_monsterinsights_sitenote_category":0,"_uf_show_specific_survey":0,"_uf_disable_surveys":false,"footnotes":""},"class_list":["post-4693","page","type-page","status-publish","has-post-thumbnail","hentry"],"yoast_head":"<!-- This site is optimized with the Yoast SEO Premium plugin v21.3 (Yoast SEO v27.3) - https:\/\/yoast.com\/product\/yoast-seo-premium-wordpress\/ -->\n<title>Philips Hue okos izz\u00f3k | Yabune seg\u00edts\u00e9g\u00e9vel vez\u00e9reld b\u00e1rhonnan<\/title>\n<meta name=\"description\" content=\"A Philips Hue okos izz\u00f3k a pr\u00e9mium okos otthon elengedhetetlen kell\u00e9kei. \u00c1ll\u00edtsd be ig\u00e9nyeid szerint a Yabune Home rendszerb\u0151l, egyszer\u0171en.\" \/>\n<meta name=\"robots\" content=\"index, follow, max-snippet:-1, max-image-preview:large, max-video-preview:-1\" \/>\n<link rel=\"canonical\" href=\"https:\/\/yabune-home.hu\/en\/philips-hue-okos-izzok\/\" \/>\n<meta property=\"og:locale\" content=\"en_US\" \/>\n<meta property=\"og:type\" content=\"article\" \/>\n<meta property=\"og:title\" content=\"Philips Hue okos izz\u00f3k\" \/>\n<meta property=\"og:description\" content=\"A Philips Hue okos izz\u00f3k a pr\u00e9mium okos otthon elengedhetetlen kell\u00e9kei. \u00c1ll\u00edtsd be ig\u00e9nyeid szerint a Yabune Home rendszerb\u0151l, egyszer\u0171en.\" \/>\n<meta property=\"og:url\" content=\"https:\/\/yabune-home.hu\/en\/philips-hue-okos-izzok\/\" \/>\n<meta property=\"og:site_name\" content=\"Yabune\" \/>\n<meta property=\"article:publisher\" content=\"https:\/\/www.facebook.com\/yabunehome\" \/>\n<meta property=\"article:modified_time\" content=\"2021-10-05T08:11:09+00:00\" \/>\n<meta property=\"og:image\" content=\"https:\/\/yabune-home.hu\/wp-content\/uploads\/2019\/08\/20190627philips-hue.jpg\" \/>\n\t<meta property=\"og:image:width\" content=\"1170\" \/>\n\t<meta property=\"og:image:height\" content=\"658\" \/>\n\t<meta property=\"og:image:type\" content=\"image\/jpeg\" \/>\n<meta name=\"twitter:label1\" content=\"Est. reading time\" \/>\n\t<meta name=\"twitter:data1\" content=\"2 minutes\" \/>\n<script type=\"application\/ld+json\" class=\"yoast-schema-graph\">{\"@context\":\"https:\\\/\\\/schema.org\",\"@graph\":[{\"@type\":\"WebPage\",\"@id\":\"https:\\\/\\\/yabune-home.hu\\\/philips-hue-okos-izzok\\\/\",\"url\":\"https:\\\/\\\/yabune-home.hu\\\/philips-hue-okos-izzok\\\/\",\"name\":\"Philips Hue okos izz\u00f3k | Yabune seg\u00edts\u00e9g\u00e9vel vez\u00e9reld b\u00e1rhonnan\",\"isPartOf\":{\"@id\":\"https:\\\/\\\/yabune-home.hu\\\/#website\"},\"primaryImageOfPage\":{\"@id\":\"https:\\\/\\\/yabune-home.hu\\\/philips-hue-okos-izzok\\\/#primaryimage\"},\"image\":{\"@id\":\"https:\\\/\\\/yabune-home.hu\\\/philips-hue-okos-izzok\\\/#primaryimage\"},\"thumbnailUrl\":\"https:\\\/\\\/yabune-home.hu\\\/wp-content\\\/uploads\\\/2019\\\/08\\\/20190627philips-hue.jpg\",\"datePublished\":\"2019-08-01T12:35:53+00:00\",\"dateModified\":\"2021-10-05T08:11:09+00:00\",\"description\":\"A Philips Hue okos izz\u00f3k a pr\u00e9mium okos otthon elengedhetetlen kell\u00e9kei. \u00c1ll\u00edtsd be ig\u00e9nyeid szerint a Yabune Home rendszerb\u0151l, egyszer\u0171en.\",\"breadcrumb\":{\"@id\":\"https:\\\/\\\/yabune-home.hu\\\/philips-hue-okos-izzok\\\/#breadcrumb\"},\"inLanguage\":\"en-US\",\"potentialAction\":[{\"@type\":\"ReadAction\",\"target\":[\"https:\\\/\\\/yabune-home.hu\\\/philips-hue-okos-izzok\\\/\"]}]},{\"@type\":\"ImageObject\",\"inLanguage\":\"en-US\",\"@id\":\"https:\\\/\\\/yabune-home.hu\\\/philips-hue-okos-izzok\\\/#primaryimage\",\"url\":\"https:\\\/\\\/yabune-home.hu\\\/wp-content\\\/uploads\\\/2019\\\/08\\\/20190627philips-hue.jpg\",\"contentUrl\":\"https:\\\/\\\/yabune-home.hu\\\/wp-content\\\/uploads\\\/2019\\\/08\\\/20190627philips-hue.jpg\",\"width\":1170,\"height\":658,\"caption\":\"philips hue rendszer\"},{\"@type\":\"BreadcrumbList\",\"@id\":\"https:\\\/\\\/yabune-home.hu\\\/philips-hue-okos-izzok\\\/#breadcrumb\",\"itemListElement\":[{\"@type\":\"ListItem\",\"position\":1,\"name\":\"Home\",\"item\":\"https:\\\/\\\/yabune-home.hu\\\/\"},{\"@type\":\"ListItem\",\"position\":2,\"name\":\"Philips Hue okos izz\u00f3k\"}]},{\"@type\":\"WebSite\",\"@id\":\"https:\\\/\\\/yabune-home.hu\\\/#website\",\"url\":\"https:\\\/\\\/yabune-home.hu\\\/\",\"name\":\"Yabune\",\"description\":\"Okos rendszerek\",\"publisher\":{\"@id\":\"https:\\\/\\\/yabune-home.hu\\\/#organization\"},\"potentialAction\":[{\"@type\":\"SearchAction\",\"target\":{\"@type\":\"EntryPoint\",\"urlTemplate\":\"https:\\\/\\\/yabune-home.hu\\\/?s={search_term_string}\"},\"query-input\":{\"@type\":\"PropertyValueSpecification\",\"valueRequired\":true,\"valueName\":\"search_term_string\"}}],\"inLanguage\":\"en-US\"},{\"@type\":\"Organization\",\"@id\":\"https:\\\/\\\/yabune-home.hu\\\/#organization\",\"name\":\"Yabune Home\",\"url\":\"https:\\\/\\\/yabune-home.hu\\\/\",\"logo\":{\"@type\":\"ImageObject\",\"inLanguage\":\"en-US\",\"@id\":\"https:\\\/\\\/yabune-home.hu\\\/#\\\/schema\\\/logo\\\/image\\\/\",\"url\":\"https:\\\/\\\/yabune-home.hu\\\/wp-content\\\/uploads\\\/2019\\\/09\\\/magaslogo_szines_128.png\",\"contentUrl\":\"https:\\\/\\\/yabune-home.hu\\\/wp-content\\\/uploads\\\/2019\\\/09\\\/magaslogo_szines_128.png\",\"width\":128,\"height\":72,\"caption\":\"Yabune Home\"},\"image\":{\"@id\":\"https:\\\/\\\/yabune-home.hu\\\/#\\\/schema\\\/logo\\\/image\\\/\"},\"sameAs\":[\"https:\\\/\\\/www.facebook.com\\\/yabunehome\",\"https:\\\/\\\/www.instagram.com\\\/yabune_home\\\/\"]}]}<\/script>\n<!-- \/ Yoast SEO Premium plugin. -->","yoast_head_json":{"title":"Philips Hue okos izz\u00f3k | Yabune seg\u00edts\u00e9g\u00e9vel vez\u00e9reld b\u00e1rhonnan","description":"A Philips Hue okos izz\u00f3k a pr\u00e9mium okos otthon elengedhetetlen kell\u00e9kei. \u00c1ll\u00edtsd be ig\u00e9nyeid szerint a Yabune Home rendszerb\u0151l, egyszer\u0171en.","robots":{"index":"index","follow":"follow","max-snippet":"max-snippet:-1","max-image-preview":"max-image-preview:large","max-video-preview":"max-video-preview:-1"},"canonical":"https:\/\/yabune-home.hu\/en\/philips-hue-okos-izzok\/","og_locale":"en_US","og_type":"article","og_title":"Philips Hue okos izz\u00f3k","og_description":"A Philips Hue okos izz\u00f3k a pr\u00e9mium okos otthon elengedhetetlen kell\u00e9kei. \u00c1ll\u00edtsd be ig\u00e9nyeid szerint a Yabune Home rendszerb\u0151l, egyszer\u0171en.","og_url":"https:\/\/yabune-home.hu\/en\/philips-hue-okos-izzok\/","og_site_name":"Yabune","article_publisher":"https:\/\/www.facebook.com\/yabunehome","article_modified_time":"2021-10-05T08:11:09+00:00","og_image":[{"width":1170,"height":658,"url":"https:\/\/yabune-home.hu\/wp-content\/uploads\/2019\/08\/20190627philips-hue.jpg","type":"image\/jpeg"}],"twitter_misc":{"Est. reading time":"2 minutes"},"schema":{"@context":"https:\/\/schema.org","@graph":[{"@type":"WebPage","@id":"https:\/\/yabune-home.hu\/philips-hue-okos-izzok\/","url":"https:\/\/yabune-home.hu\/philips-hue-okos-izzok\/","name":"Philips Hue okos izz\u00f3k | Yabune seg\u00edts\u00e9g\u00e9vel vez\u00e9reld b\u00e1rhonnan","isPartOf":{"@id":"https:\/\/yabune-home.hu\/#website"},"primaryImageOfPage":{"@id":"https:\/\/yabune-home.hu\/philips-hue-okos-izzok\/#primaryimage"},"image":{"@id":"https:\/\/yabune-home.hu\/philips-hue-okos-izzok\/#primaryimage"},"thumbnailUrl":"https:\/\/yabune-home.hu\/wp-content\/uploads\/2019\/08\/20190627philips-hue.jpg","datePublished":"2019-08-01T12:35:53+00:00","dateModified":"2021-10-05T08:11:09+00:00","description":"A Philips Hue okos izz\u00f3k a pr\u00e9mium okos otthon elengedhetetlen kell\u00e9kei. \u00c1ll\u00edtsd be ig\u00e9nyeid szerint a Yabune Home rendszerb\u0151l, egyszer\u0171en.","breadcrumb":{"@id":"https:\/\/yabune-home.hu\/philips-hue-okos-izzok\/#breadcrumb"},"inLanguage":"en-US","potentialAction":[{"@type":"ReadAction","target":["https:\/\/yabune-home.hu\/philips-hue-okos-izzok\/"]}]},{"@type":"ImageObject","inLanguage":"en-US","@id":"https:\/\/yabune-home.hu\/philips-hue-okos-izzok\/#primaryimage","url":"https:\/\/yabune-home.hu\/wp-content\/uploads\/2019\/08\/20190627philips-hue.jpg","contentUrl":"https:\/\/yabune-home.hu\/wp-content\/uploads\/2019\/08\/20190627philips-hue.jpg","width":1170,"height":658,"caption":"philips hue rendszer"},{"@type":"BreadcrumbList","@id":"https:\/\/yabune-home.hu\/philips-hue-okos-izzok\/#breadcrumb","itemListElement":[{"@type":"ListItem","position":1,"name":"Home","item":"https:\/\/yabune-home.hu\/"},{"@type":"ListItem","position":2,"name":"Philips Hue okos izz\u00f3k"}]},{"@type":"WebSite","@id":"https:\/\/yabune-home.hu\/#website","url":"https:\/\/yabune-home.hu\/","name":"Yabune","description":"Okos rendszerek","publisher":{"@id":"https:\/\/yabune-home.hu\/#organization"},"potentialAction":[{"@type":"SearchAction","target":{"@type":"EntryPoint","urlTemplate":"https:\/\/yabune-home.hu\/?s={search_term_string}"},"query-input":{"@type":"PropertyValueSpecification","valueRequired":true,"valueName":"search_term_string"}}],"inLanguage":"en-US"},{"@type":"Organization","@id":"https:\/\/yabune-home.hu\/#organization","name":"Yabune Home","url":"https:\/\/yabune-home.hu\/","logo":{"@type":"ImageObject","inLanguage":"en-US","@id":"https:\/\/yabune-home.hu\/#\/schema\/logo\/image\/","url":"https:\/\/yabune-home.hu\/wp-content\/uploads\/2019\/09\/magaslogo_szines_128.png","contentUrl":"https:\/\/yabune-home.hu\/wp-content\/uploads\/2019\/09\/magaslogo_szines_128.png","width":128,"height":72,"caption":"Yabune Home"},"image":{"@id":"https:\/\/yabune-home.hu\/#\/schema\/logo\/image\/"},"sameAs":["https:\/\/www.facebook.com\/yabunehome","https:\/\/www.instagram.com\/yabune_home\/"]}]}},"_links":{"self":[{"href":"https:\/\/yabune-home.hu\/en\/wp-json\/wp\/v2\/pages\/4693","targetHints":{"allow":["GET"]}}],"collection":[{"href":"https:\/\/yabune-home.hu\/en\/wp-json\/wp\/v2\/pages"}],"about":[{"href":"https:\/\/yabune-home.hu\/en\/wp-json\/wp\/v2\/types\/page"}],"author":[{"embeddable":true,"href":"https:\/\/yabune-home.hu\/en\/wp-json\/wp\/v2\/users\/6"}],"replies":[{"embeddable":true,"href":"https:\/\/yabune-home.hu\/en\/wp-json\/wp\/v2\/comments?post=4693"}],"version-history":[{"count":28,"href":"https:\/\/yabune-home.hu\/en\/wp-json\/wp\/v2\/pages\/4693\/revisions"}],"predecessor-version":[{"id":9821,"href":"https:\/\/yabune-home.hu\/en\/wp-json\/wp\/v2\/pages\/4693\/revisions\/9821"}],"wp:featuredmedia":[{"embeddable":true,"href":"https:\/\/yabune-home.hu\/en\/wp-json\/wp\/v2\/media\/4694"}],"wp:attachment":[{"href":"https:\/\/yabune-home.hu\/en\/wp-json\/wp\/v2\/media?parent=4693"}],"curies":[{"name":"wp","href":"https:\/\/api.w.org\/{rel}","templated":true}]}}