{"id":4594,"date":"2019-07-30T12:24:07","date_gmt":"2019-07-30T10:24:07","guid":{"rendered":"https:\/\/yabune-home.com\/?post_type=cwsportfolio&#038;p=4594"},"modified":"2024-01-28T20:09:43","modified_gmt":"2024-01-28T19:09:43","slug":"okos-vilagitas","status":"publish","type":"page","link":"https:\/\/yabune-home.hu\/en\/okos-vilagitas\/","title":{"rendered":"Smart lighting"},"content":{"rendered":"<div data-elementor-type=\"wp-page\" data-elementor-id=\"4594\" class=\"elementor elementor-4594\" data-elementor-post-type=\"page\">\n\t\t\t\t\t\t<section class=\"elementor-section elementor-top-section elementor-element elementor-element-478ac738 elementor-section-boxed elementor-section-height-default elementor-section-height-default\" data-id=\"478ac738\" data-element_type=\"section\" data-e-type=\"section\">\n\t\t\t\t\t\t<div class=\"elementor-container elementor-column-gap-default\">\n\t\t\t\t\t<div class=\"elementor-column elementor-col-100 elementor-top-column elementor-element elementor-element-36b02568\" data-id=\"36b02568\" data-element_type=\"column\" data-e-type=\"column\">\n\t\t\t<div class=\"elementor-widget-wrap elementor-element-populated\">\n\t\t\t\t\t\t<div class=\"elementor-element elementor-element-a19f631 elementor-widget elementor-widget-image\" data-id=\"a19f631\" data-element_type=\"widget\" data-e-type=\"widget\" data-widget_type=\"image.default\">\n\t\t\t\t<div class=\"elementor-widget-container\">\n\t\t\t\t\t\t\t\t\t\t\t\t\t\t\t<img fetchpriority=\"high\" decoding=\"async\" width=\"1024\" height=\"576\" src=\"https:\/\/yabune-home.hu\/wp-content\/uploads\/2019\/07\/dims-e1564520098240-1024x576.jpg\" class=\"attachment-large size-large wp-image-4624\" alt=\"okos vil\u00e1g\u00edt\u00e1s\" srcset=\"https:\/\/yabune-home.hu\/wp-content\/uploads\/2019\/07\/dims-e1564520098240-1024x576.jpg 1024w, https:\/\/yabune-home.hu\/wp-content\/uploads\/2019\/07\/dims-e1564520098240-300x169.jpg 300w, https:\/\/yabune-home.hu\/wp-content\/uploads\/2019\/07\/dims-e1564520098240-768x432.jpg 768w, https:\/\/yabune-home.hu\/wp-content\/uploads\/2019\/07\/dims-e1564520098240-600x337.jpg 600w, https:\/\/yabune-home.hu\/wp-content\/uploads\/2019\/07\/dims-e1564520098240.jpg 1170w\" sizes=\"(max-width: 1024px) 100vw, 1024px\" \/>\t\t\t\t\t\t\t\t\t\t\t\t\t\t\t<\/div>\n\t\t\t\t<\/div>\n\t\t\t\t<div class=\"elementor-element elementor-element-82adf7f elementor-widget elementor-widget-heading\" data-id=\"82adf7f\" data-element_type=\"widget\" data-e-type=\"widget\" data-widget_type=\"heading.default\">\n\t\t\t\t<div class=\"elementor-widget-container\">\n\t\t\t\t\t<h2 class=\"elementor-heading-title elementor-size-default\"><br>Smart lighting<\/h2>\t\t\t\t<\/div>\n\t\t\t\t<\/div>\n\t\t\t\t<div class=\"elementor-element elementor-element-25e9d38d elementor-widget elementor-widget-text-editor\" data-id=\"25e9d38d\" data-element_type=\"widget\" data-e-type=\"widget\" data-widget_type=\"text-editor.default\">\n\t\t\t\t<div class=\"elementor-widget-container\">\n\t\t\t\t\t\t\t\t\t<p><span style=\"font-weight: 400;\">A Yabune Home Okosotthon rendszer okos vil\u00e1g\u00edt\u00e1s megold\u00e1sainak seg\u00edts\u00e9g\u00e9vel k\u00e9pes leszel az otthonodban l\u00e9v\u0151 \u00f6sszes l\u00e1mp\u00e1t \u00e9s f\u00e9nyforr\u00e1st egyetlen fel\u00fcletr\u0151l kezelni. A rengeteg t\u00e1mogatott eszk\u00f6z (okos izz\u00f3, kapcsol\u00f3, l\u00e1mpa) k\u00f6z\u00fcl mindenkinek megtal\u00e1ljuk a legjobb megold\u00e1st, ami a legkevesebb munk\u00e1val \u00e9s k\u00f6lts\u00e9ggel j\u00e1r. Legn\u00e9pszer\u0171bb eszk\u00f6zeink (<\/span><a href=\"https:\/\/www2.meethue.com\/en-us\"><span style=\"font-weight: 400;\">Philips Hue<\/span><\/a><span style=\"font-weight: 400;\">, <\/span><a href=\"https:\/\/www.tp-link.com\/hu\/home-networking\/smart-bulb\/\"><span style=\"font-weight: 400;\">TP-Link<\/span><\/a><span style=\"font-weight: 400;\">, <\/span><span style=\"font-weight: 400;\">&nbsp;<\/span><a href=\"https:\/\/yabune-home.hu\/en\/portfolio\/ikea-tradfri-okos-vilagitas\/\"><span style=\"font-weight: 400;\">IKEA Tr\u00e5dfri<\/span><\/a><span style=\"font-weight: 400;\">) b\u00e1rki sz\u00e1m\u00e1ra k\u00f6nnyed\u00e9n hozz\u00e1f\u00e9rhet\u0151ek.<\/span><\/p>\n<h2><span style=\"font-weight: 400;\">Az okos vil\u00e1g\u00edt\u00e1s <\/span><\/h2>\n<p><span style=\"font-weight: 400;\">Az okos vil\u00e1g\u00edt\u00e1s rendszer\u00fcnknek k\u00f6sz\u00f6nhet\u0151en az eszk\u00f6z\u00f6k k\u00e9pesek egym\u00e1ssal \u00e9s a vez\u00e9rl\u0151vel kommunik\u00e1lni, ez\u00e1ltal hat\u00e9konyan seg\u00edteni a mindennapokat.&nbsp; A Yabune Home integr\u00e1ci\u00f3val sz\u00e1mtalan lehet\u0151s\u00e9g k\u00f6z\u00fcl v\u00e1laszthatsz:<\/span><\/p>\n<ul>\n<li style=\"font-weight: 400;\"><span style=\"font-weight: 400;\">F\u00e9nym\u00e9r\u0151 seg\u00edts\u00e9g\u00e9vel pontosan be tudjuk \u00e1ll\u00edtani a k\u00edv\u00e1nt f\u00e9nyer\u0151t, hogy szem\u00fcnk mindig a t\u00f6k\u00e9letes k\u00f6r\u00fclm\u00e9nyek k\u00f6z\u00f6tt m\u0171k\u00f6dhessen. A f\u00e9ny min\u0151s\u00e9ge k\u00f6zvetlen hat\u00e1st gyakorol a k\u00f6z\u00e9rzetre \u00e9s hozz\u00e1j\u00e1rul a pihentet\u0151, nyugodt alv\u00e1si szok\u00e1sok kialak\u00edt\u00e1s\u00e1hoz is.<\/span><\/li>\n<li style=\"font-weight: 400;\"><span style=\"font-weight: 400;\">Vez\u00e9reld telefonoddal k\u00e9nyelmesen a kanap\u00e9r\u00f3l, a hangoddal vagy hagyd az eg\u00e9szet az automatik\u00e1ra.<\/span><\/li>\n<\/ul>\n<p>&nbsp;<\/p>\n<p><span style=\"font-weight: 400;\">A term\u00e9szetes \u00e9s szintetikus f\u00e9ny \u00e9lettani hat\u00e1sait r\u00e9g\u00f3ta vizsg\u00e1lj\u00e1k. Nem is hinn\u00e9nk, hogy a f\u00e9ny mennyire befoly\u00e1sol minket. B\u00edzd r\u00e1nk, hogy megtervezz\u00fck okos vil\u00e1g\u00edt\u00e1sodat! A megfelel\u0151 sz\u00ednv\u00e1lt\u00f3s okos l\u00e1mpa \u00e9s izz\u00f3 haszn\u00e1lat\u00e1val pillanatok alatt sz\u00edness\u00e9 var\u00e1zsolhatod otthonodat. Mi is<\/span><a href=\"https:\/\/yabune-home.com\/okos-lampak-szuper-ereje\/\"> <span style=\"font-weight: 400;\">foglalkoztunk blogunkon ezzel a t\u00e9m\u00e1val<\/span><\/a><span style=\"font-weight: 400;\">, hiszen ezzel egyszer\u0171en \u00e9s hat\u00e9konyan ellens\u00falyozhat\u00f3 a mindennapok sz\u00fcrkes\u00e9ge.<\/span><\/p>\n<p><span style=\"font-weight: 400;\">A l\u00e1gyabb, melegebb sz\u00ednek haszn\u00e1lata napnyugta ut\u00e1n pozit\u00edvan hat az alv\u00e1s min\u0151s\u00e9g\u00e9re. Ha arra van sz\u00fcks\u00e9g, egy kattint\u00e1ssal s\u00f6t\u00e9tet csin\u00e1lhatsz. Mindezt megteheted a Yabune Home Okosotthon rendszer vez\u00e9rl\u0151j\u00e9n kereszt\u00fcl, amivel \u00e9lvezheted az okos vil\u00e1g\u00edt\u00e1s minden el\u0151ny\u00e9t.<\/span><\/p>\n<p><span style=\"font-weight: 400;\">&nbsp;Keress minket, ha szeretn\u00e9d, hogy az \u00e9letedhez hangoljuk otthonod!<\/span><\/p>\n<p><span style=\"font-weight: 400;\"><br><\/span><\/p>\n<h4 style=\"text-align: center;\"><strong>\u00c9rdekel az okos vil\u00e1g\u00edt\u00e1s? Ha v\u00e1laszod IGEN, akkor keress minket, t\u00f6ltsd ki az \u0171rlapot \u00e9s k\u00e9rj visszah\u00edv\u00e1st!<\/strong><\/h4>\n<p><font color=\"#7a7a7a\">\n<div class=\"wpcf7 no-js\" id=\"wpcf7-f14035-o1\" lang=\"en-US\" dir=\"ltr\" data-wpcf7-id=\"14035\">\n<div class=\"screen-reader-response\"><p role=\"status\" aria-live=\"polite\" aria-atomic=\"true\"><\/p> <ul><\/ul><\/div>\n<form action=\"\/en\/wp-json\/wp\/v2\/pages\/4594#wpcf7-f14035-o1\" method=\"post\" class=\"wpcf7-form init\" aria-label=\"Contact form\" novalidate=\"novalidate\" data-status=\"init\" data-trp-original-action=\"\/en\/wp-json\/wp\/v2\/pages\/4594#wpcf7-f14035-o1\">\n<fieldset class=\"hidden-fields-container\"><input type=\"hidden\" name=\"_wpcf7\" value=\"14035\" \/><input type=\"hidden\" name=\"_wpcf7_version\" value=\"6.1.5\" \/><input type=\"hidden\" name=\"_wpcf7_locale\" value=\"en_US\" \/><input type=\"hidden\" name=\"_wpcf7_unit_tag\" value=\"wpcf7-f14035-o1\" \/><input type=\"hidden\" name=\"_wpcf7_container_post\" value=\"0\" \/><input type=\"hidden\" name=\"_wpcf7_posted_data_hash\" value=\"\" \/><input type=\"hidden\" name=\"_wpcf7_recaptcha_response\" value=\"\" \/>\n<\/fieldset>\n<p><label> Name: *<br \/>\n<span class=\"wpcf7-form-control-wrap\" data-name=\"your-name\"><input size=\"40\" maxlength=\"400\" class=\"wpcf7-form-control wpcf7-text wpcf7-validates-as-required\" aria-required=\"true\" aria-invalid=\"false\" value=\"\" type=\"text\" name=\"your-name\" \/><\/span> <\/label>\n<\/p>\n<p><label> Email: *<br \/>\n<span class=\"wpcf7-form-control-wrap\" data-name=\"your-email\"><input size=\"40\" maxlength=\"400\" class=\"wpcf7-form-control wpcf7-email wpcf7-validates-as-required wpcf7-text wpcf7-validates-as-email\" aria-required=\"true\" aria-invalid=\"false\" value=\"\" type=\"email\" name=\"your-email\" \/><\/span> <\/label>\n<\/p>\n<p><label> Phone Number:* (Example: 06301234567)<br \/>\n<span class=\"wpcf7-form-control-wrap\" data-name=\"tel-262\"><input size=\"40\" maxlength=\"12\" minlength=\"11\" class=\"wpcf7-form-control wpcf7-tel wpcf7-validates-as-required wpcf7-text wpcf7-validates-as-tel\" aria-required=\"true\" aria-invalid=\"false\" value=\"\" type=\"tel\" name=\"tel-262\" \/><\/span> <\/label>\n<\/p>\n<p><label> Ir\u00e1ny\u00edt\u00f3sz\u00e1m: (projekt helysz\u00edn)<br \/>\n<span class=\"wpcf7-form-control-wrap\" data-name=\"iranyitoszam\"><input class=\"wpcf7-form-control wpcf7-number wpcf7-validates-as-number\" aria-invalid=\"false\" value=\"\" type=\"number\" name=\"iranyitoszam\" \/><\/span> <\/label>\n<\/p>\n<p><label> V\u00e1ros: (projekt helysz\u00edn)<br \/>\n<span class=\"wpcf7-form-control-wrap\" data-name=\"cim\"><input size=\"40\" maxlength=\"400\" class=\"wpcf7-form-control wpcf7-text\" aria-invalid=\"false\" value=\"\" type=\"text\" name=\"cim\" \/><\/span> <\/label>\n<\/p>\n<p><label> Utca, h\u00e1zsz\u00e1m: (projekt helysz\u00edn)<br \/>\n<span class=\"wpcf7-form-control-wrap\" data-name=\"utca\"><input size=\"40\" maxlength=\"400\" class=\"wpcf7-form-control wpcf7-text\" aria-invalid=\"false\" value=\"\" type=\"text\" name=\"utca\" \/><\/span> <\/label>\n<\/p>\n<p><label> Solutions You\u2019re Interested In: (You can select more than one) <\/label><br \/>\n<span class=\"wpcf7-form-control-wrap\" data-name=\"megoldasok\"><select class=\"wpcf7-form-control wpcf7-select wpcf7-validates-as-required\" aria-required=\"true\" aria-invalid=\"false\" multiple=\"multiple\" name=\"megoldasok[]\"><option value=\"Smart Residence\">Smart Residence<\/option><option value=\"Okos \u00c1rny\u00e9kol\u00e1s\">Smart Shading<\/option><option value=\"Okos H\u0171t\u00e9s-F\u0171t\u00e9s\">Smart Heating-Cooling<\/option><option value=\"Okos Vil\u00e1g\u00edt\u00e1s\">Smart Lighting<\/option><option value=\"Okos Kert\">Smart Garden<\/option><option value=\"Okos Energiafelhaszn\u00e1l\u00e1s\">Smart Energy Use<\/option><option value=\"Okos Fel\u00fcgyelet\">Smart Supervision<\/option><option value=\"Okos H\u00e1ztart\u00e1si Eszk\u00f6z\u00f6k\">Smart Household Appliances<\/option><option value=\"Okosotthon \u00c9l\u0151 Tesztszoba\">Smart Home Live Test Room<\/option><\/select><\/span>\n<\/p>\n<p><label> When Would You Like to Install Your Smart Home System? <\/label><br \/>\n<span class=\"wpcf7-form-control-wrap\" data-name=\"igenyles\"><select class=\"wpcf7-form-control wpcf7-select wpcf7-validates-as-required\" aria-required=\"true\" aria-invalid=\"false\" name=\"igenyles\"><option value=\"Azonnal\">Immediately<\/option><option value=\"P\u00e1r h\u00e9ten bel\u00fcl\">In a couple of weeks<\/option><option value=\"1 - 2 h\u00f3napon bel\u00fcl\">In 1-2 months<\/option><option value=\"2 - 4 h\u00f3napon bel\u00fcl\">2 &#8211; 4 h\u00f3napon bel\u00fcl<\/option><option value=\"T\u00f6bb, mint 4 h\u00f3nap m\u00falva\">In more than 4 months<\/option><\/select><\/span>\n<\/p>\n<p><label> How Did You Hear About Us? <\/label><br \/>\n<span class=\"wpcf7-form-control-wrap\" data-name=\"forras\"><select class=\"wpcf7-form-control wpcf7-select wpcf7-validates-as-required\" aria-required=\"true\" aria-invalid=\"false\" name=\"forras\"><option value=\"Facebook\">Facebook<\/option><option value=\"K\u00f6mkel Podcast\">K\u00f6mkel Podcast<\/option><option value=\"OkosOtthon Labor Podcast\">OkosOtthon Labor Podcast<\/option><option value=\"Google\">Google<\/option><option value=\"Ismer\u0151s aj\u00e1nl\u00e1sa\">From Friends<\/option><option value=\"Egy\u00e9b\">Other<\/option><\/select><\/span>\n<\/p>\n<p><label> Do You Have Your Own Idea? Write to Us! <\/label><br \/>\n<span class=\"wpcf7-form-control-wrap\" data-name=\"otlet\"><textarea cols=\"40\" rows=\"10\" maxlength=\"2000\" class=\"wpcf7-form-control wpcf7-textarea\" aria-invalid=\"false\" name=\"otlet\"><\/textarea><\/span>\n<\/p>\n<p><span class=\"wpcf7-form-control-wrap\" data-name=\"privacy-policy\"><span class=\"wpcf7-form-control wpcf7-acceptance optional\"><span class=\"wpcf7-list-item\"><label class=\"translation-block\"><span class=\"wpcf7-form-control-wrap\" data-name=\"privacy-policy\"><span class=\"wpcf7-form-control wpcf7-acceptance\"><span class=\"wpcf7-list-item\"><label><span class=\"wpcf7-list-item-label\">I accept the <a href=\"https:\/\/yabune-home.hu\/en\/adatvedelem-ugyfel\/\" target=\"_self\">Privacy Notice and Information on the Processing of Personal Data<\/a><\/span><\/label><\/span><\/span><\/span><\/label><\/span><\/span><\/span>\n<\/p>\n<p><input class=\"wpcf7-form-control wpcf7-submit has-spinner\" type=\"submit\" value=\"Let&#039;s talk!\" \/>\n<\/p><div class=\"wpcf7-response-output\" aria-hidden=\"true\"><\/div>\n<input type=\"hidden\" name=\"trp-form-language\" value=\"en\"\/><\/form>\n<\/div>\n<\/font><br><\/p>\t\t\t\t\t\t\t\t<\/div>\n\t\t\t\t<\/div>\n\t\t\t\t\t<\/div>\n\t\t<\/div>\n\t\t\t\t\t<\/div>\n\t\t<\/section>\n\t\t\t\t<\/div>","protected":false},"excerpt":{"rendered":"<p>Az okos vil\u00e1g\u00edt\u00e1s \u00e9s a yabune-home kapcsolata<\/p>","protected":false},"author":5,"featured_media":4624,"parent":0,"menu_order":0,"comment_status":"closed","ping_status":"closed","template":"","meta":{"_monsterinsights_skip_tracking":false,"_monsterinsights_sitenote_active":false,"_monsterinsights_sitenote_note":"","_monsterinsights_sitenote_category":0,"_uf_show_specific_survey":0,"_uf_disable_surveys":false,"footnotes":""},"class_list":["post-4594","page","type-page","status-publish","has-post-thumbnail","hentry"],"yoast_head":"<!-- This site is optimized with the Yoast SEO Premium plugin v21.3 (Yoast SEO v27.3) - https:\/\/yoast.com\/product\/yoast-seo-premium-wordpress\/ -->\n<title>Okos vil\u00e1g\u00edt\u00e1s | Vez\u00e9reld otthonod vil\u00e1g\u00edt\u00e1s\u00e1t a Yabune Home seg\u00edts\u00e9g\u00e9vel<\/title>\n<meta name=\"description\" content=\"Okos vil\u00e1g\u00edt\u00e1s megold\u00e1sok rugalmasan, k\u00e9nyelmesen \u00e9s energiatakar\u00e9kosan - ezt ny\u00fajta a Yabune Home gy\u00e1rt\u00f3f\u00fcggetlen, k\u00f6nnyen b\u0151v\u00edthet\u0151 rendszere.\" \/>\n<meta name=\"robots\" content=\"index, follow, max-snippet:-1, max-image-preview:large, max-video-preview:-1\" \/>\n<link rel=\"canonical\" href=\"https:\/\/yabune-home.hu\/en\/okos-vilagitas\/\" \/>\n<meta property=\"og:locale\" content=\"en_US\" \/>\n<meta property=\"og:type\" content=\"article\" \/>\n<meta property=\"og:title\" content=\"Okos vil\u00e1g\u00edt\u00e1s\" \/>\n<meta property=\"og:description\" content=\"Okos vil\u00e1g\u00edt\u00e1s megold\u00e1sok rugalmasan, k\u00e9nyelmesen \u00e9s energiatakar\u00e9kosan - ezt ny\u00fajta a Yabune Home gy\u00e1rt\u00f3f\u00fcggetlen, k\u00f6nnyen b\u0151v\u00edthet\u0151 rendszere.\" \/>\n<meta property=\"og:url\" content=\"https:\/\/yabune-home.hu\/en\/okos-vilagitas\/\" \/>\n<meta property=\"og:site_name\" content=\"Yabune\" \/>\n<meta property=\"article:publisher\" content=\"https:\/\/www.facebook.com\/yabunehome\" \/>\n<meta property=\"article:modified_time\" content=\"2024-01-28T19:09:43+00:00\" \/>\n<meta property=\"og:image\" content=\"https:\/\/yabune-home.hu\/wp-content\/uploads\/2019\/07\/dims-e1564520098240.jpg\" \/>\n\t<meta property=\"og:image:width\" content=\"1170\" \/>\n\t<meta property=\"og:image:height\" content=\"658\" \/>\n\t<meta property=\"og:image:type\" content=\"image\/jpeg\" \/>\n<meta name=\"twitter:label1\" content=\"Est. reading time\" \/>\n\t<meta name=\"twitter:data1\" content=\"2 minutes\" \/>\n<script type=\"application\/ld+json\" class=\"yoast-schema-graph\">{\"@context\":\"https:\\\/\\\/schema.org\",\"@graph\":[{\"@type\":\"WebPage\",\"@id\":\"https:\\\/\\\/yabune-home.hu\\\/okos-vilagitas\\\/\",\"url\":\"https:\\\/\\\/yabune-home.hu\\\/okos-vilagitas\\\/\",\"name\":\"Okos vil\u00e1g\u00edt\u00e1s | Vez\u00e9reld otthonod vil\u00e1g\u00edt\u00e1s\u00e1t a Yabune Home seg\u00edts\u00e9g\u00e9vel\",\"isPartOf\":{\"@id\":\"https:\\\/\\\/yabune-home.hu\\\/#website\"},\"primaryImageOfPage\":{\"@id\":\"https:\\\/\\\/yabune-home.hu\\\/okos-vilagitas\\\/#primaryimage\"},\"image\":{\"@id\":\"https:\\\/\\\/yabune-home.hu\\\/okos-vilagitas\\\/#primaryimage\"},\"thumbnailUrl\":\"https:\\\/\\\/yabune-home.hu\\\/wp-content\\\/uploads\\\/2019\\\/07\\\/dims-e1564520098240.jpg\",\"datePublished\":\"2019-07-30T10:24:07+00:00\",\"dateModified\":\"2024-01-28T19:09:43+00:00\",\"description\":\"Okos vil\u00e1g\u00edt\u00e1s megold\u00e1sok rugalmasan, k\u00e9nyelmesen \u00e9s energiatakar\u00e9kosan - ezt ny\u00fajta a Yabune Home gy\u00e1rt\u00f3f\u00fcggetlen, k\u00f6nnyen b\u0151v\u00edthet\u0151 rendszere.\",\"breadcrumb\":{\"@id\":\"https:\\\/\\\/yabune-home.hu\\\/okos-vilagitas\\\/#breadcrumb\"},\"inLanguage\":\"en-US\",\"potentialAction\":[{\"@type\":\"ReadAction\",\"target\":[\"https:\\\/\\\/yabune-home.hu\\\/okos-vilagitas\\\/\"]}]},{\"@type\":\"ImageObject\",\"inLanguage\":\"en-US\",\"@id\":\"https:\\\/\\\/yabune-home.hu\\\/okos-vilagitas\\\/#primaryimage\",\"url\":\"https:\\\/\\\/yabune-home.hu\\\/wp-content\\\/uploads\\\/2019\\\/07\\\/dims-e1564520098240.jpg\",\"contentUrl\":\"https:\\\/\\\/yabune-home.hu\\\/wp-content\\\/uploads\\\/2019\\\/07\\\/dims-e1564520098240.jpg\",\"width\":1170,\"height\":658,\"caption\":\"okos vil\u00e1g\u00edt\u00e1s\"},{\"@type\":\"BreadcrumbList\",\"@id\":\"https:\\\/\\\/yabune-home.hu\\\/okos-vilagitas\\\/#breadcrumb\",\"itemListElement\":[{\"@type\":\"ListItem\",\"position\":1,\"name\":\"Home\",\"item\":\"https:\\\/\\\/yabune-home.hu\\\/\"},{\"@type\":\"ListItem\",\"position\":2,\"name\":\"Okos vil\u00e1g\u00edt\u00e1s\"}]},{\"@type\":\"WebSite\",\"@id\":\"https:\\\/\\\/yabune-home.hu\\\/#website\",\"url\":\"https:\\\/\\\/yabune-home.hu\\\/\",\"name\":\"Yabune\",\"description\":\"Okos rendszerek\",\"publisher\":{\"@id\":\"https:\\\/\\\/yabune-home.hu\\\/#organization\"},\"potentialAction\":[{\"@type\":\"SearchAction\",\"target\":{\"@type\":\"EntryPoint\",\"urlTemplate\":\"https:\\\/\\\/yabune-home.hu\\\/?s={search_term_string}\"},\"query-input\":{\"@type\":\"PropertyValueSpecification\",\"valueRequired\":true,\"valueName\":\"search_term_string\"}}],\"inLanguage\":\"en-US\"},{\"@type\":\"Organization\",\"@id\":\"https:\\\/\\\/yabune-home.hu\\\/#organization\",\"name\":\"Yabune Home\",\"url\":\"https:\\\/\\\/yabune-home.hu\\\/\",\"logo\":{\"@type\":\"ImageObject\",\"inLanguage\":\"en-US\",\"@id\":\"https:\\\/\\\/yabune-home.hu\\\/#\\\/schema\\\/logo\\\/image\\\/\",\"url\":\"https:\\\/\\\/yabune-home.hu\\\/wp-content\\\/uploads\\\/2019\\\/09\\\/magaslogo_szines_128.png\",\"contentUrl\":\"https:\\\/\\\/yabune-home.hu\\\/wp-content\\\/uploads\\\/2019\\\/09\\\/magaslogo_szines_128.png\",\"width\":128,\"height\":72,\"caption\":\"Yabune Home\"},\"image\":{\"@id\":\"https:\\\/\\\/yabune-home.hu\\\/#\\\/schema\\\/logo\\\/image\\\/\"},\"sameAs\":[\"https:\\\/\\\/www.facebook.com\\\/yabunehome\",\"https:\\\/\\\/www.instagram.com\\\/yabune_home\\\/\"]}]}<\/script>\n<!-- \/ Yoast SEO Premium plugin. -->","yoast_head_json":{"title":"Okos vil\u00e1g\u00edt\u00e1s | Vez\u00e9reld otthonod vil\u00e1g\u00edt\u00e1s\u00e1t a Yabune Home seg\u00edts\u00e9g\u00e9vel","description":"Okos vil\u00e1g\u00edt\u00e1s megold\u00e1sok rugalmasan, k\u00e9nyelmesen \u00e9s energiatakar\u00e9kosan - ezt ny\u00fajta a Yabune Home gy\u00e1rt\u00f3f\u00fcggetlen, k\u00f6nnyen b\u0151v\u00edthet\u0151 rendszere.","robots":{"index":"index","follow":"follow","max-snippet":"max-snippet:-1","max-image-preview":"max-image-preview:large","max-video-preview":"max-video-preview:-1"},"canonical":"https:\/\/yabune-home.hu\/en\/okos-vilagitas\/","og_locale":"en_US","og_type":"article","og_title":"Okos vil\u00e1g\u00edt\u00e1s","og_description":"Okos vil\u00e1g\u00edt\u00e1s megold\u00e1sok rugalmasan, k\u00e9nyelmesen \u00e9s energiatakar\u00e9kosan - ezt ny\u00fajta a Yabune Home gy\u00e1rt\u00f3f\u00fcggetlen, k\u00f6nnyen b\u0151v\u00edthet\u0151 rendszere.","og_url":"https:\/\/yabune-home.hu\/en\/okos-vilagitas\/","og_site_name":"Yabune","article_publisher":"https:\/\/www.facebook.com\/yabunehome","article_modified_time":"2024-01-28T19:09:43+00:00","og_image":[{"width":1170,"height":658,"url":"https:\/\/yabune-home.hu\/wp-content\/uploads\/2019\/07\/dims-e1564520098240.jpg","type":"image\/jpeg"}],"twitter_misc":{"Est. reading time":"2 minutes"},"schema":{"@context":"https:\/\/schema.org","@graph":[{"@type":"WebPage","@id":"https:\/\/yabune-home.hu\/okos-vilagitas\/","url":"https:\/\/yabune-home.hu\/okos-vilagitas\/","name":"Okos vil\u00e1g\u00edt\u00e1s | Vez\u00e9reld otthonod vil\u00e1g\u00edt\u00e1s\u00e1t a Yabune Home seg\u00edts\u00e9g\u00e9vel","isPartOf":{"@id":"https:\/\/yabune-home.hu\/#website"},"primaryImageOfPage":{"@id":"https:\/\/yabune-home.hu\/okos-vilagitas\/#primaryimage"},"image":{"@id":"https:\/\/yabune-home.hu\/okos-vilagitas\/#primaryimage"},"thumbnailUrl":"https:\/\/yabune-home.hu\/wp-content\/uploads\/2019\/07\/dims-e1564520098240.jpg","datePublished":"2019-07-30T10:24:07+00:00","dateModified":"2024-01-28T19:09:43+00:00","description":"Okos vil\u00e1g\u00edt\u00e1s megold\u00e1sok rugalmasan, k\u00e9nyelmesen \u00e9s energiatakar\u00e9kosan - ezt ny\u00fajta a Yabune Home gy\u00e1rt\u00f3f\u00fcggetlen, k\u00f6nnyen b\u0151v\u00edthet\u0151 rendszere.","breadcrumb":{"@id":"https:\/\/yabune-home.hu\/okos-vilagitas\/#breadcrumb"},"inLanguage":"en-US","potentialAction":[{"@type":"ReadAction","target":["https:\/\/yabune-home.hu\/okos-vilagitas\/"]}]},{"@type":"ImageObject","inLanguage":"en-US","@id":"https:\/\/yabune-home.hu\/okos-vilagitas\/#primaryimage","url":"https:\/\/yabune-home.hu\/wp-content\/uploads\/2019\/07\/dims-e1564520098240.jpg","contentUrl":"https:\/\/yabune-home.hu\/wp-content\/uploads\/2019\/07\/dims-e1564520098240.jpg","width":1170,"height":658,"caption":"okos vil\u00e1g\u00edt\u00e1s"},{"@type":"BreadcrumbList","@id":"https:\/\/yabune-home.hu\/okos-vilagitas\/#breadcrumb","itemListElement":[{"@type":"ListItem","position":1,"name":"Home","item":"https:\/\/yabune-home.hu\/"},{"@type":"ListItem","position":2,"name":"Okos vil\u00e1g\u00edt\u00e1s"}]},{"@type":"WebSite","@id":"https:\/\/yabune-home.hu\/#website","url":"https:\/\/yabune-home.hu\/","name":"Yabune","description":"Okos rendszerek","publisher":{"@id":"https:\/\/yabune-home.hu\/#organization"},"potentialAction":[{"@type":"SearchAction","target":{"@type":"EntryPoint","urlTemplate":"https:\/\/yabune-home.hu\/?s={search_term_string}"},"query-input":{"@type":"PropertyValueSpecification","valueRequired":true,"valueName":"search_term_string"}}],"inLanguage":"en-US"},{"@type":"Organization","@id":"https:\/\/yabune-home.hu\/#organization","name":"Yabune Home","url":"https:\/\/yabune-home.hu\/","logo":{"@type":"ImageObject","inLanguage":"en-US","@id":"https:\/\/yabune-home.hu\/#\/schema\/logo\/image\/","url":"https:\/\/yabune-home.hu\/wp-content\/uploads\/2019\/09\/magaslogo_szines_128.png","contentUrl":"https:\/\/yabune-home.hu\/wp-content\/uploads\/2019\/09\/magaslogo_szines_128.png","width":128,"height":72,"caption":"Yabune Home"},"image":{"@id":"https:\/\/yabune-home.hu\/#\/schema\/logo\/image\/"},"sameAs":["https:\/\/www.facebook.com\/yabunehome","https:\/\/www.instagram.com\/yabune_home\/"]}]}},"_links":{"self":[{"href":"https:\/\/yabune-home.hu\/en\/wp-json\/wp\/v2\/pages\/4594","targetHints":{"allow":["GET"]}}],"collection":[{"href":"https:\/\/yabune-home.hu\/en\/wp-json\/wp\/v2\/pages"}],"about":[{"href":"https:\/\/yabune-home.hu\/en\/wp-json\/wp\/v2\/types\/page"}],"author":[{"embeddable":true,"href":"https:\/\/yabune-home.hu\/en\/wp-json\/wp\/v2\/users\/5"}],"replies":[{"embeddable":true,"href":"https:\/\/yabune-home.hu\/en\/wp-json\/wp\/v2\/comments?post=4594"}],"version-history":[{"count":19,"href":"https:\/\/yabune-home.hu\/en\/wp-json\/wp\/v2\/pages\/4594\/revisions"}],"predecessor-version":[{"id":14082,"href":"https:\/\/yabune-home.hu\/en\/wp-json\/wp\/v2\/pages\/4594\/revisions\/14082"}],"wp:featuredmedia":[{"embeddable":true,"href":"https:\/\/yabune-home.hu\/en\/wp-json\/wp\/v2\/media\/4624"}],"wp:attachment":[{"href":"https:\/\/yabune-home.hu\/en\/wp-json\/wp\/v2\/media?parent=4594"}],"curies":[{"name":"wp","href":"https:\/\/api.w.org\/{rel}","templated":true}]}}