{"id":4548,"date":"2019-07-30T11:07:59","date_gmt":"2019-07-30T09:07:59","guid":{"rendered":"https:\/\/yabune-home.com\/?post_type=cwsportfolio&#038;p=4548"},"modified":"2021-10-05T10:09:02","modified_gmt":"2021-10-05T08:09:02","slug":"honeywell-evohome","status":"publish","type":"page","link":"https:\/\/yabune-home.hu\/en\/honeywell-evohome\/","title":{"rendered":"Honeywell Evohome"},"content":{"rendered":"<div data-elementor-type=\"wp-page\" data-elementor-id=\"4548\" class=\"elementor elementor-4548\" data-elementor-post-type=\"page\">\n\t\t\t\t\t\t<section class=\"elementor-section elementor-top-section elementor-element elementor-element-1e1e7a51 elementor-section-boxed elementor-section-height-default elementor-section-height-default\" data-id=\"1e1e7a51\" data-element_type=\"section\" data-e-type=\"section\">\n\t\t\t\t\t\t<div class=\"elementor-container elementor-column-gap-default\">\n\t\t\t\t\t<div class=\"elementor-column elementor-col-100 elementor-top-column elementor-element elementor-element-59acc7dc\" data-id=\"59acc7dc\" data-element_type=\"column\" data-e-type=\"column\">\n\t\t\t<div class=\"elementor-widget-wrap elementor-element-populated\">\n\t\t\t\t\t\t<div class=\"elementor-element elementor-element-f0c1bda elementor-widget elementor-widget-image\" data-id=\"f0c1bda\" data-element_type=\"widget\" data-e-type=\"widget\" data-widget_type=\"image.default\">\n\t\t\t\t<div class=\"elementor-widget-container\">\n\t\t\t\t\t\t\t\t\t\t\t\t\t\t\t<img fetchpriority=\"high\" decoding=\"async\" width=\"1024\" height=\"576\" src=\"https:\/\/yabune-home.hu\/wp-content\/uploads\/2019\/07\/136343_1-e1564478082793-1024x576.jpg\" class=\"attachment-large size-large wp-image-4589\" alt=\"Honeywell Evohome k\u00f6zponti egys\u00e9g radi\u00e1toros szelepekkel\" srcset=\"https:\/\/yabune-home.hu\/wp-content\/uploads\/2019\/07\/136343_1-e1564478082793-1024x576.jpg 1024w, https:\/\/yabune-home.hu\/wp-content\/uploads\/2019\/07\/136343_1-e1564478082793-300x169.jpg 300w, https:\/\/yabune-home.hu\/wp-content\/uploads\/2019\/07\/136343_1-e1564478082793-768x432.jpg 768w, https:\/\/yabune-home.hu\/wp-content\/uploads\/2019\/07\/136343_1-e1564478082793-600x337.jpg 600w, https:\/\/yabune-home.hu\/wp-content\/uploads\/2019\/07\/136343_1-e1564478082793.jpg 1170w\" sizes=\"(max-width: 1024px) 100vw, 1024px\" \/>\t\t\t\t\t\t\t\t\t\t\t\t\t\t\t<\/div>\n\t\t\t\t<\/div>\n\t\t\t\t<div class=\"elementor-element elementor-element-08769e2 elementor-widget elementor-widget-heading\" data-id=\"08769e2\" data-element_type=\"widget\" data-e-type=\"widget\" data-widget_type=\"heading.default\">\n\t\t\t\t<div class=\"elementor-widget-container\">\n\t\t\t\t\t<h2 class=\"elementor-heading-title elementor-size-default\">Honeywell Evohome<\/h2>\t\t\t\t<\/div>\n\t\t\t\t<\/div>\n\t\t\t\t<div class=\"elementor-element elementor-element-4aad0018 elementor-widget elementor-widget-text-editor\" data-id=\"4aad0018\" data-element_type=\"widget\" data-e-type=\"widget\" data-widget_type=\"text-editor.default\">\n\t\t\t\t<div class=\"elementor-widget-container\">\n\t\t\t\t\t\t\t\t\t<p>A <a href=\"https:\/\/getconnected.honeywellhome.com\/hu\/evohome-wi-fi.html\">Honeywell Evohome f\u0171t\u00e9srendszer<\/a> professzion\u00e1lis megold\u00e1st ny\u00fajt f\u0171t\u00e9s rendszerek vez\u00e9rl\u00e9s\u00e9hez ak\u00e1r otthonr\u00f3l, ak\u00e1r t\u00e1volr\u00f3l. Nincs t\u00f6bb\u00e9 hideg vagy meleg&nbsp; helyis\u00e9g, mindenhol olyan lesz a h\u0151m\u00e9rs\u00e9klet, amit Te \u00e9s csal\u00e1dod szeretne. \u00cdgy nem csak a lak\u00e1s komfortj\u00e1t n\u00f6velheted, de mellette a havi k\u00f6lts\u00e9gekb\u0151l is faraghatsz. A term\u00e9kcsal\u00e1d egyes elemei r\u00e1di\u00f3s kommunik\u00e1ci\u00f3val val\u00f3s\u00edtj\u00e1k meg a t\u00f6k\u00e9letes \u00f6sszhangot. A Yabune Home szerves r\u00e9sz\u00e9t k\u00e9pezheti az Evohome term\u00e9k csal\u00e1d, mellyel sz\u00e1mos tov\u00e1bbi lehet\u0151s\u00e9g ny\u00edlik meg <a href=\"https:\/\/yabune-home.hu\/en\/portfolio\/okos-futes-hutes\/\" target=\"_blank\" rel=\"noopener noreferrer\">okos f\u0171t\u00e9s h\u0171t\u00e9s<\/a> rendszer\u00fcnkkel kombin\u00e1lva.<\/p>\n<p>Lehet\u0151s\u00e9g van megl\u00e9v\u0151 f\u0171t\u00e9si rendszerek tov\u00e1bbfejleszt\u00e9s\u00e9re, vagy ak\u00e1r m\u00e1r el\u0151re kalkul\u00e1lni vele. A term\u00e9kcsal\u00e1d k\u00e9pes kezelni a radi\u00e1toros \u00e9s\/vagy padl\u00f3f\u0171t\u00e9ses kivitelez\u00e9st. Rengeteg be\u00e1ll\u00edt\u00e1si lehet\u0151s\u00e9ggel rendelkezik, \u00edgy k\u00f6nnyed\u00e9n egyedire lehet szabni a lak\u00e1s h\u0151m\u00e9rs\u00e9klet\u00e9t, ak\u00e1r k\u00fcl\u00f6n szob\u00e1kban is.<\/p>\n<p>Az Honeywell Evohome Wifi rendszer seg\u00edts\u00e9g\u00e9vel egy k\u00f6zponti szab\u00e1lyoz\u00f3val a lak\u00e1s minden pontj\u00e1n be lehet \u00e1ll\u00edtani a h\u0151m\u00e9rs\u00e9kletet. Hab\u00e1r l\u00e9tezik hozz\u00e1 saj\u00e1t okostelefonon futtathat\u00f3 alkalmaz\u00e1s a Yabune Home rendszerrel \u00f6sszekapcsolva sz\u00e1mos \u00faj lehet\u0151s\u00e9g ny\u00edlik meg:<\/p>\n<ul>\n<li>a vil\u00e1g b\u00e1rmely pontj\u00e1r\u00f3l pontosan tudjuk vez\u00e9relni az egyes helyis\u00e9gek h\u0151m\u00e9rs\u00e9klet\u00e9t<\/li>\n<li>\u00f6sszekapcsolva a <a href=\"https:\/\/yabune-home.hu\/en\/portfolio\/sensibo-sky\/\" target=\"_blank\" rel=\"noopener noreferrer\">h\u0171t\u00e9s<\/a> \u00e9s red\u0151nyvez\u00e9rl\u0151 rendszerekkel komplex automatik\u00e1kat lehet megfogalmazni. Kombin\u00e1lva ezen k\u00e9pess\u00e9get a Honeywell be\u00e9p\u00edtett tanul\u00f3 algoritmus\u00e1val mindig a legoptim\u00e1lisabb f\u0171t\u00e9si teljes\u00edtm\u00e9nyt tudjuk el\u00e9rni.<\/li>\n<li>felokos\u00edthatjuk f\u0171t\u00e9s\u00fcnket, hogy ismerje a aktu\u00e1lis helyzet\u00fcnket (melyhez csak egy okos telefonra van sz\u00fcks\u00e9g) vagy napt\u00e1runkat. \u00cdgy f\u0171t\u00e9s rendszer\u00fcnk pontosan akkor \u00fczemel, amikor annak kell<\/li>\n<li>a bees\u0151 nap f\u00e9ny mennyis\u00e9g alapj\u00e1n kalkul\u00e1lhatunk az adott helyis\u00e9g felf\u0171t\u00e9si t\u00e9nyez\u0151j\u00e9vel. <a href=\"https:\/\/yabune-home.hu\/en\/portfolio\/okos-arnyekolas\/\" target=\"_blank\" rel=\"noopener noreferrer\">Okos \u00e1rny\u00e9kol\u00f3k<\/a> seg\u00edts\u00e9g\u00e9vel tov\u00e1bb optimaliz\u00e1l\u00e1st \u00e9rhet\u00fcnk el.<\/li>\n<\/ul>\n<h4><\/h4>\n<h4 style=\"text-align: center;\"><strong><br><\/strong><\/h4>\n<h4 style=\"text-align: center;\"><strong>\u00c9rdekel az okos f\u0171t\u00e9s-h\u0171t\u00e9s? Ha v\u00e1laszod IGEN, akkor keress minket, t\u00f6ltsd ki az \u0171rlapot \u00e9s k\u00e9rj visszah\u00edv\u00e1st!<\/strong><\/h4>\n<p><span style=\"color: var( --e-global-color-text );\"><p class=\"wpcf7-contact-form-not-found\"><strong>Error:<\/strong> Contact form not found.<\/p><\/span><br><\/p>\t\t\t\t\t\t\t\t<\/div>\n\t\t\t\t<\/div>\n\t\t\t\t\t<\/div>\n\t\t<\/div>\n\t\t\t\t\t<\/div>\n\t\t<\/section>\n\t\t\t\t<\/div>","protected":false},"excerpt":{"rendered":"<p>Honeywell Evohome A Honeywell Evohome f\u0171t\u00e9srendszer professzion\u00e1lis megold\u00e1st ny\u00fajt f\u0171t\u00e9s rendszerek vez\u00e9rl\u00e9s\u00e9hez ak\u00e1r otthonr\u00f3l, ak\u00e1r t\u00e1volr\u00f3l. Nincs t\u00f6bb\u00e9 hideg vagy meleg&nbsp; helyis\u00e9g, mindenhol olyan lesz a h\u0151m\u00e9rs\u00e9klet, amit Te \u00e9s csal\u00e1dod szeretne. \u00cdgy nem csak a lak\u00e1s komfortj\u00e1t n\u00f6velheted, de mellette a havi k\u00f6lts\u00e9gekb\u0151l is faraghatsz. A term\u00e9kcsal\u00e1d egyes elemei r\u00e1di\u00f3s kommunik\u00e1ci\u00f3val val\u00f3s\u00edtj\u00e1k meg a [&hellip;]<\/p>\n","protected":false},"author":16,"featured_media":4589,"parent":0,"menu_order":1,"comment_status":"closed","ping_status":"closed","template":"","meta":{"_monsterinsights_skip_tracking":false,"_monsterinsights_sitenote_active":false,"_monsterinsights_sitenote_note":"","_monsterinsights_sitenote_category":0,"_uf_show_specific_survey":0,"_uf_disable_surveys":false,"footnotes":""},"class_list":["post-4548","page","type-page","status-publish","has-post-thumbnail","hentry"],"yoast_head":"<!-- This site is optimized with the Yoast SEO Premium plugin v21.3 (Yoast SEO v27.3) - https:\/\/yoast.com\/product\/yoast-seo-premium-wordpress\/ -->\n<title>Honeywell Evohome Okos F\u0171t\u00e9s Rendszer | Yabune<\/title>\n<meta name=\"description\" content=\"Yabune seg\u00edts\u00e9g\u00e9vel kapcsolja \u00f6ssze Honeywell Evohome \u00e1ltal vez\u00e9relt f\u0171t\u00e9s\u00e9t m\u00e1s komponensekkel, hogy tov\u00e1bb n\u00f6velje lak\u00e1sa komfort \u00e9rz\u00e9k\u00e9t.\" \/>\n<meta name=\"robots\" content=\"index, follow, max-snippet:-1, max-image-preview:large, max-video-preview:-1\" \/>\n<link rel=\"canonical\" href=\"https:\/\/yabune-home.hu\/en\/honeywell-evohome\/\" \/>\n<meta property=\"og:locale\" content=\"en_US\" \/>\n<meta property=\"og:type\" content=\"article\" \/>\n<meta property=\"og:title\" content=\"Honeywell Evohome\" \/>\n<meta property=\"og:description\" content=\"Yabune seg\u00edts\u00e9g\u00e9vel kapcsolja \u00f6ssze Honeywell Evohome \u00e1ltal vez\u00e9relt f\u0171t\u00e9s\u00e9t m\u00e1s komponensekkel, hogy tov\u00e1bb n\u00f6velje lak\u00e1sa komfort \u00e9rz\u00e9k\u00e9t.\" \/>\n<meta property=\"og:url\" content=\"https:\/\/yabune-home.hu\/en\/honeywell-evohome\/\" \/>\n<meta property=\"og:site_name\" content=\"Yabune\" \/>\n<meta property=\"article:publisher\" content=\"https:\/\/www.facebook.com\/yabunehome\" \/>\n<meta property=\"article:modified_time\" content=\"2021-10-05T08:09:02+00:00\" \/>\n<meta property=\"og:image\" content=\"https:\/\/yabune-home.hu\/wp-content\/uploads\/2019\/07\/136343_1-e1564478082793.jpg\" \/>\n\t<meta property=\"og:image:width\" content=\"1170\" \/>\n\t<meta property=\"og:image:height\" content=\"658\" \/>\n\t<meta property=\"og:image:type\" content=\"image\/jpeg\" \/>\n<meta name=\"twitter:label1\" content=\"Est. reading time\" \/>\n\t<meta name=\"twitter:data1\" content=\"2 minutes\" \/>\n<script type=\"application\/ld+json\" class=\"yoast-schema-graph\">{\"@context\":\"https:\\\/\\\/schema.org\",\"@graph\":[{\"@type\":\"WebPage\",\"@id\":\"https:\\\/\\\/yabune-home.hu\\\/honeywell-evohome\\\/\",\"url\":\"https:\\\/\\\/yabune-home.hu\\\/honeywell-evohome\\\/\",\"name\":\"Honeywell Evohome Okos F\u0171t\u00e9s Rendszer | Yabune\",\"isPartOf\":{\"@id\":\"https:\\\/\\\/yabune-home.hu\\\/#website\"},\"primaryImageOfPage\":{\"@id\":\"https:\\\/\\\/yabune-home.hu\\\/honeywell-evohome\\\/#primaryimage\"},\"image\":{\"@id\":\"https:\\\/\\\/yabune-home.hu\\\/honeywell-evohome\\\/#primaryimage\"},\"thumbnailUrl\":\"https:\\\/\\\/yabune-home.hu\\\/wp-content\\\/uploads\\\/2019\\\/07\\\/136343_1-e1564478082793.jpg\",\"datePublished\":\"2019-07-30T09:07:59+00:00\",\"dateModified\":\"2021-10-05T08:09:02+00:00\",\"description\":\"Yabune seg\u00edts\u00e9g\u00e9vel kapcsolja \u00f6ssze Honeywell Evohome \u00e1ltal vez\u00e9relt f\u0171t\u00e9s\u00e9t m\u00e1s komponensekkel, hogy tov\u00e1bb n\u00f6velje lak\u00e1sa komfort \u00e9rz\u00e9k\u00e9t.\",\"breadcrumb\":{\"@id\":\"https:\\\/\\\/yabune-home.hu\\\/honeywell-evohome\\\/#breadcrumb\"},\"inLanguage\":\"en-US\",\"potentialAction\":[{\"@type\":\"ReadAction\",\"target\":[\"https:\\\/\\\/yabune-home.hu\\\/honeywell-evohome\\\/\"]}]},{\"@type\":\"ImageObject\",\"inLanguage\":\"en-US\",\"@id\":\"https:\\\/\\\/yabune-home.hu\\\/honeywell-evohome\\\/#primaryimage\",\"url\":\"https:\\\/\\\/yabune-home.hu\\\/wp-content\\\/uploads\\\/2019\\\/07\\\/136343_1-e1564478082793.jpg\",\"contentUrl\":\"https:\\\/\\\/yabune-home.hu\\\/wp-content\\\/uploads\\\/2019\\\/07\\\/136343_1-e1564478082793.jpg\",\"width\":1170,\"height\":658,\"caption\":\"Honeywell Evohome k\u00f6zponti egys\u00e9g radi\u00e1toros szelepekkel\"},{\"@type\":\"BreadcrumbList\",\"@id\":\"https:\\\/\\\/yabune-home.hu\\\/honeywell-evohome\\\/#breadcrumb\",\"itemListElement\":[{\"@type\":\"ListItem\",\"position\":1,\"name\":\"Home\",\"item\":\"https:\\\/\\\/yabune-home.hu\\\/\"},{\"@type\":\"ListItem\",\"position\":2,\"name\":\"Honeywell Evohome\"}]},{\"@type\":\"WebSite\",\"@id\":\"https:\\\/\\\/yabune-home.hu\\\/#website\",\"url\":\"https:\\\/\\\/yabune-home.hu\\\/\",\"name\":\"Yabune\",\"description\":\"Okos rendszerek\",\"publisher\":{\"@id\":\"https:\\\/\\\/yabune-home.hu\\\/#organization\"},\"potentialAction\":[{\"@type\":\"SearchAction\",\"target\":{\"@type\":\"EntryPoint\",\"urlTemplate\":\"https:\\\/\\\/yabune-home.hu\\\/?s={search_term_string}\"},\"query-input\":{\"@type\":\"PropertyValueSpecification\",\"valueRequired\":true,\"valueName\":\"search_term_string\"}}],\"inLanguage\":\"en-US\"},{\"@type\":\"Organization\",\"@id\":\"https:\\\/\\\/yabune-home.hu\\\/#organization\",\"name\":\"Yabune Home\",\"url\":\"https:\\\/\\\/yabune-home.hu\\\/\",\"logo\":{\"@type\":\"ImageObject\",\"inLanguage\":\"en-US\",\"@id\":\"https:\\\/\\\/yabune-home.hu\\\/#\\\/schema\\\/logo\\\/image\\\/\",\"url\":\"https:\\\/\\\/yabune-home.hu\\\/wp-content\\\/uploads\\\/2019\\\/09\\\/magaslogo_szines_128.png\",\"contentUrl\":\"https:\\\/\\\/yabune-home.hu\\\/wp-content\\\/uploads\\\/2019\\\/09\\\/magaslogo_szines_128.png\",\"width\":128,\"height\":72,\"caption\":\"Yabune Home\"},\"image\":{\"@id\":\"https:\\\/\\\/yabune-home.hu\\\/#\\\/schema\\\/logo\\\/image\\\/\"},\"sameAs\":[\"https:\\\/\\\/www.facebook.com\\\/yabunehome\",\"https:\\\/\\\/www.instagram.com\\\/yabune_home\\\/\"]}]}<\/script>\n<!-- \/ Yoast SEO Premium plugin. -->","yoast_head_json":{"title":"Honeywell Evohome Okos F\u0171t\u00e9s Rendszer | Yabune","description":"Yabune seg\u00edts\u00e9g\u00e9vel kapcsolja \u00f6ssze Honeywell Evohome \u00e1ltal vez\u00e9relt f\u0171t\u00e9s\u00e9t m\u00e1s komponensekkel, hogy tov\u00e1bb n\u00f6velje lak\u00e1sa komfort \u00e9rz\u00e9k\u00e9t.","robots":{"index":"index","follow":"follow","max-snippet":"max-snippet:-1","max-image-preview":"max-image-preview:large","max-video-preview":"max-video-preview:-1"},"canonical":"https:\/\/yabune-home.hu\/en\/honeywell-evohome\/","og_locale":"en_US","og_type":"article","og_title":"Honeywell Evohome","og_description":"Yabune seg\u00edts\u00e9g\u00e9vel kapcsolja \u00f6ssze Honeywell Evohome \u00e1ltal vez\u00e9relt f\u0171t\u00e9s\u00e9t m\u00e1s komponensekkel, hogy tov\u00e1bb n\u00f6velje lak\u00e1sa komfort \u00e9rz\u00e9k\u00e9t.","og_url":"https:\/\/yabune-home.hu\/en\/honeywell-evohome\/","og_site_name":"Yabune","article_publisher":"https:\/\/www.facebook.com\/yabunehome","article_modified_time":"2021-10-05T08:09:02+00:00","og_image":[{"width":1170,"height":658,"url":"https:\/\/yabune-home.hu\/wp-content\/uploads\/2019\/07\/136343_1-e1564478082793.jpg","type":"image\/jpeg"}],"twitter_misc":{"Est. reading time":"2 minutes"},"schema":{"@context":"https:\/\/schema.org","@graph":[{"@type":"WebPage","@id":"https:\/\/yabune-home.hu\/honeywell-evohome\/","url":"https:\/\/yabune-home.hu\/honeywell-evohome\/","name":"Honeywell Evohome Okos F\u0171t\u00e9s Rendszer | Yabune","isPartOf":{"@id":"https:\/\/yabune-home.hu\/#website"},"primaryImageOfPage":{"@id":"https:\/\/yabune-home.hu\/honeywell-evohome\/#primaryimage"},"image":{"@id":"https:\/\/yabune-home.hu\/honeywell-evohome\/#primaryimage"},"thumbnailUrl":"https:\/\/yabune-home.hu\/wp-content\/uploads\/2019\/07\/136343_1-e1564478082793.jpg","datePublished":"2019-07-30T09:07:59+00:00","dateModified":"2021-10-05T08:09:02+00:00","description":"Yabune seg\u00edts\u00e9g\u00e9vel kapcsolja \u00f6ssze Honeywell Evohome \u00e1ltal vez\u00e9relt f\u0171t\u00e9s\u00e9t m\u00e1s komponensekkel, hogy tov\u00e1bb n\u00f6velje lak\u00e1sa komfort \u00e9rz\u00e9k\u00e9t.","breadcrumb":{"@id":"https:\/\/yabune-home.hu\/honeywell-evohome\/#breadcrumb"},"inLanguage":"en-US","potentialAction":[{"@type":"ReadAction","target":["https:\/\/yabune-home.hu\/honeywell-evohome\/"]}]},{"@type":"ImageObject","inLanguage":"en-US","@id":"https:\/\/yabune-home.hu\/honeywell-evohome\/#primaryimage","url":"https:\/\/yabune-home.hu\/wp-content\/uploads\/2019\/07\/136343_1-e1564478082793.jpg","contentUrl":"https:\/\/yabune-home.hu\/wp-content\/uploads\/2019\/07\/136343_1-e1564478082793.jpg","width":1170,"height":658,"caption":"Honeywell Evohome k\u00f6zponti egys\u00e9g radi\u00e1toros szelepekkel"},{"@type":"BreadcrumbList","@id":"https:\/\/yabune-home.hu\/honeywell-evohome\/#breadcrumb","itemListElement":[{"@type":"ListItem","position":1,"name":"Home","item":"https:\/\/yabune-home.hu\/"},{"@type":"ListItem","position":2,"name":"Honeywell Evohome"}]},{"@type":"WebSite","@id":"https:\/\/yabune-home.hu\/#website","url":"https:\/\/yabune-home.hu\/","name":"Yabune","description":"Okos rendszerek","publisher":{"@id":"https:\/\/yabune-home.hu\/#organization"},"potentialAction":[{"@type":"SearchAction","target":{"@type":"EntryPoint","urlTemplate":"https:\/\/yabune-home.hu\/?s={search_term_string}"},"query-input":{"@type":"PropertyValueSpecification","valueRequired":true,"valueName":"search_term_string"}}],"inLanguage":"en-US"},{"@type":"Organization","@id":"https:\/\/yabune-home.hu\/#organization","name":"Yabune Home","url":"https:\/\/yabune-home.hu\/","logo":{"@type":"ImageObject","inLanguage":"en-US","@id":"https:\/\/yabune-home.hu\/#\/schema\/logo\/image\/","url":"https:\/\/yabune-home.hu\/wp-content\/uploads\/2019\/09\/magaslogo_szines_128.png","contentUrl":"https:\/\/yabune-home.hu\/wp-content\/uploads\/2019\/09\/magaslogo_szines_128.png","width":128,"height":72,"caption":"Yabune Home"},"image":{"@id":"https:\/\/yabune-home.hu\/#\/schema\/logo\/image\/"},"sameAs":["https:\/\/www.facebook.com\/yabunehome","https:\/\/www.instagram.com\/yabune_home\/"]}]}},"_links":{"self":[{"href":"https:\/\/yabune-home.hu\/en\/wp-json\/wp\/v2\/pages\/4548","targetHints":{"allow":["GET"]}}],"collection":[{"href":"https:\/\/yabune-home.hu\/en\/wp-json\/wp\/v2\/pages"}],"about":[{"href":"https:\/\/yabune-home.hu\/en\/wp-json\/wp\/v2\/types\/page"}],"author":[{"embeddable":true,"href":"https:\/\/yabune-home.hu\/en\/wp-json\/wp\/v2\/users\/16"}],"replies":[{"embeddable":true,"href":"https:\/\/yabune-home.hu\/en\/wp-json\/wp\/v2\/comments?post=4548"}],"version-history":[{"count":28,"href":"https:\/\/yabune-home.hu\/en\/wp-json\/wp\/v2\/pages\/4548\/revisions"}],"predecessor-version":[{"id":9816,"href":"https:\/\/yabune-home.hu\/en\/wp-json\/wp\/v2\/pages\/4548\/revisions\/9816"}],"wp:featuredmedia":[{"embeddable":true,"href":"https:\/\/yabune-home.hu\/en\/wp-json\/wp\/v2\/media\/4589"}],"wp:attachment":[{"href":"https:\/\/yabune-home.hu\/en\/wp-json\/wp\/v2\/media?parent=4548"}],"curies":[{"name":"wp","href":"https:\/\/api.w.org\/{rel}","templated":true}]}}