{"id":1911,"date":"2019-08-10T05:45:04","date_gmt":"2019-08-10T03:45:04","guid":{"rendered":"https:\/\/yabune-home.com\/portfolio\/temperature-controller\/"},"modified":"2021-10-05T10:10:01","modified_gmt":"2021-10-05T08:10:01","slug":"sensibo-sky","status":"publish","type":"page","link":"https:\/\/yabune-home.hu\/en\/sensibo-sky\/","title":{"rendered":"Sensibo Sky"},"content":{"rendered":"<div data-elementor-type=\"wp-page\" data-elementor-id=\"1911\" class=\"elementor elementor-1911\" data-elementor-post-type=\"page\">\n\t\t\t\t\t\t<section class=\"elementor-section elementor-top-section elementor-element elementor-element-7619f596 elementor-section-boxed elementor-section-height-default elementor-section-height-default\" data-id=\"7619f596\" data-element_type=\"section\" data-e-type=\"section\">\n\t\t\t\t\t\t<div class=\"elementor-container elementor-column-gap-default\">\n\t\t\t\t\t<div class=\"elementor-column elementor-col-100 elementor-top-column elementor-element elementor-element-3b1c5f18\" data-id=\"3b1c5f18\" data-element_type=\"column\" data-e-type=\"column\">\n\t\t\t<div class=\"elementor-widget-wrap elementor-element-populated\">\n\t\t\t\t\t\t<div class=\"elementor-element elementor-element-42a3a71 elementor-widget elementor-widget-image\" data-id=\"42a3a71\" data-element_type=\"widget\" data-e-type=\"widget\" data-widget_type=\"image.default\">\n\t\t\t\t<div class=\"elementor-widget-container\">\n\t\t\t\t\t\t\t\t\t\t\t\t\t\t\t<img fetchpriority=\"high\" decoding=\"async\" width=\"1024\" height=\"576\" src=\"https:\/\/yabune-home.hu\/wp-content\/uploads\/2017\/09\/sensibo2-1024x576.png\" class=\"attachment-large size-large wp-image-4556\" alt=\"Sensibo Okos Kl\u00edma vez\u00e9rl\u0151\" srcset=\"https:\/\/yabune-home.hu\/wp-content\/uploads\/2017\/09\/sensibo2-1024x576.png 1024w, https:\/\/yabune-home.hu\/wp-content\/uploads\/2017\/09\/sensibo2-300x169.png 300w, https:\/\/yabune-home.hu\/wp-content\/uploads\/2017\/09\/sensibo2-768x432.png 768w, https:\/\/yabune-home.hu\/wp-content\/uploads\/2017\/09\/sensibo2-600x337.png 600w, https:\/\/yabune-home.hu\/wp-content\/uploads\/2017\/09\/sensibo2.png 1170w\" sizes=\"(max-width: 1024px) 100vw, 1024px\" \/>\t\t\t\t\t\t\t\t\t\t\t\t\t\t\t<\/div>\n\t\t\t\t<\/div>\n\t\t\t\t<div class=\"elementor-element elementor-element-f1d402e elementor-widget elementor-widget-heading\" data-id=\"f1d402e\" data-element_type=\"widget\" data-e-type=\"widget\" data-widget_type=\"heading.default\">\n\t\t\t\t<div class=\"elementor-widget-container\">\n\t\t\t\t\t<h2 class=\"elementor-heading-title elementor-size-default\"><br>Sensibo Sky<\/h2>\t\t\t\t<\/div>\n\t\t\t\t<\/div>\n\t\t\t\t<div class=\"elementor-element elementor-element-168e9d72 elementor-widget elementor-widget-text-editor\" data-id=\"168e9d72\" data-element_type=\"widget\" data-e-type=\"widget\" data-widget_type=\"text-editor.default\">\n\t\t\t\t<div class=\"elementor-widget-container\">\n\t\t\t\t\t\t\t\t\t<p>Minden okosotthon elengedhetetlen eleme a l\u00e9gkondicion\u00e1l\u00f3. A <a href=\"https:\/\/sensibo.com\/\">Sensibo vez\u00e9rl\u0151vel<\/a> b\u00e1rmilyen m\u00e1rk\u00e1j\u00fa \u00e9s t\u00edpus\u00fa l\u00e9gkondicion\u00e1l\u00f3 felokos\u00edthat\u00f3. A Sensibo term\u00e9keinek rugalmass\u00e1ga \u00e9s megb\u00edzhat\u00f3s\u00e1ga kiemelked\u0151 versenyt\u00e1rsai k\u00f6z\u00f6tt. A legv\u00e1ltozatosabb, legegyedibb funkcionalit\u00e1sokat is t\u00e1mogatja. Feh\u00e9r \u00e9s sz\u00fcrke sz\u00ednekben is kaphat\u00f3, ezzel b\u00e1rmilyen diz\u00e1jn\u00fa lak\u00e1sban \u00e9szrev\u00e9tlen tud maradni. Be\u00e9p\u00edtett h\u0151- \u00e9s p\u00e1ratartalom \u00e9rz\u00e9kel\u0151 teszi m\u00e9g sokoldal\u00fabb\u00e1 a vez\u00e9rl\u00e9st. A Yabune Home Okosotthon k\u00f6zponti rendszer seg\u00edts\u00e9g\u00e9vel, az Apple HomeKit t\u00e1mogat\u00e1s is megoldhat\u00f3. Ezzel l\u00e9nyegesen olcs\u00f3bb alternat\u00edv\u00e1t teremt, mint a hasonl\u00f3 k\u00e9pess\u00e9g\u0171 de dr\u00e1g\u00e1bb, Apple \u00e1ltal t\u00e1mogatott eszk\u00f6z\u00f6k. Hab\u00e1r a Sensibo csomag tartalmaz egy kellemes telefonos applik\u00e1ci\u00f3t, k\u00f6zponti rendszer\u00fcnkkel az alap funkci\u00f3k mellett tov\u00e1bbi el\u0151ny\u00f6k is el\u00e9rhet\u0151ek:<\/p>\n<ul>\n<li>A Sensibo kl\u00edma mozg\u00e1s\u00e9rz\u00e9kel\u0151vel\/kamer\u00e1val \u00f6sszekapcsolhat\u00f3. Haszn\u00e1ld ki az integr\u00e1lt otthon automatiz\u00e1ci\u00f3ban rejl\u0151 lehet\u0151s\u00e9geket!<\/li>\n<li>Az integr\u00e1lt rendszer tov\u00e1bbi el\u0151nye, hogy a t\u00f6bbi eszk\u00f6zzel egy\u00fctt \u00e1ll\u00edthatod. T\u00e1voz\u00e1skor lekapcsolhatsz egyben mindent, nem kell mindegyikhez a k\u00fcl\u00f6n applik\u00e1ci\u00f3t haszn\u00e1lni. K\u00e9pzeld el, hogy saj\u00e1t ig\u00e9nyeidhez \u00e1ll\u00edtod az otthonod pontosan \u00fagy, ahogy neked a legjobb.<\/li>\n<li>H\u0151m\u00e9rs\u00e9klet- \u00e9s p\u00e1ratartalom \u00f6sszehangol\u00e1sa a t\u00f6bbi helyis\u00e9gben tal\u00e1lhat\u00f3 <a href=\"https:\/\/yabune-home.com\/portfolio\/okos-futes-hutes\/\" target=\"_blank\" rel=\"noopener noreferrer\">f\u0171t\u0151-h\u0171t\u0151 eszk\u00f6z\u00f6kkel<\/a>. Ezzel biztos\u00edthatod, hogy otthonodban mindig t\u00f6k\u00e9letes legyen a h\u0151m\u00e9rs\u00e9klet. Ha eddig probl\u00e9ma volt a pen\u00e9sz, akkor a p\u00e1ratartalmat cs\u00f6kkentve ezt k\u00f6nnyen megoldhatod. Ha viszont a lak\u00e1s sz\u00e1raz leveg\u0151je volt ink\u00e1bb a gond, azt is be\u00e1ll\u00edthatod a Sensibo \u00e9s a Yabune Home seg\u00edts\u00e9g\u00e9vel.<\/li>\n<li>Mivel teljesen a Te ig\u00e9nyeidhez tudjuk igaz\u00edtani az kl\u00edm\u00e1t, ez\u00e9rt a napi rutinodat is automatikusan k\u00f6vetheted. Ha nem vagy otthon eg\u00e9sz nap, akkor feleslegesen menne ny\u00e1ron a kl\u00edma, vagy kellemetlen\u00fcl forr\u00f3 lak\u00e1sba \u00e9rkezn\u00e9l haza. Azonban most m\u00e1r lehet\u0151s\u00e9ged van arra, hogy a haza\u00e9rkezd\u00e9sed el\u0151tt a kl\u00edma bekapcsoljon \u00e9s otthonod kellemes h\u0171v\u00f6ssel v\u00e1rjon.<\/li>\n<li>T\u00f6bb funkci\u00f3s kl\u00edm\u00e1kkal tov\u00e1bbi automatiz\u00e1ci\u00f3k \u00e9rhet\u0151ek el. Ha p\u00e9ld\u00e1ul l\u00e9gkondicion\u00e1l\u00f3d k\u00e9pes a f\u0171t\u00e9si funkci\u00f3ra, ezt kombin\u00e1lva m\u00e1s f\u0171t\u00e9si egys\u00e9gekkel -figyelembe v\u00e9ve a kinti h\u0151m\u00e9rs\u00e9kletet- tov\u00e1bb optimaliz\u00e1lhatjuk lak\u00e1sunk f\u0171t\u00e9s\u00e9t.<\/li>\n<\/ul>\n<p>A Sensibo kl\u00edm\u00e1t b\u00e1tran aj\u00e1nljuk minden otthon \u00e9s iroda tulajdonosnak, akinek a min\u0151s\u00e9g \u00e9s a megb\u00edzhat\u00f3s\u00e1g a fontos.<\/p>\n<h4><\/h4>\n<h4 style=\"text-align: center;\"><strong><br><\/strong><\/h4>\n<h4 style=\"text-align: center;\"><strong>\u00c9rdekel az okos f\u0171t\u00e9s-h\u0171t\u00e9s? Ha v\u00e1laszod IGEN, akkor keress minket, t\u00f6ltsd ki az \u0171rlapot \u00e9s k\u00e9rj visszah\u00edv\u00e1st!<\/strong><\/h4>\n<p><span style=\"color: var( --e-global-color-text );\"><p class=\"wpcf7-contact-form-not-found\"><strong>Error:<\/strong> Contact form not found.<\/p><\/span><br><\/p>\t\t\t\t\t\t\t\t<\/div>\n\t\t\t\t<\/div>\n\t\t\t\t\t<\/div>\n\t\t<\/div>\n\t\t\t\t\t<\/div>\n\t\t<\/section>\n\t\t\t\t<\/div>","protected":false},"excerpt":{"rendered":"<p>Sensibo Sky Minden okosotthon elengedhetetlen eleme a l\u00e9gkondicion\u00e1l\u00f3. A Sensibo vez\u00e9rl\u0151vel b\u00e1rmilyen m\u00e1rk\u00e1j\u00fa \u00e9s t\u00edpus\u00fa l\u00e9gkondicion\u00e1l\u00f3 felokos\u00edthat\u00f3. A Sensibo term\u00e9keinek rugalmass\u00e1ga \u00e9s megb\u00edzhat\u00f3s\u00e1ga kiemelked\u0151 versenyt\u00e1rsai k\u00f6z\u00f6tt. A legv\u00e1ltozatosabb, legegyedibb funkcionalit\u00e1sokat is t\u00e1mogatja. Feh\u00e9r \u00e9s sz\u00fcrke sz\u00ednekben is kaphat\u00f3, ezzel b\u00e1rmilyen diz\u00e1jn\u00fa lak\u00e1sban \u00e9szrev\u00e9tlen tud maradni. Be\u00e9p\u00edtett h\u0151- \u00e9s p\u00e1ratartalom \u00e9rz\u00e9kel\u0151 teszi m\u00e9g sokoldal\u00fabb\u00e1 a vez\u00e9rl\u00e9st. [&hellip;]<\/p>\n","protected":false},"author":1,"featured_media":4556,"parent":0,"menu_order":2,"comment_status":"closed","ping_status":"closed","template":"","meta":{"_monsterinsights_skip_tracking":false,"_monsterinsights_sitenote_active":false,"_monsterinsights_sitenote_note":"","_monsterinsights_sitenote_category":0,"_uf_show_specific_survey":0,"_uf_disable_surveys":false,"footnotes":""},"class_list":["post-1911","page","type-page","status-publish","has-post-thumbnail","hentry"],"yoast_head":"<!-- This site is optimized with the Yoast SEO Premium plugin v21.3 (Yoast SEO v27.3) - https:\/\/yoast.com\/product\/yoast-seo-premium-wordpress\/ -->\n<title>Sensibo Sky | Vez\u00e9reld egyszer\u0171en a Yabune Home k\u00f6zponti egys\u00e9g\u00e9vel<\/title>\n<meta name=\"description\" content=\"Okos l\u00e9gkond\u00edcion\u00e1l\u00e1s a Sensibo Sky kl\u00edm\u00e1val \u00e9s a Yabune Home k\u00f6zponti egys\u00e9ggel. B\u00e1rmilyen m\u00e1rk\u00e1j\u00fa \u00e9s t\u00edpus\u00fa l\u00e9gkond\u00edcion\u00e1l\u00f3hoz alkalmas megold\u00e1sok.\" \/>\n<meta name=\"robots\" content=\"index, follow, max-snippet:-1, max-image-preview:large, max-video-preview:-1\" \/>\n<link rel=\"canonical\" href=\"https:\/\/yabune-home.hu\/en\/sensibo-sky\/\" \/>\n<meta property=\"og:locale\" content=\"en_US\" \/>\n<meta property=\"og:type\" content=\"article\" \/>\n<meta property=\"og:title\" content=\"Sensibo Sky\" \/>\n<meta property=\"og:description\" content=\"Okos l\u00e9gkond\u00edcion\u00e1l\u00e1s a Sensibo Sky kl\u00edm\u00e1val \u00e9s a Yabune Home k\u00f6zponti egys\u00e9ggel. B\u00e1rmilyen m\u00e1rk\u00e1j\u00fa \u00e9s t\u00edpus\u00fa l\u00e9gkond\u00edcion\u00e1l\u00f3hoz alkalmas megold\u00e1sok.\" \/>\n<meta property=\"og:url\" content=\"https:\/\/yabune-home.hu\/en\/sensibo-sky\/\" \/>\n<meta property=\"og:site_name\" content=\"Yabune\" \/>\n<meta property=\"article:publisher\" content=\"https:\/\/www.facebook.com\/yabunehome\" \/>\n<meta property=\"article:modified_time\" content=\"2021-10-05T08:10:01+00:00\" \/>\n<meta property=\"og:image\" content=\"https:\/\/yabune-home.hu\/wp-content\/uploads\/2017\/09\/sensibo2.png\" \/>\n\t<meta property=\"og:image:width\" content=\"1170\" \/>\n\t<meta property=\"og:image:height\" content=\"658\" \/>\n\t<meta property=\"og:image:type\" content=\"image\/png\" \/>\n<meta name=\"twitter:label1\" content=\"Est. reading time\" \/>\n\t<meta name=\"twitter:data1\" content=\"3 minutes\" \/>\n<script type=\"application\/ld+json\" class=\"yoast-schema-graph\">{\"@context\":\"https:\\\/\\\/schema.org\",\"@graph\":[{\"@type\":\"WebPage\",\"@id\":\"https:\\\/\\\/yabune-home.hu\\\/sensibo-sky\\\/\",\"url\":\"https:\\\/\\\/yabune-home.hu\\\/sensibo-sky\\\/\",\"name\":\"Sensibo Sky | Vez\u00e9reld egyszer\u0171en a Yabune Home k\u00f6zponti egys\u00e9g\u00e9vel\",\"isPartOf\":{\"@id\":\"https:\\\/\\\/yabune-home.hu\\\/#website\"},\"primaryImageOfPage\":{\"@id\":\"https:\\\/\\\/yabune-home.hu\\\/sensibo-sky\\\/#primaryimage\"},\"image\":{\"@id\":\"https:\\\/\\\/yabune-home.hu\\\/sensibo-sky\\\/#primaryimage\"},\"thumbnailUrl\":\"https:\\\/\\\/yabune-home.hu\\\/wp-content\\\/uploads\\\/2017\\\/09\\\/sensibo2.png\",\"datePublished\":\"2019-08-10T03:45:04+00:00\",\"dateModified\":\"2021-10-05T08:10:01+00:00\",\"description\":\"Okos l\u00e9gkond\u00edcion\u00e1l\u00e1s a Sensibo Sky kl\u00edm\u00e1val \u00e9s a Yabune Home k\u00f6zponti egys\u00e9ggel. B\u00e1rmilyen m\u00e1rk\u00e1j\u00fa \u00e9s t\u00edpus\u00fa l\u00e9gkond\u00edcion\u00e1l\u00f3hoz alkalmas megold\u00e1sok.\",\"breadcrumb\":{\"@id\":\"https:\\\/\\\/yabune-home.hu\\\/sensibo-sky\\\/#breadcrumb\"},\"inLanguage\":\"en-US\",\"potentialAction\":[{\"@type\":\"ReadAction\",\"target\":[\"https:\\\/\\\/yabune-home.hu\\\/sensibo-sky\\\/\"]}]},{\"@type\":\"ImageObject\",\"inLanguage\":\"en-US\",\"@id\":\"https:\\\/\\\/yabune-home.hu\\\/sensibo-sky\\\/#primaryimage\",\"url\":\"https:\\\/\\\/yabune-home.hu\\\/wp-content\\\/uploads\\\/2017\\\/09\\\/sensibo2.png\",\"contentUrl\":\"https:\\\/\\\/yabune-home.hu\\\/wp-content\\\/uploads\\\/2017\\\/09\\\/sensibo2.png\",\"width\":1170,\"height\":658,\"caption\":\"Sensibo Okos Kl\u00edma vez\u00e9rl\u0151\"},{\"@type\":\"BreadcrumbList\",\"@id\":\"https:\\\/\\\/yabune-home.hu\\\/sensibo-sky\\\/#breadcrumb\",\"itemListElement\":[{\"@type\":\"ListItem\",\"position\":1,\"name\":\"Home\",\"item\":\"https:\\\/\\\/yabune-home.hu\\\/\"},{\"@type\":\"ListItem\",\"position\":2,\"name\":\"Sensibo Sky\"}]},{\"@type\":\"WebSite\",\"@id\":\"https:\\\/\\\/yabune-home.hu\\\/#website\",\"url\":\"https:\\\/\\\/yabune-home.hu\\\/\",\"name\":\"Yabune\",\"description\":\"Okos rendszerek\",\"publisher\":{\"@id\":\"https:\\\/\\\/yabune-home.hu\\\/#organization\"},\"potentialAction\":[{\"@type\":\"SearchAction\",\"target\":{\"@type\":\"EntryPoint\",\"urlTemplate\":\"https:\\\/\\\/yabune-home.hu\\\/?s={search_term_string}\"},\"query-input\":{\"@type\":\"PropertyValueSpecification\",\"valueRequired\":true,\"valueName\":\"search_term_string\"}}],\"inLanguage\":\"en-US\"},{\"@type\":\"Organization\",\"@id\":\"https:\\\/\\\/yabune-home.hu\\\/#organization\",\"name\":\"Yabune Home\",\"url\":\"https:\\\/\\\/yabune-home.hu\\\/\",\"logo\":{\"@type\":\"ImageObject\",\"inLanguage\":\"en-US\",\"@id\":\"https:\\\/\\\/yabune-home.hu\\\/#\\\/schema\\\/logo\\\/image\\\/\",\"url\":\"https:\\\/\\\/yabune-home.hu\\\/wp-content\\\/uploads\\\/2019\\\/09\\\/magaslogo_szines_128.png\",\"contentUrl\":\"https:\\\/\\\/yabune-home.hu\\\/wp-content\\\/uploads\\\/2019\\\/09\\\/magaslogo_szines_128.png\",\"width\":128,\"height\":72,\"caption\":\"Yabune Home\"},\"image\":{\"@id\":\"https:\\\/\\\/yabune-home.hu\\\/#\\\/schema\\\/logo\\\/image\\\/\"},\"sameAs\":[\"https:\\\/\\\/www.facebook.com\\\/yabunehome\",\"https:\\\/\\\/www.instagram.com\\\/yabune_home\\\/\"]}]}<\/script>\n<!-- \/ Yoast SEO Premium plugin. -->","yoast_head_json":{"title":"Sensibo Sky | Vez\u00e9reld egyszer\u0171en a Yabune Home k\u00f6zponti egys\u00e9g\u00e9vel","description":"Okos l\u00e9gkond\u00edcion\u00e1l\u00e1s a Sensibo Sky kl\u00edm\u00e1val \u00e9s a Yabune Home k\u00f6zponti egys\u00e9ggel. B\u00e1rmilyen m\u00e1rk\u00e1j\u00fa \u00e9s t\u00edpus\u00fa l\u00e9gkond\u00edcion\u00e1l\u00f3hoz alkalmas megold\u00e1sok.","robots":{"index":"index","follow":"follow","max-snippet":"max-snippet:-1","max-image-preview":"max-image-preview:large","max-video-preview":"max-video-preview:-1"},"canonical":"https:\/\/yabune-home.hu\/en\/sensibo-sky\/","og_locale":"en_US","og_type":"article","og_title":"Sensibo Sky","og_description":"Okos l\u00e9gkond\u00edcion\u00e1l\u00e1s a Sensibo Sky kl\u00edm\u00e1val \u00e9s a Yabune Home k\u00f6zponti egys\u00e9ggel. B\u00e1rmilyen m\u00e1rk\u00e1j\u00fa \u00e9s t\u00edpus\u00fa l\u00e9gkond\u00edcion\u00e1l\u00f3hoz alkalmas megold\u00e1sok.","og_url":"https:\/\/yabune-home.hu\/en\/sensibo-sky\/","og_site_name":"Yabune","article_publisher":"https:\/\/www.facebook.com\/yabunehome","article_modified_time":"2021-10-05T08:10:01+00:00","og_image":[{"width":1170,"height":658,"url":"https:\/\/yabune-home.hu\/wp-content\/uploads\/2017\/09\/sensibo2.png","type":"image\/png"}],"twitter_misc":{"Est. reading time":"3 minutes"},"schema":{"@context":"https:\/\/schema.org","@graph":[{"@type":"WebPage","@id":"https:\/\/yabune-home.hu\/sensibo-sky\/","url":"https:\/\/yabune-home.hu\/sensibo-sky\/","name":"Sensibo Sky | Vez\u00e9reld egyszer\u0171en a Yabune Home k\u00f6zponti egys\u00e9g\u00e9vel","isPartOf":{"@id":"https:\/\/yabune-home.hu\/#website"},"primaryImageOfPage":{"@id":"https:\/\/yabune-home.hu\/sensibo-sky\/#primaryimage"},"image":{"@id":"https:\/\/yabune-home.hu\/sensibo-sky\/#primaryimage"},"thumbnailUrl":"https:\/\/yabune-home.hu\/wp-content\/uploads\/2017\/09\/sensibo2.png","datePublished":"2019-08-10T03:45:04+00:00","dateModified":"2021-10-05T08:10:01+00:00","description":"Okos l\u00e9gkond\u00edcion\u00e1l\u00e1s a Sensibo Sky kl\u00edm\u00e1val \u00e9s a Yabune Home k\u00f6zponti egys\u00e9ggel. B\u00e1rmilyen m\u00e1rk\u00e1j\u00fa \u00e9s t\u00edpus\u00fa l\u00e9gkond\u00edcion\u00e1l\u00f3hoz alkalmas megold\u00e1sok.","breadcrumb":{"@id":"https:\/\/yabune-home.hu\/sensibo-sky\/#breadcrumb"},"inLanguage":"en-US","potentialAction":[{"@type":"ReadAction","target":["https:\/\/yabune-home.hu\/sensibo-sky\/"]}]},{"@type":"ImageObject","inLanguage":"en-US","@id":"https:\/\/yabune-home.hu\/sensibo-sky\/#primaryimage","url":"https:\/\/yabune-home.hu\/wp-content\/uploads\/2017\/09\/sensibo2.png","contentUrl":"https:\/\/yabune-home.hu\/wp-content\/uploads\/2017\/09\/sensibo2.png","width":1170,"height":658,"caption":"Sensibo Okos Kl\u00edma vez\u00e9rl\u0151"},{"@type":"BreadcrumbList","@id":"https:\/\/yabune-home.hu\/sensibo-sky\/#breadcrumb","itemListElement":[{"@type":"ListItem","position":1,"name":"Home","item":"https:\/\/yabune-home.hu\/"},{"@type":"ListItem","position":2,"name":"Sensibo Sky"}]},{"@type":"WebSite","@id":"https:\/\/yabune-home.hu\/#website","url":"https:\/\/yabune-home.hu\/","name":"Yabune","description":"Okos rendszerek","publisher":{"@id":"https:\/\/yabune-home.hu\/#organization"},"potentialAction":[{"@type":"SearchAction","target":{"@type":"EntryPoint","urlTemplate":"https:\/\/yabune-home.hu\/?s={search_term_string}"},"query-input":{"@type":"PropertyValueSpecification","valueRequired":true,"valueName":"search_term_string"}}],"inLanguage":"en-US"},{"@type":"Organization","@id":"https:\/\/yabune-home.hu\/#organization","name":"Yabune Home","url":"https:\/\/yabune-home.hu\/","logo":{"@type":"ImageObject","inLanguage":"en-US","@id":"https:\/\/yabune-home.hu\/#\/schema\/logo\/image\/","url":"https:\/\/yabune-home.hu\/wp-content\/uploads\/2019\/09\/magaslogo_szines_128.png","contentUrl":"https:\/\/yabune-home.hu\/wp-content\/uploads\/2019\/09\/magaslogo_szines_128.png","width":128,"height":72,"caption":"Yabune Home"},"image":{"@id":"https:\/\/yabune-home.hu\/#\/schema\/logo\/image\/"},"sameAs":["https:\/\/www.facebook.com\/yabunehome","https:\/\/www.instagram.com\/yabune_home\/"]}]}},"_links":{"self":[{"href":"https:\/\/yabune-home.hu\/en\/wp-json\/wp\/v2\/pages\/1911","targetHints":{"allow":["GET"]}}],"collection":[{"href":"https:\/\/yabune-home.hu\/en\/wp-json\/wp\/v2\/pages"}],"about":[{"href":"https:\/\/yabune-home.hu\/en\/wp-json\/wp\/v2\/types\/page"}],"author":[{"embeddable":true,"href":"https:\/\/yabune-home.hu\/en\/wp-json\/wp\/v2\/users\/1"}],"replies":[{"embeddable":true,"href":"https:\/\/yabune-home.hu\/en\/wp-json\/wp\/v2\/comments?post=1911"}],"version-history":[{"count":78,"href":"https:\/\/yabune-home.hu\/en\/wp-json\/wp\/v2\/pages\/1911\/revisions"}],"predecessor-version":[{"id":9818,"href":"https:\/\/yabune-home.hu\/en\/wp-json\/wp\/v2\/pages\/1911\/revisions\/9818"}],"wp:featuredmedia":[{"embeddable":true,"href":"https:\/\/yabune-home.hu\/en\/wp-json\/wp\/v2\/media\/4556"}],"wp:attachment":[{"href":"https:\/\/yabune-home.hu\/en\/wp-json\/wp\/v2\/media?parent=1911"}],"curies":[{"name":"wp","href":"https:\/\/api.w.org\/{rel}","templated":true}]}}