{"id":14102,"date":"2024-11-16T11:28:24","date_gmt":"2024-11-16T10:28:24","guid":{"rendered":"https:\/\/yabune-home.hu\/?page_id=14102"},"modified":"2024-11-16T13:10:46","modified_gmt":"2024-11-16T12:10:46","slug":"tomorrow","status":"publish","type":"page","link":"https:\/\/yabune-home.hu\/en\/tomorrow\/","title":{"rendered":"Today and Tomorrow"},"content":{"rendered":"<div data-elementor-type=\"wp-page\" data-elementor-id=\"14102\" class=\"elementor elementor-14102\" data-elementor-post-type=\"page\">\n\t\t\t\t\t\t<section class=\"elementor-section elementor-top-section elementor-element elementor-element-2ec2fa7 elementor-section-full_width elementor-section-stretched elementor-section-height-default elementor-section-height-default\" data-id=\"2ec2fa7\" data-element_type=\"section\" data-e-type=\"section\" data-settings=\"{&quot;background_background&quot;:&quot;classic&quot;,&quot;stretch_section&quot;:&quot;section-stretched&quot;}\">\n\t\t\t\t\t\t<div class=\"elementor-container elementor-column-gap-custom\">\n\t\t\t\t\t<div class=\"elementor-column elementor-col-33 elementor-top-column elementor-element elementor-element-ee6daae\" data-id=\"ee6daae\" data-element_type=\"column\" data-e-type=\"column\">\n\t\t\t<div class=\"elementor-widget-wrap elementor-element-populated\">\n\t\t\t\t\t\t<div class=\"elementor-element elementor-element-93729ae elementor-widget elementor-widget-heading\" data-id=\"93729ae\" data-element_type=\"widget\" data-e-type=\"widget\" data-widget_type=\"heading.default\">\n\t\t\t\t<div class=\"elementor-widget-container\">\n\t\t\t\t\t<h2 class=\"elementor-heading-title elementor-size-xxl\">J\u00d6V\u0150<\/h2>\t\t\t\t<\/div>\n\t\t\t\t<\/div>\n\t\t\t\t<div class=\"elementor-element elementor-element-a6be4bd elementor-widget elementor-widget-heading\" data-id=\"a6be4bd\" data-element_type=\"widget\" data-e-type=\"widget\" data-widget_type=\"heading.default\">\n\t\t\t\t<div class=\"elementor-widget-container\">\n\t\t\t\t\t<h2 class=\"elementor-heading-title elementor-size-xxl\">a jelenben<\/h2>\t\t\t\t<\/div>\n\t\t\t\t<\/div>\n\t\t\t\t\t<\/div>\n\t\t<\/div>\n\t\t\t\t<div class=\"elementor-column elementor-col-66 elementor-top-column elementor-element elementor-element-b77bd54\" data-id=\"b77bd54\" data-element_type=\"column\" data-e-type=\"column\">\n\t\t\t<div class=\"elementor-widget-wrap elementor-element-populated\">\n\t\t\t\t\t\t<div class=\"elementor-element elementor-element-f53e455 elementor-widget elementor-widget-image\" data-id=\"f53e455\" data-element_type=\"widget\" data-e-type=\"widget\" data-widget_type=\"image.default\">\n\t\t\t\t<div class=\"elementor-widget-container\">\n\t\t\t\t\t\t\t\t\t\t\t\t\t\t\t<img fetchpriority=\"high\" decoding=\"async\" width=\"300\" height=\"300\" src=\"https:\/\/yabune-home.hu\/wp-content\/uploads\/2024\/11\/Yabune_new_logo-300x300.jpg\" class=\"elementor-animation-bob attachment-medium size-medium wp-image-14112\" alt=\"\" srcset=\"https:\/\/yabune-home.hu\/wp-content\/uploads\/2024\/11\/Yabune_new_logo-300x300.jpg 300w, https:\/\/yabune-home.hu\/wp-content\/uploads\/2024\/11\/Yabune_new_logo-150x150.jpg 150w, https:\/\/yabune-home.hu\/wp-content\/uploads\/2024\/11\/Yabune_new_logo-12x12.jpg 12w, https:\/\/yabune-home.hu\/wp-content\/uploads\/2024\/11\/Yabune_new_logo.jpg 600w\" sizes=\"(max-width: 300px) 100vw, 300px\" \/>\t\t\t\t\t\t\t\t\t\t\t\t\t\t\t<\/div>\n\t\t\t\t<\/div>\n\t\t\t\t\t<\/div>\n\t\t<\/div>\n\t\t\t\t\t<\/div>\n\t\t<\/section>\n\t\t\t\t<section class=\"elementor-section elementor-top-section elementor-element elementor-element-a5efa12 elementor-section-full_width elementor-section-stretched elementor-section-height-default elementor-section-height-default\" data-id=\"a5efa12\" data-element_type=\"section\" data-e-type=\"section\" data-settings=\"{&quot;background_background&quot;:&quot;classic&quot;,&quot;stretch_section&quot;:&quot;section-stretched&quot;}\">\n\t\t\t\t\t\t<div class=\"elementor-container elementor-column-gap-custom\">\n\t\t\t\t\t<div class=\"elementor-column elementor-col-66 elementor-top-column elementor-element elementor-element-7dff0ec\" data-id=\"7dff0ec\" data-element_type=\"column\" data-e-type=\"column\">\n\t\t\t<div class=\"elementor-widget-wrap\">\n\t\t\t\t\t\t\t<\/div>\n\t\t<\/div>\n\t\t\t\t<div class=\"elementor-column elementor-col-33 elementor-top-column elementor-element elementor-element-bd1bdab\" data-id=\"bd1bdab\" data-element_type=\"column\" data-e-type=\"column\">\n\t\t\t<div class=\"elementor-widget-wrap elementor-element-populated\">\n\t\t\t\t\t\t<div class=\"elementor-element elementor-element-82db934 elementor-widget elementor-widget-heading\" data-id=\"82db934\" data-element_type=\"widget\" data-e-type=\"widget\" data-widget_type=\"heading.default\">\n\t\t\t\t<div class=\"elementor-widget-container\">\n\t\t\t\t\t<h2 class=\"elementor-heading-title elementor-size-xxl\">YABUNE-HOME<\/h2>\t\t\t\t<\/div>\n\t\t\t\t<\/div>\n\t\t\t\t<div class=\"elementor-element elementor-element-6302567 elementor-widget elementor-widget-heading\" data-id=\"6302567\" data-element_type=\"widget\" data-e-type=\"widget\" data-widget_type=\"heading.default\">\n\t\t\t\t<div class=\"elementor-widget-container\">\n\t\t\t\t\t<h2 class=\"elementor-heading-title elementor-size-xxl\">a j\u00f6v\u0151 otthona<\/h2>\t\t\t\t<\/div>\n\t\t\t\t<\/div>\n\t\t\t\t<div class=\"elementor-element elementor-element-9f760ef elementor-widget elementor-widget-heading\" data-id=\"9f760ef\" data-element_type=\"widget\" data-e-type=\"widget\" data-widget_type=\"heading.default\">\n\t\t\t\t<div class=\"elementor-widget-container\">\n\t\t\t\t\t<h2 class=\"elementor-heading-title elementor-size-xxl\">az otthonok j\u00f6v\u0151je<\/h2>\t\t\t\t<\/div>\n\t\t\t\t<\/div>\n\t\t\t\t\t<\/div>\n\t\t<\/div>\n\t\t\t\t\t<\/div>\n\t\t<\/section>\n\t\t\t\t<section class=\"elementor-section elementor-top-section elementor-element elementor-element-5a75d3e elementor-section-full_width elementor-section-stretched elementor-section-height-default elementor-section-height-default\" data-id=\"5a75d3e\" data-element_type=\"section\" data-e-type=\"section\" data-settings=\"{&quot;background_background&quot;:&quot;classic&quot;,&quot;stretch_section&quot;:&quot;section-stretched&quot;}\">\n\t\t\t\t\t\t<div class=\"elementor-container elementor-column-gap-custom\">\n\t\t\t\t\t<div class=\"elementor-column elementor-col-33 elementor-top-column elementor-element elementor-element-530af93\" data-id=\"530af93\" data-element_type=\"column\" data-e-type=\"column\">\n\t\t\t<div class=\"elementor-widget-wrap elementor-element-populated\">\n\t\t\t\t\t\t<div class=\"elementor-element elementor-element-88a8cba elementor-widget elementor-widget-heading\" data-id=\"88a8cba\" data-element_type=\"widget\" data-e-type=\"widget\" data-widget_type=\"heading.default\">\n\t\t\t\t<div class=\"elementor-widget-container\">\n\t\t\t\t\t<h2 class=\"elementor-heading-title elementor-size-xxl\">YABUNE-HOTEL<\/h2>\t\t\t\t<\/div>\n\t\t\t\t<\/div>\n\t\t\t\t<div class=\"elementor-element elementor-element-344609d elementor-widget elementor-widget-heading\" data-id=\"344609d\" data-element_type=\"widget\" data-e-type=\"widget\" data-widget_type=\"heading.default\">\n\t\t\t\t<div class=\"elementor-widget-container\">\n\t\t\t\t\t<h2 class=\"elementor-heading-title elementor-size-xxl\">hat\u00e9kony hasznos\u00edt\u00e1s<\/h2>\t\t\t\t<\/div>\n\t\t\t\t<\/div>\n\t\t\t\t<div class=\"elementor-element elementor-element-379f931 elementor-widget elementor-widget-heading\" data-id=\"379f931\" data-element_type=\"widget\" data-e-type=\"widget\" data-widget_type=\"heading.default\">\n\t\t\t\t<div class=\"elementor-widget-container\">\n\t\t\t\t\t<h2 class=\"elementor-heading-title elementor-size-xxl\">energia<br>hat\u00e9konys\u00e1g<\/h2>\t\t\t\t<\/div>\n\t\t\t\t<\/div>\n\t\t\t\t\t<\/div>\n\t\t<\/div>\n\t\t\t\t<div class=\"elementor-column elementor-col-66 elementor-top-column elementor-element elementor-element-c141556\" data-id=\"c141556\" data-element_type=\"column\" data-e-type=\"column\">\n\t\t\t<div class=\"elementor-widget-wrap\">\n\t\t\t\t\t\t\t<\/div>\n\t\t<\/div>\n\t\t\t\t\t<\/div>\n\t\t<\/section>\n\t\t\t\t<section class=\"elementor-section elementor-top-section elementor-element elementor-element-a9fad06 elementor-section-full_width elementor-section-stretched elementor-section-height-default elementor-section-height-default\" data-id=\"a9fad06\" data-element_type=\"section\" data-e-type=\"section\" data-settings=\"{&quot;background_background&quot;:&quot;classic&quot;,&quot;stretch_section&quot;:&quot;section-stretched&quot;}\">\n\t\t\t\t\t\t<div class=\"elementor-container elementor-column-gap-custom\">\n\t\t\t\t\t<div class=\"elementor-column elementor-col-66 elementor-top-column elementor-element elementor-element-550c290\" data-id=\"550c290\" data-element_type=\"column\" data-e-type=\"column\">\n\t\t\t<div class=\"elementor-widget-wrap\">\n\t\t\t\t\t\t\t<\/div>\n\t\t<\/div>\n\t\t\t\t<div class=\"elementor-column elementor-col-33 elementor-top-column elementor-element elementor-element-bafcabd\" data-id=\"bafcabd\" data-element_type=\"column\" data-e-type=\"column\">\n\t\t\t<div class=\"elementor-widget-wrap elementor-element-populated\">\n\t\t\t\t\t\t<div class=\"elementor-element elementor-element-ca301ce elementor-widget elementor-widget-heading\" data-id=\"ca301ce\" data-element_type=\"widget\" data-e-type=\"widget\" data-widget_type=\"heading.default\">\n\t\t\t\t<div class=\"elementor-widget-container\">\n\t\t\t\t\t<h2 class=\"elementor-heading-title elementor-size-xxl\">YABUNE-INDUSTRY<\/h2>\t\t\t\t<\/div>\n\t\t\t\t<\/div>\n\t\t\t\t<div class=\"elementor-element elementor-element-46f0946 elementor-widget elementor-widget-heading\" data-id=\"46f0946\" data-element_type=\"widget\" data-e-type=\"widget\" data-widget_type=\"heading.default\">\n\t\t\t\t<div class=\"elementor-widget-container\">\n\t\t\t\t\t<h2 class=\"elementor-heading-title elementor-size-xxl\">hat\u00e9kony programok<\/h2>\t\t\t\t<\/div>\n\t\t\t\t<\/div>\n\t\t\t\t<div class=\"elementor-element elementor-element-7b807be elementor-widget elementor-widget-heading\" data-id=\"7b807be\" data-element_type=\"widget\" data-e-type=\"widget\" data-widget_type=\"heading.default\">\n\t\t\t\t<div class=\"elementor-widget-container\">\n\t\t\t\t\t<h2 class=\"elementor-heading-title elementor-size-xxl\">programozott hat\u00e9konys\u00e1g<\/h2>\t\t\t\t<\/div>\n\t\t\t\t<\/div>\n\t\t\t\t\t<\/div>\n\t\t<\/div>\n\t\t\t\t\t<\/div>\n\t\t<\/section>\n\t\t\t\t<section class=\"elementor-section elementor-top-section elementor-element elementor-element-d501ee5 elementor-section-full_width elementor-section-stretched elementor-section-height-default elementor-section-height-default\" data-id=\"d501ee5\" data-element_type=\"section\" data-e-type=\"section\" data-settings=\"{&quot;background_background&quot;:&quot;classic&quot;,&quot;stretch_section&quot;:&quot;section-stretched&quot;}\">\n\t\t\t\t\t\t<div class=\"elementor-container elementor-column-gap-custom\">\n\t\t\t\t\t<div class=\"elementor-column elementor-col-33 elementor-top-column elementor-element elementor-element-21de65e\" data-id=\"21de65e\" data-element_type=\"column\" data-e-type=\"column\">\n\t\t\t<div class=\"elementor-widget-wrap elementor-element-populated\">\n\t\t\t\t\t\t<div class=\"elementor-element elementor-element-24c5f7a elementor-widget elementor-widget-heading\" data-id=\"24c5f7a\" data-element_type=\"widget\" data-e-type=\"widget\" data-widget_type=\"heading.default\">\n\t\t\t\t<div class=\"elementor-widget-container\">\n\t\t\t\t\t<h2 class=\"elementor-heading-title elementor-size-xxl\">K\u00d6SZ\u00d6NET<\/h2>\t\t\t\t<\/div>\n\t\t\t\t<\/div>\n\t\t\t\t<div class=\"elementor-element elementor-element-be74db7 elementor-widget elementor-widget-heading\" data-id=\"be74db7\" data-element_type=\"widget\" data-e-type=\"widget\" data-widget_type=\"heading.default\">\n\t\t\t\t<div class=\"elementor-widget-container\">\n\t\t\t\t\t<h2 class=\"elementor-heading-title elementor-size-xxl\">a figyelem\u00e9rt<\/h2>\t\t\t\t<\/div>\n\t\t\t\t<\/div>\n\t\t\t\t\t<\/div>\n\t\t<\/div>\n\t\t\t\t<div class=\"elementor-column elementor-col-66 elementor-top-column elementor-element elementor-element-24c5df7\" data-id=\"24c5df7\" data-element_type=\"column\" data-e-type=\"column\">\n\t\t\t<div class=\"elementor-widget-wrap elementor-element-populated\">\n\t\t\t\t\t\t<div class=\"elementor-element elementor-element-0518113 elementor-widget elementor-widget-image\" data-id=\"0518113\" data-element_type=\"widget\" data-e-type=\"widget\" data-widget_type=\"image.default\">\n\t\t\t\t<div class=\"elementor-widget-container\">\n\t\t\t\t\t\t\t\t\t\t\t\t\t\t\t<img fetchpriority=\"high\" decoding=\"async\" width=\"300\" height=\"300\" src=\"https:\/\/yabune-home.hu\/wp-content\/uploads\/2024\/11\/Yabune_new_logo-300x300.jpg\" class=\"elementor-animation-bob attachment-medium size-medium wp-image-14112\" alt=\"\" srcset=\"https:\/\/yabune-home.hu\/wp-content\/uploads\/2024\/11\/Yabune_new_logo-300x300.jpg 300w, https:\/\/yabune-home.hu\/wp-content\/uploads\/2024\/11\/Yabune_new_logo-150x150.jpg 150w, https:\/\/yabune-home.hu\/wp-content\/uploads\/2024\/11\/Yabune_new_logo-12x12.jpg 12w, https:\/\/yabune-home.hu\/wp-content\/uploads\/2024\/11\/Yabune_new_logo.jpg 600w\" sizes=\"(max-width: 300px) 100vw, 300px\" \/>\t\t\t\t\t\t\t\t\t\t\t\t\t\t\t<\/div>\n\t\t\t\t<\/div>\n\t\t\t\t\t<\/div>\n\t\t<\/div>\n\t\t\t\t\t<\/div>\n\t\t<\/section>\n\t\t\t\t<\/div>","protected":false},"excerpt":{"rendered":"<p>J\u00d6V\u0150 a jelenben YABUNE-HOME a j\u00f6v\u0151 otthona az otthonok j\u00f6v\u0151je YABUNE-HOTEL hat\u00e9kony hasznos\u00edt\u00e1s energia hat\u00e9konys\u00e1g YABUNE-INDUSTRY hat\u00e9kony programok programozott hat\u00e9konys\u00e1g K\u00d6SZ\u00d6NET a figyelem\u00e9rt<\/p>","protected":false},"author":16,"featured_media":0,"parent":0,"menu_order":0,"comment_status":"closed","ping_status":"closed","template":"","meta":{"_monsterinsights_skip_tracking":false,"_monsterinsights_sitenote_active":false,"_monsterinsights_sitenote_note":"","_monsterinsights_sitenote_category":0,"_uf_show_specific_survey":0,"_uf_disable_surveys":false,"footnotes":""},"class_list":["post-14102","page","type-page","status-publish","hentry"],"yoast_head":"<!-- This site is optimized with the Yoast SEO Premium plugin v21.3 (Yoast SEO v27.3) - https:\/\/yoast.com\/product\/yoast-seo-premium-wordpress\/ -->\n<title>Today and Tomorrow | Yabune<\/title>\n<meta name=\"description\" content=\"Yabune Solutions - J\u00f6v\u0151 a Jelenben\" \/>\n<meta name=\"robots\" content=\"index, follow, max-snippet:-1, max-image-preview:large, max-video-preview:-1\" \/>\n<link rel=\"canonical\" href=\"https:\/\/yabune-home.hu\/en\/tomorrow\/\" \/>\n<meta property=\"og:locale\" content=\"en_US\" \/>\n<meta property=\"og:type\" content=\"article\" \/>\n<meta property=\"og:title\" content=\"Today and Tomorrow\" \/>\n<meta property=\"og:description\" content=\"Yabune Solutions - J\u00f6v\u0151 a Jelenben\" \/>\n<meta property=\"og:url\" content=\"https:\/\/yabune-home.hu\/en\/tomorrow\/\" \/>\n<meta property=\"og:site_name\" content=\"Yabune\" \/>\n<meta property=\"article:publisher\" content=\"https:\/\/www.facebook.com\/yabunehome\" \/>\n<meta property=\"article:modified_time\" content=\"2024-11-16T12:10:46+00:00\" \/>\n<meta property=\"og:image\" content=\"https:\/\/yabune-home.hu\/wp-content\/uploads\/2024\/11\/Yabune_new_logo-300x300.jpg\" \/>\n<meta name=\"twitter:label1\" content=\"Est. reading time\" \/>\n\t<meta name=\"twitter:data1\" content=\"1 minute\" \/>\n<script type=\"application\/ld+json\" class=\"yoast-schema-graph\">{\"@context\":\"https:\\\/\\\/schema.org\",\"@graph\":[{\"@type\":\"WebPage\",\"@id\":\"https:\\\/\\\/yabune-home.hu\\\/tomorrow\\\/\",\"url\":\"https:\\\/\\\/yabune-home.hu\\\/tomorrow\\\/\",\"name\":\"Today and Tomorrow | Yabune\",\"isPartOf\":{\"@id\":\"https:\\\/\\\/yabune-home.hu\\\/#website\"},\"primaryImageOfPage\":{\"@id\":\"https:\\\/\\\/yabune-home.hu\\\/tomorrow\\\/#primaryimage\"},\"image\":{\"@id\":\"https:\\\/\\\/yabune-home.hu\\\/tomorrow\\\/#primaryimage\"},\"thumbnailUrl\":\"https:\\\/\\\/yabune-home.hu\\\/wp-content\\\/uploads\\\/2024\\\/11\\\/Yabune_new_logo-300x300.jpg\",\"datePublished\":\"2024-11-16T10:28:24+00:00\",\"dateModified\":\"2024-11-16T12:10:46+00:00\",\"description\":\"Yabune Solutions - J\u00f6v\u0151 a Jelenben\",\"breadcrumb\":{\"@id\":\"https:\\\/\\\/yabune-home.hu\\\/tomorrow\\\/#breadcrumb\"},\"inLanguage\":\"en-US\",\"potentialAction\":[{\"@type\":\"ReadAction\",\"target\":[\"https:\\\/\\\/yabune-home.hu\\\/tomorrow\\\/\"]}]},{\"@type\":\"ImageObject\",\"inLanguage\":\"en-US\",\"@id\":\"https:\\\/\\\/yabune-home.hu\\\/tomorrow\\\/#primaryimage\",\"url\":\"https:\\\/\\\/yabune-home.hu\\\/wp-content\\\/uploads\\\/2024\\\/11\\\/Yabune_new_logo-300x300.jpg\",\"contentUrl\":\"https:\\\/\\\/yabune-home.hu\\\/wp-content\\\/uploads\\\/2024\\\/11\\\/Yabune_new_logo-300x300.jpg\"},{\"@type\":\"BreadcrumbList\",\"@id\":\"https:\\\/\\\/yabune-home.hu\\\/tomorrow\\\/#breadcrumb\",\"itemListElement\":[{\"@type\":\"ListItem\",\"position\":1,\"name\":\"Home\",\"item\":\"https:\\\/\\\/yabune-home.hu\\\/\"},{\"@type\":\"ListItem\",\"position\":2,\"name\":\"Today and Tomorrow\"}]},{\"@type\":\"WebSite\",\"@id\":\"https:\\\/\\\/yabune-home.hu\\\/#website\",\"url\":\"https:\\\/\\\/yabune-home.hu\\\/\",\"name\":\"Yabune\",\"description\":\"Okos rendszerek\",\"publisher\":{\"@id\":\"https:\\\/\\\/yabune-home.hu\\\/#organization\"},\"potentialAction\":[{\"@type\":\"SearchAction\",\"target\":{\"@type\":\"EntryPoint\",\"urlTemplate\":\"https:\\\/\\\/yabune-home.hu\\\/?s={search_term_string}\"},\"query-input\":{\"@type\":\"PropertyValueSpecification\",\"valueRequired\":true,\"valueName\":\"search_term_string\"}}],\"inLanguage\":\"en-US\"},{\"@type\":\"Organization\",\"@id\":\"https:\\\/\\\/yabune-home.hu\\\/#organization\",\"name\":\"Yabune Home\",\"url\":\"https:\\\/\\\/yabune-home.hu\\\/\",\"logo\":{\"@type\":\"ImageObject\",\"inLanguage\":\"en-US\",\"@id\":\"https:\\\/\\\/yabune-home.hu\\\/#\\\/schema\\\/logo\\\/image\\\/\",\"url\":\"https:\\\/\\\/yabune-home.hu\\\/wp-content\\\/uploads\\\/2019\\\/09\\\/magaslogo_szines_128.png\",\"contentUrl\":\"https:\\\/\\\/yabune-home.hu\\\/wp-content\\\/uploads\\\/2019\\\/09\\\/magaslogo_szines_128.png\",\"width\":128,\"height\":72,\"caption\":\"Yabune Home\"},\"image\":{\"@id\":\"https:\\\/\\\/yabune-home.hu\\\/#\\\/schema\\\/logo\\\/image\\\/\"},\"sameAs\":[\"https:\\\/\\\/www.facebook.com\\\/yabunehome\",\"https:\\\/\\\/www.instagram.com\\\/yabune_home\\\/\"]}]}<\/script>\n<!-- \/ Yoast SEO Premium plugin. -->","yoast_head_json":{"title":"Today and Tomorrow | Yabune","description":"Yabune Solutions - J\u00f6v\u0151 a Jelenben","robots":{"index":"index","follow":"follow","max-snippet":"max-snippet:-1","max-image-preview":"max-image-preview:large","max-video-preview":"max-video-preview:-1"},"canonical":"https:\/\/yabune-home.hu\/en\/tomorrow\/","og_locale":"en_US","og_type":"article","og_title":"Today and Tomorrow","og_description":"Yabune Solutions - J\u00f6v\u0151 a Jelenben","og_url":"https:\/\/yabune-home.hu\/en\/tomorrow\/","og_site_name":"Yabune","article_publisher":"https:\/\/www.facebook.com\/yabunehome","article_modified_time":"2024-11-16T12:10:46+00:00","og_image":[{"url":"https:\/\/yabune-home.hu\/wp-content\/uploads\/2024\/11\/Yabune_new_logo-300x300.jpg","type":"","width":"","height":""}],"twitter_misc":{"Est. reading time":"1 minute"},"schema":{"@context":"https:\/\/schema.org","@graph":[{"@type":"WebPage","@id":"https:\/\/yabune-home.hu\/tomorrow\/","url":"https:\/\/yabune-home.hu\/tomorrow\/","name":"Today and Tomorrow | Yabune","isPartOf":{"@id":"https:\/\/yabune-home.hu\/#website"},"primaryImageOfPage":{"@id":"https:\/\/yabune-home.hu\/tomorrow\/#primaryimage"},"image":{"@id":"https:\/\/yabune-home.hu\/tomorrow\/#primaryimage"},"thumbnailUrl":"https:\/\/yabune-home.hu\/wp-content\/uploads\/2024\/11\/Yabune_new_logo-300x300.jpg","datePublished":"2024-11-16T10:28:24+00:00","dateModified":"2024-11-16T12:10:46+00:00","description":"Yabune Solutions - J\u00f6v\u0151 a Jelenben","breadcrumb":{"@id":"https:\/\/yabune-home.hu\/tomorrow\/#breadcrumb"},"inLanguage":"en-US","potentialAction":[{"@type":"ReadAction","target":["https:\/\/yabune-home.hu\/tomorrow\/"]}]},{"@type":"ImageObject","inLanguage":"en-US","@id":"https:\/\/yabune-home.hu\/tomorrow\/#primaryimage","url":"https:\/\/yabune-home.hu\/wp-content\/uploads\/2024\/11\/Yabune_new_logo-300x300.jpg","contentUrl":"https:\/\/yabune-home.hu\/wp-content\/uploads\/2024\/11\/Yabune_new_logo-300x300.jpg"},{"@type":"BreadcrumbList","@id":"https:\/\/yabune-home.hu\/tomorrow\/#breadcrumb","itemListElement":[{"@type":"ListItem","position":1,"name":"Home","item":"https:\/\/yabune-home.hu\/"},{"@type":"ListItem","position":2,"name":"Today and Tomorrow"}]},{"@type":"WebSite","@id":"https:\/\/yabune-home.hu\/#website","url":"https:\/\/yabune-home.hu\/","name":"Yabune","description":"Okos rendszerek","publisher":{"@id":"https:\/\/yabune-home.hu\/#organization"},"potentialAction":[{"@type":"SearchAction","target":{"@type":"EntryPoint","urlTemplate":"https:\/\/yabune-home.hu\/?s={search_term_string}"},"query-input":{"@type":"PropertyValueSpecification","valueRequired":true,"valueName":"search_term_string"}}],"inLanguage":"en-US"},{"@type":"Organization","@id":"https:\/\/yabune-home.hu\/#organization","name":"Yabune Home","url":"https:\/\/yabune-home.hu\/","logo":{"@type":"ImageObject","inLanguage":"en-US","@id":"https:\/\/yabune-home.hu\/#\/schema\/logo\/image\/","url":"https:\/\/yabune-home.hu\/wp-content\/uploads\/2019\/09\/magaslogo_szines_128.png","contentUrl":"https:\/\/yabune-home.hu\/wp-content\/uploads\/2019\/09\/magaslogo_szines_128.png","width":128,"height":72,"caption":"Yabune Home"},"image":{"@id":"https:\/\/yabune-home.hu\/#\/schema\/logo\/image\/"},"sameAs":["https:\/\/www.facebook.com\/yabunehome","https:\/\/www.instagram.com\/yabune_home\/"]}]}},"_links":{"self":[{"href":"https:\/\/yabune-home.hu\/en\/wp-json\/wp\/v2\/pages\/14102","targetHints":{"allow":["GET"]}}],"collection":[{"href":"https:\/\/yabune-home.hu\/en\/wp-json\/wp\/v2\/pages"}],"about":[{"href":"https:\/\/yabune-home.hu\/en\/wp-json\/wp\/v2\/types\/page"}],"author":[{"embeddable":true,"href":"https:\/\/yabune-home.hu\/en\/wp-json\/wp\/v2\/users\/16"}],"replies":[{"embeddable":true,"href":"https:\/\/yabune-home.hu\/en\/wp-json\/wp\/v2\/comments?post=14102"}],"version-history":[{"count":66,"href":"https:\/\/yabune-home.hu\/en\/wp-json\/wp\/v2\/pages\/14102\/revisions"}],"predecessor-version":[{"id":14174,"href":"https:\/\/yabune-home.hu\/en\/wp-json\/wp\/v2\/pages\/14102\/revisions\/14174"}],"wp:attachment":[{"href":"https:\/\/yabune-home.hu\/en\/wp-json\/wp\/v2\/media?parent=14102"}],"curies":[{"name":"wp","href":"https:\/\/api.w.org\/{rel}","templated":true}]}}